{"id":6781,"date":"2026-03-05T22:04:18","date_gmt":"2026-03-06T01:04:18","guid":{"rendered":"https:\/\/ies9027-infd.mendoza.edu.ar\/sitio\/?page_id=6781"},"modified":"2026-03-05T22:26:12","modified_gmt":"2026-03-06T01:26:12","slug":"tabla-de-homologacion-pi","status":"publish","type":"page","link":"https:\/\/ies9027-infd.mendoza.edu.ar\/sitio\/tabla-de-homologacion-pi\/","title":{"rendered":"Tabla de homologaci\u00f3n PI"},"content":{"rendered":"\n<figure class=\"wp-block-table is-style-regular\"><table><tbody><tr><td>&nbsp;<\/td><td><strong>Res. N\u00ba 6868\/23<\/strong><\/td><td><strong>Res. N\u00ba 0575-DGE-2010<\/strong><\/td><\/tr><tr><td>&nbsp;<\/td><td><strong>Para otorgar equivalencia de:<\/strong><\/td><td><strong>Debe tener acreditado:<\/strong><\/td><\/tr><tr><td rowspan=\"10\"><strong>&nbsp;<\/strong> <strong>&nbsp;<\/strong> <strong>&nbsp;<\/strong> <strong>&nbsp;<\/strong> <strong>&nbsp;<\/strong> <strong>&nbsp;<\/strong> <strong>&nbsp;<\/strong> <strong>&nbsp;<\/strong> 1\u00b0<\/td><td>Pensamiento filos\u00f3fico<\/td><td>Filosof\u00eda<\/td><\/tr><tr><td>Sistema Educativo<\/td><td>Historia y Pol\u00edtica de la Educaci\u00f3n Argentina<\/td><\/tr><tr><td>Pedagog\u00eda<\/td><td>Pedagog\u00eda<\/td><\/tr><tr><td>Comprensi\u00f3n y producci\u00f3n de textos acad\u00e9micos<\/td><td>PLEO Espa\u00f1ol- TIC<\/td><\/tr><tr><td>Lengua Inglesa I<\/td><td>Idioma Ingl\u00e9s I<\/td><\/tr><tr><td>Gram\u00e1tica Inglesa I<\/td><td>Gram\u00e1tica Inglesa I<\/td><\/tr><tr><td>Fon\u00e9tica y Fonolog\u00eda Inglesa I<\/td><td>Fon\u00e9tica y Fonolog\u00eda Inglesa I<\/td><\/tr><tr><td>Pr\u00e1cticas de Lengua Inglesa<\/td><td>PLEO Lengua Inglesa Idioma Ingl\u00e9s I<\/td><\/tr><tr><td>Pr\u00e1cticas de Gram\u00e1tica Inglesa<\/td><td>Gram\u00e1tica Inglesa I<\/td><\/tr><tr><td>PPD I<\/td><td>PPD I<\/td><\/tr><tr><td rowspan=\"11\"><strong>&nbsp;<\/strong> <strong>&nbsp;<\/strong> <strong>&nbsp;<\/strong> <strong>&nbsp;<\/strong> <strong>&nbsp;<\/strong> <strong>&nbsp;<\/strong> <strong>&nbsp;<\/strong> <strong>&nbsp;<\/strong> 2\u00b0<\/td><td>Did\u00e1ctica<\/td><td>Did\u00e1ctica General<\/td><\/tr><tr><td>Instituciones educativas<\/td><td>Instituciones educativas<\/td><\/tr><tr><td>Psicolog\u00eda educacional<\/td><td>Psicolog\u00eda educacional<\/td><\/tr><tr><td>Sujeto de la Educaci\u00f3n I<\/td><td>Sujeto de la Educaci\u00f3n I<\/td><\/tr><tr><td>Sujeto de la Educaci\u00f3n II<\/td><td>Sujeto de la Educaci\u00f3n II<\/td><\/tr><tr><td>Lengua Inglesa II<\/td><td>Idioma Ingl\u00e9s II<\/td><\/tr><tr><td>Gram\u00e1tica Inglesa II<\/td><td>Gram\u00e1tica Inglesa II<\/td><\/tr><tr><td>Fon\u00e9tica y Fonolog\u00eda Inglesa II<\/td><td>Fon\u00e9tica y Fonolog\u00eda Inglesa II<\/td><\/tr><tr><td>Pr\u00e1cticas de Fon\u00e9tica y Fonolog\u00eda Inglesa<\/td><td>Sin equivalencia<\/td><\/tr><tr><td>Did\u00e1ctica del Ingl\u00e9s I<\/td><td>Did\u00e1ctica especial I<\/td><\/tr><tr><td>PPD II<\/td><td>PPD II<\/td><\/tr><tr><td rowspan=\"4\"><strong>&nbsp;<\/strong> <strong>&nbsp;<\/strong> <strong>&nbsp;<\/strong> <strong>&nbsp;<\/strong> 3\u00b0<\/td><td>Gesti\u00f3n y evaluaci\u00f3n de los aprendizajes<\/td><td>Sin equivalencia<\/td><\/tr><tr><td>Proyectos de intervenci\u00f3n Socioeducativa<\/td><td>Sin equivalencia<\/td><\/tr><tr><td>Educaci\u00f3n en la diversidad<\/td><td>Sin equivalencia<\/td><\/tr><tr><td><strong>&nbsp;<\/strong> Lengua Inglesa III<\/td><td>Idioma Ingl\u00e9s III Geograf\u00eda y Cultura Inglesa I Geograf\u00eda y Cultura Inglesa II<\/td><\/tr><\/tbody><\/table><\/figure>\n\n\n\n<figure class=\"wp-block-table is-style-regular\"><table><tbody><tr><td rowspan=\"6\">&nbsp;<\/td><td>Gram\u00e1tica Inglesa III<\/td><td>Gram\u00e1tica Inglesa III<\/td><\/tr><tr><td>Fon\u00e9tica y Fonolog\u00eda Inglesa III<\/td><td>Fon\u00e9tica y Fonolog\u00eda Inglesa III<\/td><\/tr><tr><td>Did\u00e1ctica del Ingl\u00e9s II<\/td><td>Did\u00e1ctica Especial II<\/td><\/tr><tr><td>Cultura y Literatura Brit\u00e1nica I<\/td><td>Historia Y Literatura Inglesa I<\/td><\/tr><tr><td>Cultura y Literatura Brit\u00e1nica II<\/td><td>Historia Y Literatura Inglesa II<\/td><\/tr><tr><td>PPD III<\/td><td>PPD III<\/td><\/tr><tr><td rowspan=\"9\"><strong>&nbsp;<\/strong> <strong>&nbsp;<\/strong> <strong>&nbsp;<\/strong> <strong>&nbsp;<\/strong> <strong>&nbsp;<\/strong> <strong>&nbsp;<\/strong> 4\u00b0<\/td><td>ESI<\/td><td>Sin equivalencia<\/td><\/tr><tr><td>Educaci\u00f3n y tecnolog\u00edas digitales<\/td><td>Sin equivalencia<\/td><\/tr><tr><td>Historia y patrimonio cultural de Mendoza<\/td><td>Sin equivalencia<\/td><\/tr><tr><td>Formaci\u00f3n Complementaria Gral.<\/td><td>UDI CFG<\/td><\/tr><tr><td>Lengua Inglesa IV<\/td><td>Idioma Ingl\u00e9s IV<\/td><\/tr><tr><td>Fon\u00e9tica y Fonolog\u00eda Inglesa IV<\/td><td>Fon\u00e9tica y Fonolog\u00eda Inglesa IV<\/td><\/tr><tr><td>Cultura y Literatura Norteamericana<\/td><td>Historia y Literatura Estadounidense<\/td><\/tr><tr><td>Formaci\u00f3n Complementaria espec\u00edfica<\/td><td>UDI CFE<\/td><\/tr><tr><td>PPD IV<\/td><td>PPD IV<\/td><\/tr><\/tbody><\/table><\/figure>\n","protected":false},"excerpt":{"rendered":"<p>&nbsp; Res. N\u00ba 6868\/23 Res. N\u00ba 0575-DGE-2010 &nbsp; Para otorgar equivalencia de: Debe tener acreditado: &nbsp; &nbsp; &nbsp; &nbsp; &nbsp; &nbsp; &nbsp; &nbsp; 1\u00b0 Pensamiento filos\u00f3fico Filosof\u00eda Sistema Educativo Historia y Pol\u00edtica de la Educaci\u00f3n Argentina Pedagog\u00eda Pedagog\u00eda Comprensi\u00f3n y producci\u00f3n de textos acad\u00e9micos PLEO Espa\u00f1ol- TIC Lengua Inglesa I Idioma Ingl\u00e9s I Gram\u00e1tica Inglesa &#8230; <a title=\"Tabla de homologaci\u00f3n PI\" class=\"read-more\" href=\"https:\/\/ies9027-infd.mendoza.edu.ar\/sitio\/tabla-de-homologacion-pi\/\" aria-label=\"More on Tabla de homologaci\u00f3n PI\">[+]<\/a><\/p>\n","protected":false},"author":58,"featured_media":0,"parent":0,"menu_order":0,"comment_status":"closed","ping_status":"closed","template":"","meta":[],"acf":[],"_links":{"self":[{"href":"https:\/\/ies9027-infd.mendoza.edu.ar\/sitio\/wp-json\/wp\/v2\/pages\/6781"}],"collection":[{"href":"https:\/\/ies9027-infd.mendoza.edu.ar\/sitio\/wp-json\/wp\/v2\/pages"}],"about":[{"href":"https:\/\/ies9027-infd.mendoza.edu.ar\/sitio\/wp-json\/wp\/v2\/types\/page"}],"author":[{"embeddable":true,"href":"https:\/\/ies9027-infd.mendoza.edu.ar\/sitio\/wp-json\/wp\/v2\/users\/58"}],"replies":[{"embeddable":true,"href":"https:\/\/ies9027-infd.mendoza.edu.ar\/sitio\/wp-json\/wp\/v2\/comments?post=6781"}],"version-history":[{"count":2,"href":"https:\/\/ies9027-infd.mendoza.edu.ar\/sitio\/wp-json\/wp\/v2\/pages\/6781\/revisions"}],"predecessor-version":[{"id":6789,"href":"https:\/\/ies9027-infd.mendoza.edu.ar\/sitio\/wp-json\/wp\/v2\/pages\/6781\/revisions\/6789"}],"wp:attachment":[{"href":"https:\/\/ies9027-infd.mendoza.edu.ar\/sitio\/wp-json\/wp\/v2\/media?parent=6781"}],"curies":[{"name":"wp","href":"https:\/\/api.w.org\/{rel}","templated":true}]}}