{"id":6779,"date":"2026-03-05T22:03:56","date_gmt":"2026-03-06T01:03:56","guid":{"rendered":"https:\/\/ies9027-infd.mendoza.edu.ar\/sitio\/?page_id=6779"},"modified":"2026-03-06T20:56:09","modified_gmt":"2026-03-06T23:56:09","slug":"tabla-de-homologacion-pep","status":"publish","type":"page","link":"https:\/\/ies9027-infd.mendoza.edu.ar\/sitio\/tabla-de-homologacion-pep\/","title":{"rendered":"Tabla de homologaci\u00f3n PEP"},"content":{"rendered":"\n<figure class=\"wp-block-table is-style-regular\"><table><tbody><tr><td>&nbsp;<\/td><td><strong>Res. N\u00ba 7665 de 2023<\/strong><\/td><td><strong>Res. N\u00ba 1191 DGE 2014<\/strong><\/td><\/tr><tr><td>&nbsp;<\/td><td>Para otorgar equivalencia de:<\/td><td>Debe tener acreditado:<\/td><\/tr><tr><td rowspan=\"8\">1\u00b0<\/td><td>Pensamiento filos\u00f3fico<\/td><td>Filosof\u00eda<\/td><\/tr><tr><td>Producci\u00f3n de textos acad\u00e9micos<\/td><td>PLEO- TIC<\/td><\/tr><tr><td>Sistema Educativo<\/td><td>Historia y Pol\u00edtica de la Educaci\u00f3n Argentina<\/td><\/tr><tr><td>Pedagog\u00eda<\/td><td>Pedagog\u00eda<\/td><\/tr><tr><td>Numeraci\u00f3n<\/td><td>Matem\u00e1tica (1\u00b0 a\u00f1o)- Did\u00e1ctica de la matem\u00e1tica I (2 esp.)<\/td><\/tr><tr><td>Lengua y literatura infantil y juvenil<\/td><td>Lengua- Literatura para ni\u00f1os y j\u00f3venes (2 esp.)<\/td><\/tr><tr><td>Educaci\u00f3n art\u00edstica<\/td><td>Expresi\u00f3n Art\u00edstica<\/td><\/tr><tr><td>PPD I<\/td><td>PPD I<\/td><\/tr><tr><td rowspan=\"11\">2\u00b0<\/td><td>Did\u00e1ctica<\/td><td>Did\u00e1ctica General<\/td><\/tr><tr><td>Psicolog\u00eda educacional<\/td><td>Psicolog\u00eda educacional<\/td><\/tr><tr><td>Instituciones educativas<\/td><td>Instituciones educativas<\/td><\/tr><tr><td>Sujeto de la Educaci\u00f3n<\/td><td>Sujetos de la Educaci\u00f3n Primaria<\/td><\/tr><tr><td>N\u00fameros racionales y su did\u00e1ctica<\/td><td>Sin equivalencia<\/td><\/tr><tr><td>Ciencias sociales y su did\u00e1ctica I<\/td><td>Ciencias Sociales su Did\u00e1ctica I y II (2 esp.)<\/td><\/tr><tr><td>Ciencias naturales y su did\u00e1ctica I<\/td><td>Ciencias Naturales y su Did\u00e1ctica I<\/td><\/tr><tr><td>Lengua y su did\u00e1ctica<\/td><td>Did\u00e1ctica de la Lengua I<\/td><\/tr><tr><td>Literatura infantil y juvenil y su did\u00e1ctica.<\/td><td>Did\u00e1ctica de la Literatura<\/td><\/tr><tr><td>Espacio, Geometr\u00eda y su did\u00e1ctica<\/td><td>Sin equivalencia<\/td><\/tr><tr><td>PPD II<\/td><td>PPD II<\/td><\/tr><tr><td rowspan=\"8\">3\u00b0<\/td><td>Gesti\u00f3n y Evaluaci\u00f3n de los Aprendizajes<\/td><td>Sin equivalencia<\/td><\/tr><tr><td>Proyectos de Intervenci\u00f3n Estrat\u00e9gica<\/td><td>Sociolog\u00eda de la educaci\u00f3n<\/td><\/tr><tr><td>Educaci\u00f3n en la diversidad<\/td><td>&nbsp;<\/td><\/tr><tr><td>Educaci\u00f3n Tecnol\u00f3gica<\/td><td>Sin equivalencia<\/td><\/tr><tr><td>Medida y su did\u00e1ctica<\/td><td>Sin equivalencia<\/td><\/tr><tr><td>Cs Sociales y su did\u00e1ctica II<\/td><td>Sin equivalencia<\/td><\/tr><tr><td>Cs Naturales y su did\u00e1ctica II<\/td><td>Cs Naturales y su Did\u00e1ctica II<\/td><\/tr><tr><td>Alfabetizaci\u00f3n<\/td><td>Alfabetizaci\u00f3n inicial<\/td><\/tr><\/tbody><\/table><\/figure>\n\n\n\n<figure class=\"wp-block-table is-style-regular\"><table><tbody><tr><td rowspan=\"3\">&nbsp;<\/td><td>Formaci\u00f3n \u00c9tica y Ciudadana y su did\u00e1ctica<\/td><td>Formaci\u00f3n \u00c9tica y Ciudadana<\/td><\/tr><tr><td>\u00c1lgebra, Funciones y su did\u00e1ctica<\/td><td>Sin equivalencia<\/td><\/tr><tr><td>PPD III<\/td><td>PPD III<\/td><\/tr><tr><td rowspan=\"10\">4\u00b0<\/td><td>Educaci\u00f3n Sexual Integral<\/td><td>Sin equivalencias<\/td><\/tr><tr><td>Educaci\u00f3n y tecnolog\u00edas digitales<\/td><td>Sin equivalencias<\/td><\/tr><tr><td>Historia y patrimonio cultural de Mendoza<\/td><td>Sin equivalencias<\/td><\/tr><tr><td>FCG (formaci\u00f3n complementaria general)<\/td><td>(UDI)<\/td><\/tr><tr><td>Did\u00e1ctica de la Lengua y de la Literatura infantil y juvenil<\/td><td>Sin equivalencias.<\/td><\/tr><tr><td>Did\u00e1ctica de la Matem\u00e1tica<\/td><td>Sin equivalencias.<\/td><\/tr><tr><td>Did\u00e1ctica de las Ciencias Sociales<\/td><td>Sin equivalencias.<\/td><\/tr><tr><td>Did\u00e1ctica de las Ciencias Naturales<\/td><td>Sin equivalencias.<\/td><\/tr><tr><td>Formaci\u00f3n complementaria II<\/td><td>(UDI)<\/td><\/tr><tr><td>PPD IV<\/td><td>PPD IV<\/td><\/tr><\/tbody><\/table><\/figure>\n","protected":false},"excerpt":{"rendered":"<p>&nbsp; Res. N\u00ba 7665 de 2023 Res. N\u00ba 1191 DGE 2014 &nbsp; Para otorgar equivalencia de: Debe tener acreditado: 1\u00b0 Pensamiento filos\u00f3fico Filosof\u00eda Producci\u00f3n de textos acad\u00e9micos PLEO- TIC Sistema Educativo Historia y Pol\u00edtica de la Educaci\u00f3n Argentina Pedagog\u00eda Pedagog\u00eda Numeraci\u00f3n Matem\u00e1tica (1\u00b0 a\u00f1o)- Did\u00e1ctica de la matem\u00e1tica I (2 esp.) Lengua y literatura infantil &#8230; <a title=\"Tabla de homologaci\u00f3n PEP\" class=\"read-more\" href=\"https:\/\/ies9027-infd.mendoza.edu.ar\/sitio\/tabla-de-homologacion-pep\/\" aria-label=\"More on Tabla de homologaci\u00f3n PEP\">[+]<\/a><\/p>\n","protected":false},"author":58,"featured_media":0,"parent":0,"menu_order":0,"comment_status":"closed","ping_status":"closed","template":"","meta":[],"acf":[],"_links":{"self":[{"href":"https:\/\/ies9027-infd.mendoza.edu.ar\/sitio\/wp-json\/wp\/v2\/pages\/6779"}],"collection":[{"href":"https:\/\/ies9027-infd.mendoza.edu.ar\/sitio\/wp-json\/wp\/v2\/pages"}],"about":[{"href":"https:\/\/ies9027-infd.mendoza.edu.ar\/sitio\/wp-json\/wp\/v2\/types\/page"}],"author":[{"embeddable":true,"href":"https:\/\/ies9027-infd.mendoza.edu.ar\/sitio\/wp-json\/wp\/v2\/users\/58"}],"replies":[{"embeddable":true,"href":"https:\/\/ies9027-infd.mendoza.edu.ar\/sitio\/wp-json\/wp\/v2\/comments?post=6779"}],"version-history":[{"count":2,"href":"https:\/\/ies9027-infd.mendoza.edu.ar\/sitio\/wp-json\/wp\/v2\/pages\/6779\/revisions"}],"predecessor-version":[{"id":6796,"href":"https:\/\/ies9027-infd.mendoza.edu.ar\/sitio\/wp-json\/wp\/v2\/pages\/6779\/revisions\/6796"}],"wp:attachment":[{"href":"https:\/\/ies9027-infd.mendoza.edu.ar\/sitio\/wp-json\/wp\/v2\/media?parent=6779"}],"curies":[{"name":"wp","href":"https:\/\/api.w.org\/{rel}","templated":true}]}}