{"id":6678,"date":"2025-10-28T21:37:48","date_gmt":"2025-10-29T00:37:48","guid":{"rendered":"https:\/\/ies9027-infd.mendoza.edu.ar\/sitio\/?page_id=6678"},"modified":"2025-11-25T21:37:17","modified_gmt":"2025-11-26T00:37:17","slug":"cuadernillos-pi","status":"publish","type":"page","link":"https:\/\/ies9027-infd.mendoza.edu.ar\/sitio\/cuadernillos-pi\/","title":{"rendered":"Cuadernillos PI"},"content":{"rendered":"\n<p><strong>Estimadas\/os estudiantes<\/strong>: Les presentamos los cuadernillos de Gram\u00e1tica y de Fon\u00e9tica que profesores de la instituci\u00f3n han elaborado para acompa\u00f1ar sus trayectorias de 1ro a 4to a\u00f1o de la carrera, el marco del <strong>PMI<\/strong>. En los mismos encontrar\u00e1n aspectos te\u00f3ricos y ejercitaciones, enlaces a actividades para que revisen, repasen y ejerciten. Agradecemos a los prof. Marcela Amaya, Germ\u00e1n Morgado y Martin Torres por sus aportes a la mejora de las trayectorias de las y los estudiantes&nbsp;del&nbsp;IES&nbsp;9-027<\/p>\n\n\n\n<p><a href=\"https:\/\/ies9027-infd.mendoza.edu.ar\/sitio\/wp-content\/uploads\/2025\/10\/Phonetics-and-Phonology-I-Booklet.pdf\">Phonetics and Phonology I<\/a><\/p>\n\n\n\n<p><a href=\"https:\/\/ies9027-infd.mendoza.edu.ar\/sitio\/wp-content\/uploads\/2025\/10\/Phonetics-and-Phonology-2-booklet.pdf\">Phonetics and Phonology 2<\/a><\/p>\n\n\n\n<p><a href=\"https:\/\/ies9027-infd.mendoza.edu.ar\/sitio\/wp-content\/uploads\/2025\/10\/Phonetics-and-Phonology-3-Practices.pdf\">Phonetics and Phonology 3<\/a><\/p>\n\n\n\n<p><a href=\"https:\/\/ies9027-infd.mendoza.edu.ar\/sitio\/wp-content\/uploads\/2025\/10\/Phonetics-and-Phonology-4-Booklet-of-practices-activities-2025.pdf\">Phonetics and Phonology 4<\/a><\/p>\n\n\n\n<p><a href=\"https:\/\/ies9027-infd.mendoza.edu.ar\/sitio\/wp-content\/uploads\/2025\/11\/GRAMMAR-I.pdf\">GRAMMAR I<\/a><\/p>\n\n\n\n<p><a href=\"https:\/\/ies9027-infd.mendoza.edu.ar\/sitio\/wp-content\/uploads\/2025\/11\/GRAMMAR-II.pdf\">GRAMMAR II<\/a><\/p>\n\n\n\n<p><a href=\"https:\/\/ies9027-infd.mendoza.edu.ar\/sitio\/wp-content\/uploads\/2025\/11\/GRAMMAR-III.pdf\">GRAMMAR III<\/a><\/p>\n\n\n\n<p><\/p>\n","protected":false},"excerpt":{"rendered":"<p>Estimadas\/os estudiantes: Les presentamos los cuadernillos de Gram\u00e1tica y de Fon\u00e9tica que profesores de la instituci\u00f3n han elaborado para acompa\u00f1ar sus trayectorias de 1ro a 4to a\u00f1o de la carrera, el marco del PMI. En los mismos encontrar\u00e1n aspectos te\u00f3ricos y ejercitaciones, enlaces a actividades para que revisen, repasen y ejerciten. Agradecemos a los prof. &#8230; <a title=\"Cuadernillos PI\" class=\"read-more\" href=\"https:\/\/ies9027-infd.mendoza.edu.ar\/sitio\/cuadernillos-pi\/\" aria-label=\"More on Cuadernillos PI\">[+]<\/a><\/p>\n","protected":false},"author":58,"featured_media":0,"parent":0,"menu_order":0,"comment_status":"closed","ping_status":"closed","template":"","meta":[],"acf":[],"_links":{"self":[{"href":"https:\/\/ies9027-infd.mendoza.edu.ar\/sitio\/wp-json\/wp\/v2\/pages\/6678"}],"collection":[{"href":"https:\/\/ies9027-infd.mendoza.edu.ar\/sitio\/wp-json\/wp\/v2\/pages"}],"about":[{"href":"https:\/\/ies9027-infd.mendoza.edu.ar\/sitio\/wp-json\/wp\/v2\/types\/page"}],"author":[{"embeddable":true,"href":"https:\/\/ies9027-infd.mendoza.edu.ar\/sitio\/wp-json\/wp\/v2\/users\/58"}],"replies":[{"embeddable":true,"href":"https:\/\/ies9027-infd.mendoza.edu.ar\/sitio\/wp-json\/wp\/v2\/comments?post=6678"}],"version-history":[{"count":4,"href":"https:\/\/ies9027-infd.mendoza.edu.ar\/sitio\/wp-json\/wp\/v2\/pages\/6678\/revisions"}],"predecessor-version":[{"id":6712,"href":"https:\/\/ies9027-infd.mendoza.edu.ar\/sitio\/wp-json\/wp\/v2\/pages\/6678\/revisions\/6712"}],"wp:attachment":[{"href":"https:\/\/ies9027-infd.mendoza.edu.ar\/sitio\/wp-json\/wp\/v2\/media?parent=6678"}],"curies":[{"name":"wp","href":"https:\/\/api.w.org\/{rel}","templated":true}]}}