{"id":6665,"date":"2025-10-17T21:55:09","date_gmt":"2025-10-18T00:55:09","guid":{"rendered":"https:\/\/ies9027-infd.mendoza.edu.ar\/sitio\/?page_id=6665"},"modified":"2026-03-12T22:34:39","modified_gmt":"2026-03-13T01:34:39","slug":"investigacion","status":"publish","type":"page","link":"https:\/\/ies9027-infd.mendoza.edu.ar\/sitio\/investigacion\/","title":{"rendered":"INVESTIGACI\u00d3N"},"content":{"rendered":"\n<p><strong>Investigaciones finalizadas en 2025<\/strong><\/p>\n\n\n\n<p><strong>T\u00edtulo: LA ENSE\u00d1ANZA DE LA GUERRA DE MALVINAS EN LAS ESCUELAS DE NIVEL PRIMARIO Y PROFESORADO DE EDUCACI\u00d3N PRIMARIA DE LA PROVINCIA DE MENDOZA (1982-2023)<\/strong><\/p>\n\n\n\n<p><strong>Autores: <\/strong>Bonomo Cintia Soledad, Concatti Gabriel, Valdez Clelia, Lafalla Facundo, Peterle Rocio Daniela, Astudillo Rivero Solange Paola, Del Canto Lorena Natalia, Vitale Fernando Germ\u00e1n, Guevara Danisa Yanina, Barischetti Mercedes Cecilia, Araos Gabriele, Albanes Castro Agustina, Barrera Leandro, Maya Valent\u00edn Federico, Flores Nicol\u00e1s Agust\u00edn, Vega Garc\u00eda Daniela Estefan\u00eda, Pereira Andrea Melisa, Puertas Carlos Rodrigo, Ib\u00e1\u00f1ez Ruth, Morales Milagros, Tejerina Graciela.<\/p>\n\n\n\n<p><strong>Palabras clave: <\/strong>Guerra de Malvinas, Educaci\u00f3n Primaria, Dise\u00f1o Curricular.<\/p>\n\n\n\n<figure class=\"wp-block-image size-full is-resized\"><img decoding=\"async\" loading=\"lazy\" src=\"https:\/\/ies9027-infd.mendoza.edu.ar\/sitio\/wp-content\/uploads\/2022\/06\/MAS-INFORMACION-3.png\" alt=\"\" class=\"wp-image-4157\" width=\"244\" height=\"69\"\/><\/figure>\n\n\n\n<p><strong>\u2014&#8212;&#8212;&#8212;&#8212;&#8212;&#8212;&#8212;&#8212;&#8212;&#8212;<\/strong><\/p>\n\n\n\n<p><strong>T\u00edtulo: IMPLEMENTACI\u00d3N DE HABILIDADES BLANDAS EN EL AULA DE INGL\u00c9S.&nbsp; AN\u00c1LISIS DE LAS PROPUESTAS PEDAG\u00d3GICO DID\u00c1CTICAS PROMOTORAS DE SU DESARROLLO.<\/strong><\/p>\n\n\n\n<p><strong>Autores: <\/strong>Aguilera Lucas Aguilera, Amparan Andrea, L\u00f3pez Soledad, Escudero Flavia, Manduca Alejandra.<\/p>\n\n\n\n<p><strong>Palabras clave: <\/strong>Pr\u00e1cticas pedag\u00f3gicas, habilidades blandas, formaci\u00f3n docente, profesorado de ingl\u00e9s.<\/p>\n\n\n\n<figure class=\"wp-block-image size-full is-resized\"><img decoding=\"async\" loading=\"lazy\" src=\"https:\/\/ies9027-infd.mendoza.edu.ar\/sitio\/wp-content\/uploads\/2022\/06\/MAS-INFORMACION-3.png\" alt=\"\" class=\"wp-image-4157\" width=\"244\" height=\"69\"\/><\/figure>\n\n\n\n<p><strong>\u2014&#8212;&#8212;&#8212;&#8212;&#8212;&#8212;&#8212;&#8212;&#8212;&#8212;<\/strong><\/p>\n\n\n\n<p><strong>T\u00edtulo: COMPETENCIAS DIGITALES Y ACTITUDES HACIA LAS TIC EN ESTUDIANTES DE PROFESORADOS DEL I.E.S. 9-027 Y SU RELACI\u00d3N CON LAS DEMANDAS DE LOS ENTORNOS VIRTUALES DE APRENDIZAJE.<\/strong><\/p>\n\n\n\n<p><strong>Autores: <\/strong>Aracena Elisa, Fiochetta H\u00e9ctor Fabricio, Ortega Natalia, Lara Mar\u00eda Emilia.<br><strong>Palabras clave: <\/strong>competencias digitales, T.I.C., formaci\u00f3n docente.<\/p>\n\n\n\n<figure class=\"wp-block-image size-full is-resized\"><img decoding=\"async\" loading=\"lazy\" src=\"https:\/\/ies9027-infd.mendoza.edu.ar\/sitio\/wp-content\/uploads\/2022\/06\/MAS-INFORMACION-3.png\" alt=\"\" class=\"wp-image-4157\" width=\"244\" height=\"69\"\/><\/figure>\n","protected":false},"excerpt":{"rendered":"<p>Investigaciones finalizadas en 2025 T\u00edtulo: LA ENSE\u00d1ANZA DE LA GUERRA DE MALVINAS EN LAS ESCUELAS DE NIVEL PRIMARIO Y PROFESORADO DE EDUCACI\u00d3N PRIMARIA DE LA PROVINCIA DE MENDOZA (1982-2023) Autores: Bonomo Cintia Soledad, Concatti Gabriel, Valdez Clelia, Lafalla Facundo, Peterle Rocio Daniela, Astudillo Rivero Solange Paola, Del Canto Lorena Natalia, Vitale Fernando Germ\u00e1n, Guevara Danisa &#8230; <a title=\"INVESTIGACI\u00d3N\" class=\"read-more\" href=\"https:\/\/ies9027-infd.mendoza.edu.ar\/sitio\/investigacion\/\" aria-label=\"More on INVESTIGACI\u00d3N\">[+]<\/a><\/p>\n","protected":false},"author":58,"featured_media":0,"parent":0,"menu_order":0,"comment_status":"closed","ping_status":"closed","template":"","meta":[],"acf":[],"_links":{"self":[{"href":"https:\/\/ies9027-infd.mendoza.edu.ar\/sitio\/wp-json\/wp\/v2\/pages\/6665"}],"collection":[{"href":"https:\/\/ies9027-infd.mendoza.edu.ar\/sitio\/wp-json\/wp\/v2\/pages"}],"about":[{"href":"https:\/\/ies9027-infd.mendoza.edu.ar\/sitio\/wp-json\/wp\/v2\/types\/page"}],"author":[{"embeddable":true,"href":"https:\/\/ies9027-infd.mendoza.edu.ar\/sitio\/wp-json\/wp\/v2\/users\/58"}],"replies":[{"embeddable":true,"href":"https:\/\/ies9027-infd.mendoza.edu.ar\/sitio\/wp-json\/wp\/v2\/comments?post=6665"}],"version-history":[{"count":4,"href":"https:\/\/ies9027-infd.mendoza.edu.ar\/sitio\/wp-json\/wp\/v2\/pages\/6665\/revisions"}],"predecessor-version":[{"id":6822,"href":"https:\/\/ies9027-infd.mendoza.edu.ar\/sitio\/wp-json\/wp\/v2\/pages\/6665\/revisions\/6822"}],"wp:attachment":[{"href":"https:\/\/ies9027-infd.mendoza.edu.ar\/sitio\/wp-json\/wp\/v2\/media?parent=6665"}],"curies":[{"name":"wp","href":"https:\/\/api.w.org\/{rel}","templated":true}]}}