{"id":6583,"date":"2025-07-31T22:22:37","date_gmt":"2025-08-01T01:22:37","guid":{"rendered":"https:\/\/ies9027-infd.mendoza.edu.ar\/sitio\/?page_id=6583"},"modified":"2025-07-31T22:22:38","modified_gmt":"2025-08-01T01:22:38","slug":"firma-de-convenio-marco-de-colaboracion-entre-el-ies-9-027-y-la-sociedad-de-transporte-mendoza-un-paso-significativo-para-fortalecer-la-formacion-tecnica-ferroviaria","status":"publish","type":"page","link":"https:\/\/ies9027-infd.mendoza.edu.ar\/sitio\/firma-de-convenio-marco-de-colaboracion-entre-el-ies-9-027-y-la-sociedad-de-transporte-mendoza-un-paso-significativo-para-fortalecer-la-formacion-tecnica-ferroviaria\/","title":{"rendered":"Firma de Convenio Marco de Colaboraci\u00f3n entre el IES 9-027 y la Sociedad de Transporte Mendoza: Un paso significativo para fortalecer la formaci\u00f3n t\u00e9cnica ferroviaria"},"content":{"rendered":"\n<p>El Instituto de Educaci\u00f3n Superior N.\u00ba 9-027 tiene el agrado de comunicar a toda la comunidad educativa la firma de un Convenio Marco de Colaboraci\u00f3n con el Sindicato de Conductores de Trenes La Fraternidad, cuyo prop\u00f3sito es establecer una alianza estrat\u00e9gica para el desarrollo de pr\u00e1cticas profesionalizantes y otras acciones conjuntas que promuevan la calidad formativa, la integraci\u00f3n con el medio y el compromiso con el desarrollo territorial.<\/p>\n\n\n\n<p>El encuentro institucional tuvo lugar el pasado 24 de julio y cont\u00f3 con la participaci\u00f3n de referentes claves de ambas instituciones: Roberto Bocanegra, coautor del dise\u00f1o curricular de la Tecnicatura Superior en Transporte Ferroviario, Osvaldo Ram\u00f3n Albornoz, miembro de COPAR del Sindicato de Conductores de Trenes La Fraternidad, Nicol\u00e1s Bocanegra, Delegado Seccional Mendoza, Flavia Escudero, Rectora del IES 9-027, Andrea Amparan, Jefa de Formaci\u00f3n Inicial del IES 9-027 y Jos\u00e9 Luis L\u00f3pez, Coordinador del Profesorado de Educaci\u00f3n Primaria del IES 9-027<\/p>\n\n\n\n<p>Este convenio se propone como un instrumento fundamental para promover actividades de mutuo inter\u00e9s cient\u00edfico, cultural, social y educativo, tales como:<\/p>\n\n\n\n<ul>\n<li>Desarrollo de pr\u00e1cticas profesionalizantes presenciales o a distancia para estudiantes de la Tecnicatura Superior en Transporte Ferroviario<\/li>\n\n\n\n<li>Realizaci\u00f3n de actividades de formaci\u00f3n, actualizaci\u00f3n profesional y prestaci\u00f3n de servicios t\u00e9cnicos<\/li>\n\n\n\n<li>Intercambio de experiencias, generaci\u00f3n de informes t\u00e9cnicos y colaboraci\u00f3n en proyectos educativos<\/li>\n\n\n\n<li>Participaci\u00f3n conjunta en programas de cooperaci\u00f3n interinstitucional, tanto a nivel nacional como internacional<\/li>\n<\/ul>\n\n\n\n<p>Para el seguimiento de este acuerdo se constituir\u00e1 una Comisi\u00f3n Mixta, integrada por representantes de ambas instituciones, encargada de dise\u00f1ar y evaluar anualmente las acciones a implementar, respetando criterios de pertinencia pedag\u00f3gica, factibilidad operativa y proyecci\u00f3n institucional.<\/p>\n\n\n\n<p>Este convenio tendr\u00e1 una vigencia de tres a\u00f1os, renovable autom\u00e1ticamente, y establece un marco de trabajo colaborativo que no implica relaci\u00f3n laboral ni compromisos econ\u00f3micos entre las partes, garantizando siempre el car\u00e1cter formativo de las actividades.<\/p>\n\n\n\n<p>Desde el IES 9-027 consideramos que esta articulaci\u00f3n con el Sindicato de Conductores de Trenes La Fraternidad representa una oportunidad \u00fanica para nuestros\/as estudiantes, al permitirles ampliar sus conocimientos, consolidar saberes t\u00e9cnicos en contextos reales de trabajo y construir v\u00ednculos significativos con referentes del sector ferroviario.<\/p>\n\n\n\n<p>Celebramos con orgullo esta alianza y renovamos nuestro compromiso con una educaci\u00f3n t\u00e9cnica superior p\u00fablica, inclusiva y de calidad, profundamente conectada con las necesidades del entorno productivo y social.<\/p>\n\n\n\n<figure class=\"wp-block-gallery has-nested-images columns-default is-cropped wp-block-gallery-1 is-layout-flex\">\n<figure class=\"wp-block-image size-full\"><img decoding=\"async\" loading=\"lazy\" width=\"1280\" height=\"1016\" data-id=\"6587\"  src=\"https:\/\/ies9027-infd.mendoza.edu.ar\/sitio\/wp-content\/uploads\/2025\/07\/foto-nota-2.jpg\" alt=\"\" class=\"wp-image-6587\" srcset=\"https:\/\/ies9027-infd.mendoza.edu.ar\/sitio\/wp-content\/uploads\/2025\/07\/foto-nota-2.jpg 1280w, https:\/\/ies9027-infd.mendoza.edu.ar\/sitio\/wp-content\/uploads\/2025\/07\/foto-nota-2-1000x794.jpg 1000w, https:\/\/ies9027-infd.mendoza.edu.ar\/sitio\/wp-content\/uploads\/2025\/07\/foto-nota-2-768x610.jpg 768w\" sizes=\"(max-width: 1280px) 100vw, 1280px\" \/><\/figure>\n\n\n\n<figure class=\"wp-block-image size-full\"><img decoding=\"async\" loading=\"lazy\" width=\"1442\" height=\"1243\" data-id=\"6584\"  src=\"https:\/\/ies9027-infd.mendoza.edu.ar\/sitio\/wp-content\/uploads\/2025\/07\/foto-nota-q.jpg\" alt=\"\" class=\"wp-image-6584\" srcset=\"https:\/\/ies9027-infd.mendoza.edu.ar\/sitio\/wp-content\/uploads\/2025\/07\/foto-nota-q.jpg 1442w, https:\/\/ies9027-infd.mendoza.edu.ar\/sitio\/wp-content\/uploads\/2025\/07\/foto-nota-q-1000x862.jpg 1000w, https:\/\/ies9027-infd.mendoza.edu.ar\/sitio\/wp-content\/uploads\/2025\/07\/foto-nota-q-768x662.jpg 768w\" sizes=\"(max-width: 1442px) 100vw, 1442px\" \/><\/figure>\n<\/figure>\n\n\n\n<div class=\"wp-block-columns is-layout-flex wp-container-4\">\n<div class=\"wp-block-column is-layout-flow\" style=\"flex-basis:100%\">\n<figure class=\"wp-block-image size-full\"><img decoding=\"async\" loading=\"lazy\" width=\"1280\" height=\"735\" src=\"https:\/\/ies9027-infd.mendoza.edu.ar\/sitio\/wp-content\/uploads\/2025\/07\/foto-nota-3-1.jpg\" alt=\"\" class=\"wp-image-6586\" srcset=\"https:\/\/ies9027-infd.mendoza.edu.ar\/sitio\/wp-content\/uploads\/2025\/07\/foto-nota-3-1.jpg 1280w, https:\/\/ies9027-infd.mendoza.edu.ar\/sitio\/wp-content\/uploads\/2025\/07\/foto-nota-3-1-1000x574.jpg 1000w, https:\/\/ies9027-infd.mendoza.edu.ar\/sitio\/wp-content\/uploads\/2025\/07\/foto-nota-3-1-768x441.jpg 768w\" sizes=\"(max-width: 1280px) 100vw, 1280px\" \/><\/figure>\n<\/div>\n<\/div>\n","protected":false},"excerpt":{"rendered":"<p>El Instituto de Educaci\u00f3n Superior N.\u00ba 9-027 tiene el agrado de comunicar a toda la comunidad educativa la firma de un Convenio Marco de Colaboraci\u00f3n con el Sindicato de Conductores de Trenes La Fraternidad, cuyo prop\u00f3sito es establecer una alianza estrat\u00e9gica para el desarrollo de pr\u00e1cticas profesionalizantes y otras acciones conjuntas que promuevan la calidad &#8230; <a title=\"Firma de Convenio Marco de Colaboraci\u00f3n entre el IES 9-027 y la Sociedad de Transporte Mendoza: Un paso significativo para fortalecer la formaci\u00f3n t\u00e9cnica ferroviaria\" class=\"read-more\" href=\"https:\/\/ies9027-infd.mendoza.edu.ar\/sitio\/firma-de-convenio-marco-de-colaboracion-entre-el-ies-9-027-y-la-sociedad-de-transporte-mendoza-un-paso-significativo-para-fortalecer-la-formacion-tecnica-ferroviaria\/\" aria-label=\"More on Firma de Convenio Marco de Colaboraci\u00f3n entre el IES 9-027 y la Sociedad de Transporte Mendoza: Un paso significativo para fortalecer la formaci\u00f3n t\u00e9cnica ferroviaria\">[+]<\/a><\/p>\n","protected":false},"author":58,"featured_media":0,"parent":0,"menu_order":0,"comment_status":"closed","ping_status":"closed","template":"","meta":[],"acf":[],"_links":{"self":[{"href":"https:\/\/ies9027-infd.mendoza.edu.ar\/sitio\/wp-json\/wp\/v2\/pages\/6583"}],"collection":[{"href":"https:\/\/ies9027-infd.mendoza.edu.ar\/sitio\/wp-json\/wp\/v2\/pages"}],"about":[{"href":"https:\/\/ies9027-infd.mendoza.edu.ar\/sitio\/wp-json\/wp\/v2\/types\/page"}],"author":[{"embeddable":true,"href":"https:\/\/ies9027-infd.mendoza.edu.ar\/sitio\/wp-json\/wp\/v2\/users\/58"}],"replies":[{"embeddable":true,"href":"https:\/\/ies9027-infd.mendoza.edu.ar\/sitio\/wp-json\/wp\/v2\/comments?post=6583"}],"version-history":[{"count":1,"href":"https:\/\/ies9027-infd.mendoza.edu.ar\/sitio\/wp-json\/wp\/v2\/pages\/6583\/revisions"}],"predecessor-version":[{"id":6605,"href":"https:\/\/ies9027-infd.mendoza.edu.ar\/sitio\/wp-json\/wp\/v2\/pages\/6583\/revisions\/6605"}],"wp:attachment":[{"href":"https:\/\/ies9027-infd.mendoza.edu.ar\/sitio\/wp-json\/wp\/v2\/media?parent=6583"}],"curies":[{"name":"wp","href":"https:\/\/api.w.org\/{rel}","templated":true}]}}