{"id":6300,"date":"2024-10-01T22:16:46","date_gmt":"2024-10-02T01:16:46","guid":{"rendered":"https:\/\/ies9027-infd.mendoza.edu.ar\/sitio\/?page_id=6300"},"modified":"2025-03-11T21:59:04","modified_gmt":"2025-03-12T00:59:04","slug":"estructura-curricular-6","status":"publish","type":"page","link":"https:\/\/ies9027-infd.mendoza.edu.ar\/sitio\/estructura-curricular-6\/","title":{"rendered":"Estructura Curricular PEE"},"content":{"rendered":"\n<p><\/p>\n\n\n\n<figure class=\"wp-block-table is-style-stripes\"><table><tbody><tr><td class=\"has-text-align-center\" data-align=\"center\" colspan=\"2\"><strong>PRIMER A\u00d1O<\/strong><\/td><\/tr><tr><td class=\"has-text-align-center\" data-align=\"center\"><strong>1\u00b0 Cuatrimestre<\/strong><\/td><td class=\"has-text-align-center\" data-align=\"center\"><strong>2\u00b0 Cuatrimestre<\/strong><\/td><\/tr><tr><td class=\"has-text-align-center\" data-align=\"center\" colspan=\"2\">Comprensi\u00f3n y Producci\u00f3n de Textos Acad\u00e9micos<\/td><\/tr><tr><td class=\"has-text-align-center\" data-align=\"center\">Pensamiento Filos\u00f3fico<\/td><td class=\"has-text-align-center\" data-align=\"center\">Pedagog\u00eda<\/td><\/tr><tr><td class=\"has-text-align-center\" data-align=\"center\">Sistema Educativo<\/td><td class=\"has-text-align-center\" data-align=\"center\">Educaci\u00f3n Art\u00edstica: Artes Visuales<\/td><\/tr><tr><td class=\"has-text-align-center\" data-align=\"center\">Educaci\u00f3n Art\u00edstica: M\u00fasica<\/td><td class=\"has-text-align-center\" data-align=\"center\">Educaci\u00f3n Especial Contempor\u00e1nea<\/td><\/tr><tr><td class=\"has-text-align-center\" data-align=\"center\" colspan=\"2\">Neuropsicosociolog\u00eda del Desarrollo<\/td><\/tr><tr><td class=\"has-text-align-center\" data-align=\"center\" colspan=\"2\">Discapacidad Intelectual: Caracter\u00edsticas del Desarrollo<\/td><\/tr><tr><td class=\"has-text-align-center\" data-align=\"center\" colspan=\"2\">Atenci\u00f3n Temprana<\/td><\/tr><tr><td class=\"has-text-align-center\" data-align=\"center\" colspan=\"2\">Pr\u00e1ctica Profesional Docente I<\/td><\/tr><\/tbody><\/table><\/figure>\n\n\n\n<figure class=\"wp-block-table is-style-stripes\"><table><tbody><tr><td class=\"has-text-align-center\" data-align=\"center\" colspan=\"2\"><strong>SEGUNDO A\u00d1O<\/strong><\/td><\/tr><tr><td class=\"has-text-align-center\" data-align=\"center\"><strong>1\u00b0 Cuatrimestre<\/strong><\/td><td class=\"has-text-align-center\" data-align=\"center\"><strong>2\u00b0 Cuatrimestre<\/strong><\/td><\/tr><tr><td class=\"has-text-align-center\" data-align=\"center\">Did\u00e1ctica<\/td><td class=\"has-text-align-center\" data-align=\"center\">Psicolog\u00eda Educacional<\/td><\/tr><tr><td class=\"has-text-align-center\" data-align=\"center\">Instituciones Educativas<\/td><td class=\"has-text-align-center\" data-align=\"center\">Abordaje Pedag\u00f3gico Did\u00e1ctico I<\/td><\/tr><tr><td class=\"has-text-align-center\" data-align=\"center\">Sujeto de la Educaci\u00f3n I<\/td><td class=\"has-text-align-center\" data-align=\"center\">Sujeto de la Educaci\u00f3n II<\/td><\/tr><tr><td class=\"has-text-align-center\" data-align=\"center\">Psicomotricidad<\/td><td class=\"has-text-align-center\" data-align=\"center\">Discapacidad Motora y Abordaje Pedag\u00f3gico Did\u00e1ctico<\/td><\/tr><tr><td class=\"has-text-align-center\" data-align=\"center\" colspan=\"2\">Did\u00e1ctica de la Matem\u00e1tica<\/td><\/tr><tr><td class=\"has-text-align-center\" data-align=\"center\" colspan=\"2\">Did\u00e1ctica de la Lengua<\/td><\/tr><tr><td class=\"has-text-align-center\" data-align=\"center\" colspan=\"2\">Did\u00e1ctica de la Literatura<\/td><\/tr><tr><td class=\"has-text-align-center\" data-align=\"center\" colspan=\"2\">Did\u00e1ctica de las Ciencias Naturales<\/td><\/tr><tr><td class=\"has-text-align-center\" data-align=\"center\" colspan=\"2\">Pr\u00e1ctica Profesional Docente II<\/td><\/tr><\/tbody><\/table><\/figure>\n\n\n\n<figure class=\"wp-block-table is-style-stripes\"><table><tbody><tr><td class=\"has-text-align-center\" data-align=\"center\" colspan=\"2\"><strong>TERCER A\u00d1O<\/strong><\/td><\/tr><tr><td class=\"has-text-align-center\" data-align=\"center\"><strong>1\u00b0 Cuatrimestre<\/strong><\/td><td class=\"has-text-align-center\" data-align=\"center\"><strong>2\u00b0 Cuatrimestre<\/strong><\/td><\/tr><tr><td class=\"has-text-align-center\" data-align=\"center\" rowspan=\"2\">Gesti\u00f3n y Evaluaci\u00f3n de los Aprendizajes<\/td><td class=\"has-text-align-center\" data-align=\"center\">Proyectos de Intervenci\u00f3n Socio Educativa<\/td><\/tr><tr><td class=\"has-text-align-center\" data-align=\"center\">Did\u00e1ctica de la Formaci\u00f3n \u00c9tica y Ciudadana<\/td><\/tr><tr><td class=\"has-text-align-center\" data-align=\"center\">Abordaje Pedag\u00f3gico Did\u00e1ctico II<\/td><td class=\"has-text-align-center\" data-align=\"center\">Comunicaci\u00f3n y Desarrollo del Lenguaje en la persona con Discapacidad<\/td><\/tr><tr><td class=\"has-text-align-center\" data-align=\"center\" colspan=\"2\">Did\u00e1ctica de las Ciencias Sociales<\/td><\/tr><tr><td class=\"has-text-align-center\" data-align=\"center\" colspan=\"2\">Discapacidad M\u00faltiple y Abordaje Pedag\u00f3gico Did\u00e1ctico<\/td><\/tr><tr><td class=\"has-text-align-center\" data-align=\"center\" colspan=\"2\">Perspectiva Social, transici\u00f3n a la vida Adulta y Ocupaci\u00f3n Laboral<\/td><\/tr><tr><td class=\"has-text-align-center\" data-align=\"center\" colspan=\"2\">Alfabetizaci\u00f3n<\/td><\/tr><tr><td class=\"has-text-align-center\" data-align=\"center\" colspan=\"2\">Pr\u00e1ctica Profesional Docente III<\/td><\/tr><\/tbody><\/table><\/figure>\n\n\n\n<figure class=\"wp-block-table is-style-stripes\"><table><tbody><tr><td class=\"has-text-align-center\" data-align=\"center\" colspan=\"2\"><strong>CUARTO A\u00d1O<\/strong><\/td><\/tr><tr><td class=\"has-text-align-center\" data-align=\"center\"><strong>1\u00b0 Cuatrimestre<\/strong><\/td><td class=\"has-text-align-center\" data-align=\"center\"><strong>2\u00b0 Cuatrimestre<\/strong><\/td><\/tr><tr><td class=\"has-text-align-center\" data-align=\"center\" rowspan=\"2\">Educaci\u00f3n y Tecnolog\u00edas Digitales<\/td><td class=\"has-text-align-center\" data-align=\"center\">UCE Formaci\u00f3n Complementaria General<\/td><\/tr><tr><td class=\"has-text-align-center\" data-align=\"center\">UCE Formaci\u00f3n Complementaria Especifica<\/td><\/tr><tr><td class=\"has-text-align-center\" data-align=\"center\">Educaci\u00f3n Sexual Integral<\/td><td class=\"has-text-align-center\" data-align=\"center\" rowspan=\"3\">&nbsp;<\/td><\/tr><tr><td class=\"has-text-align-center\" data-align=\"center\">Historia y Patrimonio Cultural de Mendoza<\/td><\/tr><tr><td class=\"has-text-align-center\" data-align=\"center\">Educaci\u00f3n Art\u00edstica: Teatro<\/td><\/tr><tr><td class=\"has-text-align-center\" data-align=\"center\" colspan=\"2\">Pr\u00e1ctica Profesional Docente Iv<\/td><\/tr><\/tbody><\/table><\/figure>\n","protected":false},"excerpt":{"rendered":"<p>PRIMER A\u00d1O 1\u00b0 Cuatrimestre 2\u00b0 Cuatrimestre Comprensi\u00f3n y Producci\u00f3n de Textos Acad\u00e9micos Pensamiento Filos\u00f3fico Pedagog\u00eda Sistema Educativo Educaci\u00f3n Art\u00edstica: Artes Visuales Educaci\u00f3n Art\u00edstica: M\u00fasica Educaci\u00f3n Especial Contempor\u00e1nea Neuropsicosociolog\u00eda del Desarrollo Discapacidad Intelectual: Caracter\u00edsticas del Desarrollo Atenci\u00f3n Temprana Pr\u00e1ctica Profesional Docente I SEGUNDO A\u00d1O 1\u00b0 Cuatrimestre 2\u00b0 Cuatrimestre Did\u00e1ctica Psicolog\u00eda Educacional Instituciones Educativas Abordaje Pedag\u00f3gico Did\u00e1ctico &#8230; <a title=\"Estructura Curricular PEE\" class=\"read-more\" href=\"https:\/\/ies9027-infd.mendoza.edu.ar\/sitio\/estructura-curricular-6\/\" aria-label=\"More on Estructura Curricular PEE\">[+]<\/a><\/p>\n","protected":false},"author":58,"featured_media":0,"parent":0,"menu_order":0,"comment_status":"closed","ping_status":"closed","template":"","meta":[],"acf":[],"_links":{"self":[{"href":"https:\/\/ies9027-infd.mendoza.edu.ar\/sitio\/wp-json\/wp\/v2\/pages\/6300"}],"collection":[{"href":"https:\/\/ies9027-infd.mendoza.edu.ar\/sitio\/wp-json\/wp\/v2\/pages"}],"about":[{"href":"https:\/\/ies9027-infd.mendoza.edu.ar\/sitio\/wp-json\/wp\/v2\/types\/page"}],"author":[{"embeddable":true,"href":"https:\/\/ies9027-infd.mendoza.edu.ar\/sitio\/wp-json\/wp\/v2\/users\/58"}],"replies":[{"embeddable":true,"href":"https:\/\/ies9027-infd.mendoza.edu.ar\/sitio\/wp-json\/wp\/v2\/comments?post=6300"}],"version-history":[{"count":4,"href":"https:\/\/ies9027-infd.mendoza.edu.ar\/sitio\/wp-json\/wp\/v2\/pages\/6300\/revisions"}],"predecessor-version":[{"id":6442,"href":"https:\/\/ies9027-infd.mendoza.edu.ar\/sitio\/wp-json\/wp\/v2\/pages\/6300\/revisions\/6442"}],"wp:attachment":[{"href":"https:\/\/ies9027-infd.mendoza.edu.ar\/sitio\/wp-json\/wp\/v2\/media?parent=6300"}],"curies":[{"name":"wp","href":"https:\/\/api.w.org\/{rel}","templated":true}]}}