{"id":6023,"date":"2024-04-05T21:07:54","date_gmt":"2024-04-06T00:07:54","guid":{"rendered":"https:\/\/ies9027-infd.mendoza.edu.ar\/sitio\/?page_id=6023"},"modified":"2026-03-24T12:28:28","modified_gmt":"2026-03-24T15:28:28","slug":"egresados-2021-2022-y-2023","status":"publish","type":"page","link":"https:\/\/ies9027-infd.mendoza.edu.ar\/sitio\/egresados-2021-2022-y-2023\/","title":{"rendered":"Egresados 2025"},"content":{"rendered":"\n<p>En un emotivo acto se llev\u00f3 adelante el acto de Colaci\u00f3n de egresados 2025 de los Profesorados de Educaci\u00f3n Inicial, Profesorado de Educaci\u00f3n Primaria, Profesorado de Ingl\u00e9s y Tecnicatura Superior en Transporte Ferroviario de nuestro I.E.S. 9027. En el cual se realiz\u00f3 el cambio de abanderados y escoltas.<\/p>\n\n\n\n<p>Asimismo se reconoci\u00f3 la trayectoria de las docente jubiladas de nuestra instituci\u00f3n que nos llen\u00f3 de orgullo: Prof. &#8230;<\/p>\n\n\n\n<p>La mesa Acad\u00e9mica fue conformada por nuestra rectora Flavia Escudero Gordillo y miembros del equipo de gesti\u00f3n.<\/p>\n\n\n\n<p>\u00a1Gracias a toda la comunidad educativa que fue parte de esta Historia!<\/p>\n","protected":false},"excerpt":{"rendered":"<p>En un emotivo acto se llev\u00f3 adelante el acto de Colaci\u00f3n de egresados 2025 de los Profesorados de Educaci\u00f3n Inicial, Profesorado de Educaci\u00f3n Primaria, Profesorado de Ingl\u00e9s y Tecnicatura Superior en Transporte Ferroviario de nuestro I.E.S. 9027. En el cual se realiz\u00f3 el cambio de abanderados y escoltas. Asimismo se reconoci\u00f3 la trayectoria de las &#8230; <a title=\"Egresados 2025\" class=\"read-more\" href=\"https:\/\/ies9027-infd.mendoza.edu.ar\/sitio\/egresados-2021-2022-y-2023\/\" aria-label=\"More on Egresados 2025\">[+]<\/a><\/p>\n","protected":false},"author":58,"featured_media":0,"parent":0,"menu_order":0,"comment_status":"closed","ping_status":"closed","template":"","meta":[],"acf":[],"_links":{"self":[{"href":"https:\/\/ies9027-infd.mendoza.edu.ar\/sitio\/wp-json\/wp\/v2\/pages\/6023"}],"collection":[{"href":"https:\/\/ies9027-infd.mendoza.edu.ar\/sitio\/wp-json\/wp\/v2\/pages"}],"about":[{"href":"https:\/\/ies9027-infd.mendoza.edu.ar\/sitio\/wp-json\/wp\/v2\/types\/page"}],"author":[{"embeddable":true,"href":"https:\/\/ies9027-infd.mendoza.edu.ar\/sitio\/wp-json\/wp\/v2\/users\/58"}],"replies":[{"embeddable":true,"href":"https:\/\/ies9027-infd.mendoza.edu.ar\/sitio\/wp-json\/wp\/v2\/comments?post=6023"}],"version-history":[{"count":8,"href":"https:\/\/ies9027-infd.mendoza.edu.ar\/sitio\/wp-json\/wp\/v2\/pages\/6023\/revisions"}],"predecessor-version":[{"id":6874,"href":"https:\/\/ies9027-infd.mendoza.edu.ar\/sitio\/wp-json\/wp\/v2\/pages\/6023\/revisions\/6874"}],"wp:attachment":[{"href":"https:\/\/ies9027-infd.mendoza.edu.ar\/sitio\/wp-json\/wp\/v2\/media?parent=6023"}],"curies":[{"name":"wp","href":"https:\/\/api.w.org\/{rel}","templated":true}]}}