{"id":5408,"date":"2023-08-25T23:25:10","date_gmt":"2023-08-26T02:25:10","guid":{"rendered":"https:\/\/ies9027-infd.mendoza.edu.ar\/sitio\/?page_id=5408"},"modified":"2023-08-25T23:25:11","modified_gmt":"2023-08-26T02:25:11","slug":"joana-gisel-fernandez-tecnica-superior-es-la-primera-mujer-en-egresar-de-la-carrera-en-mendozan-transporte-ferroviario","status":"publish","type":"page","link":"https:\/\/ies9027-infd.mendoza.edu.ar\/sitio\/joana-gisel-fernandez-tecnica-superior-es-la-primera-mujer-en-egresar-de-la-carrera-en-mendozan-transporte-ferroviario\/","title":{"rendered":"<strong>Joana Gisel Fern\u00e1ndez, T\u00e9cnica Superior es la primera mujer en egresar de la carrera en Mendozan Transporte Ferroviario:\u00a0<\/strong>"},"content":{"rendered":"\n<p>Joana Gisel Fern\u00e1ndez, de 30 a\u00f1os, egres\u00f3 como T\u00e9cnica Superior en Transporte Ferroviario en el Instituto Superior de Formaci\u00f3n Docente y T\u00e9cnica N\u00b0 9-027 perteneciente al departamento de Guaymall\u00e9n, en la provincia de Mendoza.<\/p>\n\n\n\n<p><br>Fern\u00e1ndez es la primera mujer en egresar de esta carrera en la provincia, y su historia es un ejemplo de superaci\u00f3n y de la importancia de la equidad de g\u00e9nero en el sector ferroviario.<br><br>Ella eligi\u00f3 la carrera porque siempre pens\u00f3 que el tren de pasajeros volver\u00eda a ser una opci\u00f3n de transporte viable en Argentina, sobre todo en la provincia de Mendoza. Tambi\u00e9n vio la carrera como un desaf\u00edo personal. Su tr\u00e1nsito por la misma no fue f\u00e1cil para Fern\u00e1ndez, ya que tuvo que lidiar con la pandemia de COVID-19. Sin embargo, ella no se rindi\u00f3 y finalmente logr\u00f3 concluir sus estudios Superiores con \u00e9xito.<br><br>La graduaci\u00f3n de Fern\u00e1ndez es un hito importante para la equidad de g\u00e9nero en el sector ferroviario. Ella es un ejemplo de que las mujeres pueden tener \u00e9xito en cualquier campo, incluso en aquellos que tradicionalmente han sido dominados por los hombres.<br><br>Fern\u00e1ndez espera que su historia inspire a otras mujeres a seguir sus pasos. Ella cree que el transporte ferroviario es un sector con mucho futuro y que las mujeres tienen un papel importante que desempe\u00f1ar en \u00e9l.<br><br>La Tecnicatura Superior en Transporte Ferroviario es una carrera p\u00fablica y gratuita que se dicta actualmente en dos sedes: en Guaymall\u00e9n y en Palmira. Y en el ciclo lectivo 2024, la carrera se dictar\u00e1 en forma \u00edntegra en el departamento de Guaymall\u00e9n, ubicado en calle Joaqu\u00edn V. Gonz\u00e1lez 429 de Dorrego; en horario vespertino. La formaci\u00f3n T\u00e9cnica Superior tiene una duraci\u00f3n de tres a\u00f1os y se dicta en tres orientaciones: V\u00edas, Obras y Se\u00f1alamiento, Veh\u00edculos Tractivos y Remolcados y Log\u00edstica.<br><br>Los egresados y egresadas de la Tecnicatura Superior en Transporte Ferroviario podr\u00e1n desempe\u00f1arse en diversas \u00e1reas, tales como:<\/p>\n\n\n\n<ul>\n<li>Construcci\u00f3n y mantenimiento de v\u00edas y obras ferroviarias<\/li>\n\n\n\n<li>Se\u00f1alizaci\u00f3n ferroviaria<\/li>\n\n\n\n<li>Operaci\u00f3n y mantenimiento de veh\u00edculos ferroviarios<\/li>\n\n\n\n<li>Log\u00edstica ferroviaria, entre otras.<\/li>\n<\/ul>\n\n\n\n<p>La historia de Joana Gisel Fern\u00e1ndez es una inspiraci\u00f3n para todas las mujeres que buscan alcanzar sus metas y romper con los estereotipos de g\u00e9nero. Con el egreso de Fern\u00e1ndez, Mendoza cuenta con una nueva generaci\u00f3n de t\u00e9cnicas ferroviarias, capacitadas para contribuir al desarrollo de la industria ferroviaria en la provincia.<\/p>\n\n\n<div class=\"wp-block-image\">\n<figure class=\"aligncenter\"><img decoding=\"async\" loading=\"lazy\" width=\"421\" height=\"413\" src=\"https:\/\/ies9027-infd.mendoza.edu.ar\/sitio\/wp-content\/uploads\/2023\/08\/alumna.jpg\" alt=\"\" class=\"wp-image-5369\"\/><\/figure><\/div>\n\n\n<p class=\"has-text-align-center\">Joana Fern\u00e1ndez. T\u00e9cnica Superior en Transporte Ferroviario<\/p>\n\n\n<div class=\"wp-block-image\">\n<figure class=\"aligncenter\"><img decoding=\"async\" loading=\"lazy\" width=\"1000\" height=\"750\" src=\"https:\/\/ies9027-infd.mendoza.edu.ar\/sitio\/wp-content\/uploads\/2023\/08\/grupo-1000x750.jpg\" alt=\"\" class=\"wp-image-5370\" srcset=\"https:\/\/ies9027-infd.mendoza.edu.ar\/sitio\/wp-content\/uploads\/2023\/08\/grupo-1000x750.jpg 1000w, https:\/\/ies9027-infd.mendoza.edu.ar\/sitio\/wp-content\/uploads\/2023\/08\/grupo-768x576.jpg 768w, https:\/\/ies9027-infd.mendoza.edu.ar\/sitio\/wp-content\/uploads\/2023\/08\/grupo.jpg 1032w\" sizes=\"(max-width: 1000px) 100vw, 1000px\" \/><figcaption class=\"wp-element-caption\">Estudiantes de la Tecnicatura en Transporte Ferroviario<\/figcaption><\/figure><\/div>\n\n\n<p><\/p>\n\n\n\n<div class=\"wp-block-columns is-layout-flex wp-container-4\">\n<div class=\"wp-block-column is-layout-flow\" style=\"flex-basis:100%\">\n<figure class=\"wp-block-gallery has-nested-images columns-default is-cropped wp-block-gallery-1 is-layout-flex\">\n<figure class=\"wp-block-image size-large\"><img decoding=\"async\" loading=\"lazy\" width=\"589\" height=\"786\" src=\"https:\/\/ies9027-infd.mendoza.edu.ar\/sitio\/wp-content\/uploads\/2023\/08\/en-vias.jpg\" alt=\"\" class=\"wp-image-5371\"\/><\/figure>\n<\/figure>\n<\/div>\n<\/div>\n\n\n\n<div class=\"wp-block-columns is-layout-flex wp-container-10\">\n<div class=\"wp-block-column is-layout-flow\" style=\"flex-basis:100%\">\n<div class=\"wp-block-columns is-layout-flex wp-container-8\">\n<div class=\"wp-block-column is-layout-flow\">\n<figure class=\"wp-block-gallery has-nested-images columns-default is-cropped wp-block-gallery-5 is-layout-flex\">\n<figure class=\"wp-block-image size-large\"><img decoding=\"async\" loading=\"lazy\" width=\"575\" height=\"1280\" src=\"https:\/\/ies9027-infd.mendoza.edu.ar\/sitio\/wp-content\/uploads\/2023\/08\/trabajo-3.jpg\" alt=\"\" class=\"wp-image-5373\" srcset=\"https:\/\/ies9027-infd.mendoza.edu.ar\/sitio\/wp-content\/uploads\/2023\/08\/trabajo-3.jpg 575w, https:\/\/ies9027-infd.mendoza.edu.ar\/sitio\/wp-content\/uploads\/2023\/08\/trabajo-3-449x1000.jpg 449w\" sizes=\"(max-width: 575px) 100vw, 575px\" \/><\/figure>\n\n\n\n<figure class=\"wp-block-image size-large\"><img decoding=\"async\" loading=\"lazy\" width=\"575\" height=\"1280\" src=\"https:\/\/ies9027-infd.mendoza.edu.ar\/sitio\/wp-content\/uploads\/2023\/08\/trabajo-2.jpg\" alt=\"\" class=\"wp-image-5372\" srcset=\"https:\/\/ies9027-infd.mendoza.edu.ar\/sitio\/wp-content\/uploads\/2023\/08\/trabajo-2.jpg 575w, https:\/\/ies9027-infd.mendoza.edu.ar\/sitio\/wp-content\/uploads\/2023\/08\/trabajo-2-449x1000.jpg 449w\" sizes=\"(max-width: 575px) 100vw, 575px\" \/><\/figure>\n<\/figure>\n\n\n\n<p class=\"has-text-align-center\"><strong>Joana Fern\u00e1ndez<\/strong><\/p>\n<\/div>\n<\/div>\n<\/div>\n<\/div>\n","protected":false},"excerpt":{"rendered":"<p>Joana Gisel Fern\u00e1ndez, de 30 a\u00f1os, egres\u00f3 como T\u00e9cnica Superior en Transporte Ferroviario en el Instituto Superior de Formaci\u00f3n Docente y T\u00e9cnica N\u00b0 9-027 perteneciente al departamento de Guaymall\u00e9n, en la provincia de Mendoza. Fern\u00e1ndez es la primera mujer en egresar de esta carrera en la provincia, y su historia es un ejemplo de superaci\u00f3n &#8230; <a title=\"Joana Gisel Fern\u00e1ndez, T\u00e9cnica Superior es la primera mujer en egresar de la carrera en Mendozan Transporte Ferroviario:\u00a0\" class=\"read-more\" href=\"https:\/\/ies9027-infd.mendoza.edu.ar\/sitio\/joana-gisel-fernandez-tecnica-superior-es-la-primera-mujer-en-egresar-de-la-carrera-en-mendozan-transporte-ferroviario\/\" aria-label=\"More on Joana Gisel Fern\u00e1ndez, T\u00e9cnica Superior es la primera mujer en egresar de la carrera en Mendozan Transporte Ferroviario:\u00a0\">[+]<\/a><\/p>\n","protected":false},"author":58,"featured_media":0,"parent":0,"menu_order":0,"comment_status":"closed","ping_status":"closed","template":"","meta":[],"acf":[],"_links":{"self":[{"href":"https:\/\/ies9027-infd.mendoza.edu.ar\/sitio\/wp-json\/wp\/v2\/pages\/5408"}],"collection":[{"href":"https:\/\/ies9027-infd.mendoza.edu.ar\/sitio\/wp-json\/wp\/v2\/pages"}],"about":[{"href":"https:\/\/ies9027-infd.mendoza.edu.ar\/sitio\/wp-json\/wp\/v2\/types\/page"}],"author":[{"embeddable":true,"href":"https:\/\/ies9027-infd.mendoza.edu.ar\/sitio\/wp-json\/wp\/v2\/users\/58"}],"replies":[{"embeddable":true,"href":"https:\/\/ies9027-infd.mendoza.edu.ar\/sitio\/wp-json\/wp\/v2\/comments?post=5408"}],"version-history":[{"count":1,"href":"https:\/\/ies9027-infd.mendoza.edu.ar\/sitio\/wp-json\/wp\/v2\/pages\/5408\/revisions"}],"predecessor-version":[{"id":5410,"href":"https:\/\/ies9027-infd.mendoza.edu.ar\/sitio\/wp-json\/wp\/v2\/pages\/5408\/revisions\/5410"}],"wp:attachment":[{"href":"https:\/\/ies9027-infd.mendoza.edu.ar\/sitio\/wp-json\/wp\/v2\/media?parent=5408"}],"curies":[{"name":"wp","href":"https:\/\/api.w.org\/{rel}","templated":true}]}}