{"id":4884,"date":"2022-12-21T20:15:47","date_gmt":"2022-12-21T23:15:47","guid":{"rendered":"https:\/\/ies9027-infd.mendoza.edu.ar\/sitio\/?page_id=4884"},"modified":"2023-11-22T20:07:46","modified_gmt":"2023-11-22T23:07:46","slug":"titularizacion","status":"publish","type":"page","link":"https:\/\/ies9027-infd.mendoza.edu.ar\/sitio\/titularizacion\/","title":{"rendered":"TITULARIZACI\u00d3N"},"content":{"rendered":"\n<figure class=\"wp-block-image size-large\"><img decoding=\"async\" loading=\"lazy\" width=\"1000\" height=\"272\" src=\"https:\/\/ies9027-infd.mendoza.edu.ar\/sitio\/wp-content\/uploads\/2022\/12\/titularizacion.jpeg\" alt=\"\" class=\"wp-image-4885\" srcset=\"https:\/\/ies9027-infd.mendoza.edu.ar\/sitio\/wp-content\/uploads\/2022\/12\/titularizacion.jpeg 1000w, https:\/\/ies9027-infd.mendoza.edu.ar\/sitio\/wp-content\/uploads\/2022\/12\/titularizacion-768x209.jpeg 768w\" sizes=\"(max-width: 1000px) 100vw, 1000px\" \/><\/figure>\n\n\n\n<div class=\"wp-block-columns is-layout-flex wp-container-4\">\n<div class=\"wp-block-column is-layout-flow\">\n<h2 class=\"has-text-align-center wp-block-heading\"><a href=\"https:\/\/ies9027-infd.mendoza.edu.ar\/sitio\/wp-content\/uploads\/2023\/10\/ANEXO-Implementacion-de-concursos-publicos-y-abiertos-de-titulos-antecedentes-y-oposicion-para-la-cobertura-de-horas-catedra-en-caracter-de-titular-Segunda-convocatoria-2023.pdf\">ANEXO Implementaci\u00f3n de concursos p\u00fablicos y abiertos<\/a><\/h2>\n<\/div>\n\n\n\n<div class=\"wp-block-column is-layout-flow\">\n<h4 class=\"has-text-align-center wp-block-heading\"><a href=\"https:\/\/ies9027-infd.mendoza.edu.ar\/sitio\/wp-content\/uploads\/2023\/10\/RESOL-2023-288-GDEMZA-CGES-DGE-Implementacion-de-concursos-publicos-y-abiertos-2023.pdf\">RESOL-2023-288-E-GDEMZA-CGES#DGE Implementaci\u00f3n<\/a><\/h4>\n<\/div>\n\n\n\n<div class=\"wp-block-column is-layout-flow\">\n<h2 class=\"has-text-align-center wp-block-heading\"><a href=\"https:\/\/cges-infd.mendoza.edu.ar\/sitio\/listado-provisorio-de-espacios-curriculares-por-zona-y-agrupamiento-concurso-titularizacion-nivel-superior-2023\/\">Listado provisorio de espacios curriculares por zona<\/a><\/h2>\n<\/div>\n<\/div>\n\n\n\n<div class=\"wp-block-columns is-layout-flex wp-container-8\">\n<div class=\"wp-block-column is-layout-flow\">\n<h4 class=\"has-text-align-center wp-block-heading\"><strong><a href=\"https:\/\/ies9027-infd.mendoza.edu.ar\/sitio\/wp-content\/uploads\/2023\/10\/RESOL-2023-7383-GDEMZA-DGE-Segunda-convocatoria-a-Concurso-de-titularizacion-en-el-Nivel-Superior-2023.pdf\">RESOL-2023-7383-GDEMZA-DGE &#8211; Segunda convocatoria a Concurso<\/a><\/strong><\/h4>\n<\/div>\n\n\n\n<div class=\"wp-block-column is-layout-flow\">\n<h2 class=\"has-text-align-center wp-block-heading\">Tutorial Sistema de tabulaci\u00f3n<\/h2>\n<\/div>\n\n\n\n<div class=\"wp-block-column is-layout-flow\">\n<h2 class=\"has-text-align-center wp-block-heading\"><a href=\"https:\/\/dti.mendoza.edu.ar\/superior\/\">Sistema de tabulaci\u00f3n<\/a><\/h2>\n<\/div>\n<\/div>\n\n\n\n<h2 class=\"wp-block-heading\">Cronograma general para el consurso de titularizaci\u00f3n<\/h2>\n\n\n\n<figure class=\"wp-block-table is-style-stripes\"><table><tbody><tr><td class=\"has-text-align-center\" data-align=\"center\"><strong>Fecha<\/strong><\/td><td class=\"has-text-align-left\" data-align=\"left\"><strong>Acci\u00f3n<\/strong><\/td><td class=\"has-text-align-center\" data-align=\"center\"><strong>Responsables<\/strong><\/td><\/tr><tr><td class=\"has-text-align-center\" data-align=\"center\">27\/10\/2023<\/td><td class=\"has-text-align-left\" data-align=\"left\">Emisi\u00f3n de normativa espec\u00edfica por parte de la CGES (t\u00e9rminos de referencia, procedimientos, etc.)<\/td><td class=\"has-text-align-center\" data-align=\"center\">CGES<\/td><\/tr><tr><td class=\"has-text-align-center\" data-align=\"center\">27\/10\/2023<\/td><td class=\"has-text-align-left\" data-align=\"left\">Difusi\u00f3n de la convocatoria por los medios de comunicaci\u00f3n, el portal educativo, la p\u00e1gina institucional.<\/td><td class=\"has-text-align-center\" data-align=\"center\">CGES<\/td><\/tr><tr><td class=\"has-text-align-center\" data-align=\"center\">27\/10\/2023<\/td><td class=\"has-text-align-left\" data-align=\"left\">Notificaci\u00f3n de la convocatoria a los docentes en todas las instituciones.<\/td><td class=\"has-text-align-center\" data-align=\"center\">Secretar\u00eda institucional<\/td><\/tr><tr><td class=\"has-text-align-center\" data-align=\"center\">27\/10\/2023 al<br>28\/11\/2023<\/td><td class=\"has-text-align-left\" data-align=\"left\">Distribuci\u00f3n de t\u00e9rminos de referencia para la inscripci\u00f3n al concurso<\/td><td class=\"has-text-align-center\" data-align=\"center\">Secretar\u00eda institucional<\/td><\/tr><tr><td class=\"has-text-align-center\" data-align=\"center\">01 al 2\/11\/23<\/td><td class=\"has-text-align-left\" data-align=\"left\">Reuniones con equipos de gesti\u00f3n para la ratificaci\u00f3n de las vacantes y la difusi\u00f3n de la operatoria del concurso.<\/td><td class=\"has-text-align-center\" data-align=\"center\">CGES \u2013 Equipos<br>institucionales de gesti\u00f3n \u2013<br>Consejos Directivos<\/td><\/tr><tr><td class=\"has-text-align-center\" data-align=\"center\">21\/11\/23<\/td><td class=\"has-text-align-left\" data-align=\"left\">Publicaci\u00f3n del listado provisorio de las horas a concursar y perfiles por espacio curricular.<\/td><td class=\"has-text-align-center\" data-align=\"center\">CGES<\/td><\/tr><tr><td class=\"has-text-align-center\" data-align=\"center\">28\/11\/23<\/td><td class=\"has-text-align-left\" data-align=\"left\">Publicaci\u00f3n del listado definitivo de las horas a concursar, los perfiles y los agrupamientos para el concurso.<br>Difusi\u00f3n de las horas a concursar y los agrupamientos.<\/td><td class=\"has-text-align-center\" data-align=\"center\">CGES<br><br>CGES \u2013 Equipos<br>institucionales de gesti\u00f3n<\/td><\/tr><tr><td class=\"has-text-align-center\" data-align=\"center\">23\/11 al<br>14\/12\/2023<\/td><td class=\"has-text-align-left\" data-align=\"left\">Inscripci\u00f3n de aspirantes on line.<\/td><td class=\"has-text-align-center\" data-align=\"center\">CGES &#8211; Por plataforma<br>jurisdiccional<\/td><\/tr><tr><td class=\"has-text-align-center\" data-align=\"center\">14\/12\/2023<\/td><td class=\"has-text-align-left\" data-align=\"left\">Designaci\u00f3n de los jurados.<\/td><td class=\"has-text-align-center\" data-align=\"center\">CGES \u2013 Consejos<br>Directivos de los Institutos involucrados.<\/td><\/tr><tr><td class=\"has-text-align-center\" data-align=\"center\">15 al<br>19\/12\/2023<\/td><td class=\"has-text-align-left\" data-align=\"left\">Difusi\u00f3n del listado de aspirantes.<br>Notificaci\u00f3n a los aspirantes de la composici\u00f3n de los jurados.<\/td><td class=\"has-text-align-center\" data-align=\"center\">CGES \u2013 Institutos<br>CGES mediante p\u00e1gina<br>institucional y correo<br>electr\u00f3nico.<\/td><\/tr><tr><td class=\"has-text-align-center\" data-align=\"center\">15 al<br>22\/12\/2023<\/td><td class=\"has-text-align-left\" data-align=\"left\">Presentaci\u00f3n de impugnaciones hacia los aspirantes.<br>Presentaci\u00f3n de recusaciones respecto de los miembros del jurado.<\/td><td class=\"has-text-align-center\" data-align=\"center\">Docentes en general.<br>Aspirantes inscriptos.<\/td><\/tr><tr><td class=\"has-text-align-center\" data-align=\"center\">26 al<br>28\/12\/2023<\/td><td class=\"has-text-align-left\" data-align=\"left\">Resoluci\u00f3n de las impugnaciones\/recusaciones.<\/td><td class=\"has-text-align-center\" data-align=\"center\">CGES<\/td><\/tr><tr><td class=\"has-text-align-center\" data-align=\"center\">29\/12\/2023 al<br>04\/01\/2024<\/td><td class=\"has-text-align-left\" data-align=\"left\">Apelaci\u00f3n ante la DGE.<\/td><td class=\"has-text-align-center\" data-align=\"center\">DGE<\/td><\/tr><tr><td class=\"has-text-align-center\" data-align=\"center\">22\/12\/2023<\/td><td class=\"has-text-align-left\" data-align=\"left\">Sorteo de temas para elaboraci\u00f3n de proyectos.<\/td><td class=\"has-text-align-center\" data-align=\"center\">CGES<\/td><\/tr><tr><td class=\"has-text-align-center\" data-align=\"center\">09\/02\/2024<\/td><td class=\"has-text-align-left\" data-align=\"left\">Presentaci\u00f3n de carpetas en formato papel y de proyectos<\/td><td class=\"has-text-align-center\" data-align=\"center\">En las sedes institucionales<br>que por regi\u00f3n se designen<br>al efecto.<\/td><\/tr><tr><td class=\"has-text-align-center\" data-align=\"center\">15\/02\/2024<br>al 18\/03\/2024<\/td><td class=\"has-text-align-left\" data-align=\"left\">Actuaci\u00f3n del jurado:<br>\u2022 Constituci\u00f3n, determinaci\u00f3n de sede y horario de trabajo.<br>\u2022 Recepci\u00f3n de las carpetas en formato papel y proyectos (15\/02\/24)<br>\u2022 Reapertura de inscripci\u00f3n sino se alcanzan al menos tres postulantes por categor\u00eda   (tarea simult\u00e1nea a partir del 15\/02\/24 y por el t\u00e9rmino de 15 d\u00edas)<br>\u2022 Revisi\u00f3n de la tabulaci\u00f3n de antecedentes. Control de documentaci\u00f3n respaldatoria.<br>\u2022 Evaluaci\u00f3n de los proyectos de c\u00e1tedra.<br>\u2022 Sorteo de orden de defensa<br>\u2022 Defensa p\u00fablica<br>\u2022 Coloquio<br>\u2022 Elaboraci\u00f3n de informes<\/td><td class=\"has-text-align-center\" data-align=\"center\">Jurado.<br>Secretarios designados en<br>acuerdo con los Consejos<br>Directivos.<\/td><\/tr><tr><td class=\"has-text-align-center\" data-align=\"center\">18\/03\/2024<\/td><td class=\"has-text-align-left\" data-align=\"left\">Comunicaci\u00f3n del jurado a los Consejos Directivos del orden de m\u00e9rito.<\/td><td class=\"has-text-align-center\" data-align=\"center\">Jurado<\/td><\/tr><tr><td class=\"has-text-align-center\" data-align=\"center\">19\/03\/2024<\/td><td class=\"has-text-align-left\" data-align=\"left\">Se eleva a la CGES el orden de m\u00e9rito elaborado por el jurado.<\/td><td class=\"has-text-align-center\" data-align=\"center\">Jurado<\/td><\/tr><tr><td class=\"has-text-align-center\" data-align=\"center\">22\/03\/2024 al<br>27\/03\/2024<\/td><td class=\"has-text-align-left\" data-align=\"left\">Ofrecimiento<\/td><td class=\"has-text-align-center\" data-align=\"center\">CGES \u2013 Rector\/a de las<br>instituciones involucradas<\/td><\/tr><tr><td class=\"has-text-align-center\" data-align=\"center\">03\/04\/2024<\/td><td class=\"has-text-align-left\" data-align=\"left\">Toma de posesi\u00f3n<\/td><td class=\"has-text-align-center\" data-align=\"center\">Consejos Directivos de las<br>instituciones involucradas<\/td><\/tr><tr><td class=\"has-text-align-center\" data-align=\"center\">A partir del<br>03\/04\/2024<\/td><td class=\"has-text-align-left\" data-align=\"left\">Designaci\u00f3n por parte de la DGE<\/td><td class=\"has-text-align-center\" data-align=\"center\">DGE<\/td><\/tr><\/tbody><\/table><\/figure>\n\n\n\n<h2 class=\"wp-block-heading\"><\/h2>\n\n\n<div class=\"wp-block-image\">\n<figure class=\"aligncenter size-large is-resized\"><a href=\"https:\/\/cges-infd.mendoza.edu.ar\/sitio\/titularizacion\/\"><img decoding=\"async\" loading=\"lazy\" src=\"https:\/\/ies9027-infd.mendoza.edu.ar\/sitio\/wp-content\/uploads\/2022\/12\/mas-informacion-4.png\" alt=\"\" class=\"wp-image-4901\" width=\"304\" height=\"88\"\/><\/a><\/figure><\/div>","protected":false},"excerpt":{"rendered":"<p>ANEXO Implementaci\u00f3n de concursos p\u00fablicos y abiertos RESOL-2023-288-E-GDEMZA-CGES#DGE Implementaci\u00f3n Listado provisorio de espacios curriculares por zona RESOL-2023-7383-GDEMZA-DGE &#8211; Segunda convocatoria a Concurso Tutorial Sistema de tabulaci\u00f3n Sistema de tabulaci\u00f3n Cronograma general para el consurso de titularizaci\u00f3n Fecha Acci\u00f3n Responsables 27\/10\/2023 Emisi\u00f3n de normativa espec\u00edfica por parte de la CGES (t\u00e9rminos de referencia, procedimientos, etc.) CGES &#8230; <a title=\"TITULARIZACI\u00d3N\" class=\"read-more\" href=\"https:\/\/ies9027-infd.mendoza.edu.ar\/sitio\/titularizacion\/\" aria-label=\"More on TITULARIZACI\u00d3N\">[+]<\/a><\/p>\n","protected":false},"author":58,"featured_media":0,"parent":0,"menu_order":0,"comment_status":"closed","ping_status":"closed","template":"","meta":[],"acf":[],"_links":{"self":[{"href":"https:\/\/ies9027-infd.mendoza.edu.ar\/sitio\/wp-json\/wp\/v2\/pages\/4884"}],"collection":[{"href":"https:\/\/ies9027-infd.mendoza.edu.ar\/sitio\/wp-json\/wp\/v2\/pages"}],"about":[{"href":"https:\/\/ies9027-infd.mendoza.edu.ar\/sitio\/wp-json\/wp\/v2\/types\/page"}],"author":[{"embeddable":true,"href":"https:\/\/ies9027-infd.mendoza.edu.ar\/sitio\/wp-json\/wp\/v2\/users\/58"}],"replies":[{"embeddable":true,"href":"https:\/\/ies9027-infd.mendoza.edu.ar\/sitio\/wp-json\/wp\/v2\/comments?post=4884"}],"version-history":[{"count":32,"href":"https:\/\/ies9027-infd.mendoza.edu.ar\/sitio\/wp-json\/wp\/v2\/pages\/4884\/revisions"}],"predecessor-version":[{"id":5682,"href":"https:\/\/ies9027-infd.mendoza.edu.ar\/sitio\/wp-json\/wp\/v2\/pages\/4884\/revisions\/5682"}],"wp:attachment":[{"href":"https:\/\/ies9027-infd.mendoza.edu.ar\/sitio\/wp-json\/wp\/v2\/media?parent=4884"}],"curies":[{"name":"wp","href":"https:\/\/api.w.org\/{rel}","templated":true}]}}