{"id":4033,"date":"2022-06-21T22:40:54","date_gmt":"2022-06-22T01:40:54","guid":{"rendered":"https:\/\/ies9027-infd.mendoza.edu.ar\/sitio\/?page_id=4033"},"modified":"2026-03-13T20:08:30","modified_gmt":"2026-03-13T23:08:30","slug":"inscripciones-2022","status":"publish","type":"page","link":"https:\/\/ies9027-infd.mendoza.edu.ar\/sitio\/inscripciones-2022\/","title":{"rendered":"INGRESO CICLO LECTIVO 2026"},"content":{"rendered":"\n<p>INSCRIPCIONES ABIERTAS<\/p>\n\n\n\n<p>Los interesados podr\u00e1n completar el formulario de <strong>preinscripci\u00f3n online<\/strong> para iniciar su camino en la formaci\u00f3n docente. Esta instancia est\u00e1 destinada a quienes desean ingresar a alguna de las siguientes propuestas acad\u00e9micas:<\/p>\n\n\n\n<p>&#x2705; Profesorado de Educaci\u00f3n Primaria<br>&#x2705; Profesorado de Ingl\u00e9s<br>&#x2705; Profesorado de Educaci\u00f3n Especial con orientaci\u00f3n en discapacidad intelectual<\/p>\n\n\n\n<p><strong>\u00bfQu\u00e9 documentaci\u00f3n debo adjuntar?<\/strong><\/p>\n\n\n\n<p>Al completar el formulario, se solicitar\u00e1:<\/p>\n\n\n\n<ul>\n<li>Datos personales<\/li>\n\n\n\n<li>Copia del <strong>certificado anal\u00edtico<\/strong> (completo, incompleto o en tr\u00e1mite) de nivel secundario<\/li>\n\n\n\n<li>Copia del <strong>Documento Nacional de Identidad<\/strong><\/li>\n<\/ul>\n\n\n\n<p><strong>&nbsp;\u00bfPor qu\u00e9 es importante la preinscripci\u00f3n?<\/strong><\/p>\n\n\n\n<p>La preinscripci\u00f3n nos permite conocer qui\u00e9nes desean formar parte de nuestra comunidad educativa. Es un paso inicial clave para poder acompa\u00f1ar con tiempo y compromiso a quienes eligen continuar sus estudios en nuestro Instituto.<\/p>\n\n\n\n<p>Las <strong>inscripciones definitivas<\/strong> se realizar\u00e1n <strong>una vez superados los dispositivos de ingreso<\/strong>, que ser\u00e1n establecidos por la <strong>Direcci\u00f3n de Educaci\u00f3n Superior<\/strong><\/p>\n\n\n\n<p><strong>&nbsp;\u00bfEn qu\u00e9 consiste el dispositivo de ingreso?<\/strong><\/p>\n\n\n\n<p>La Direcci\u00f3n de Educaci\u00f3n Superior pone a disposici\u00f3n de los aspirantes a las carreras docentes y t\u00e9cnicas los cuadernillos de los m\u00f3dulos \u00abRazonamiento l\u00f3gico y resoluci\u00f3n de problemas\u00bb y \u00abComprensi\u00f3n y producci\u00f3n de textos\u00bb.<\/p>\n\n\n\n<p>Estos materiales conforman la base del curso nivelatorio unificado establecido por la Resoluci\u00f3n 4708-DGE-25, que se aplica en todos los Institutos de Educaci\u00f3n Superior, tanto de gesti\u00f3n estatal como privada.<\/p>\n\n\n\n<p>El objetivo principal es garantizar la equidad en el ingreso, ofreciendo a todos los postulantes las mismas oportunidades de preparaci\u00f3n en Lengua y Matem\u00e1tica, capacidades fundamentales para iniciar con \u00e9xito los estudios superiores.<\/p>\n\n\n\n<p>Las\/os invitamos a que puedan ir trabajando sobre los materiales dispuestos en el siguiente enlace <\/p>\n\n\n\n<p><a href=\"https:\/\/superior-infd.mendoza.edu.ar\/sitio\/ingreso\/\">https:\/\/superior-infd.mendoza.edu.ar\/sitio\/ingreso\/<\/a><\/p>\n\n\n\n<p><a href=\"https:\/\/drive.google.com\/file\/d\/1NGoZ5gn6P1P2-fDYsCSmmH9TWimsE7_C\/view?usp=sharing\">Material de Ingl\u00e9s<\/a><\/p>\n\n\n\n<p>Una vez que complete el formulario de pre-inscripci\u00f3n online nos comunicaremos para compartirles el usuario y contrase\u00f1a de nuestras aulas virtuales, en las que podr\u00e1 acceder a un recorrido por los diferentes m\u00f3dulos, mediado por docentes de nuestra instituci\u00f3n para acompa\u00f1arlas\/os de manera m\u00e1s cercana. En caso de el Profesorado de Ingl\u00e9s adem\u00e1s de acreditar los m\u00f3dulos \u00abRazonamiento l\u00f3gico y resoluci\u00f3n de problemas\u00bb y \u00abComprensi\u00f3n y producci\u00f3n de textos\u00bb, deber\u00e1n acreditar un m\u00f3dulo especifico de Lengua Inglesa el que tambi\u00e9n estar\u00e1 disponible en nuestras aulas virtuales.<\/p>\n\n\n\n<p>Para realizar la preinscripci\u00f3n completar el siguiente formulario: <\/p>\n\n\n<div class=\"wp-block-image\">\n<figure class=\"aligncenter size-full is-resized\"><img decoding=\"async\" loading=\"lazy\" src=\"https:\/\/ies9027-infd.mendoza.edu.ar\/sitio\/wp-content\/uploads\/2024\/09\/image.png\" alt=\"\" class=\"wp-image-6287\" width=\"217\" height=\"61\"\/><\/figure><\/div>\n\n\n<hr class=\"wp-block-separator has-alpha-channel-opacity\"\/>\n\n\n\n<p><strong>INGRESO POR EQUIVALENCIA<\/strong><\/p>\n\n\n\n<p>Se encuentra habilitado el <strong>formulario espec\u00edfico para los aspirantes que deseen ingresar presentando equivalencias<\/strong>.<\/p>\n\n\n\n<p>En este caso, el aspirante deber\u00e1 <strong>completar el formulario<\/strong>, y posteriormente <strong>descargar, completar e imprimir<\/strong> el siguiente documento  <strong>\u201c<a href=\"https:\/\/ies9027-infd.mendoza.edu.ar\/sitio\/wp-content\/uploads\/2025\/11\/Ficha-de-Recepcion-de-Equivalencias.docx\">FICHA DE RECEPCI\u00d3N DE EQUIVALENCIAS<\/a>\u201d<\/strong>.<br>Dicho documento deber\u00e1 ser presentado, junto con la <strong>documentaci\u00f3n requerida en soporte papel<\/strong>, en el Instituto hasta el lunes 15 de diciembre 21 hs.<\/p>\n\n\n\n<p>Formulario de presentaci\u00f3n de equivalencia :<\/p>\n\n\n<div class=\"wp-block-image\">\n<figure class=\"aligncenter size-full is-resized\"><img decoding=\"async\" loading=\"lazy\" src=\"https:\/\/ies9027-infd.mendoza.edu.ar\/sitio\/wp-content\/uploads\/2024\/09\/image.png\" alt=\"\" class=\"wp-image-6287\" width=\"217\" height=\"61\"\/><\/figure><\/div>\n\n\n<hr class=\"wp-block-separator has-alpha-channel-opacity\"\/>\n\n\n\n<p>\u00a1No te quedes afuera! Sumate a una instituci\u00f3n comprometida con la formaci\u00f3n de profesionales con vocaci\u00f3n, responsabilidad y perspectiva transformadora.<\/p>\n","protected":false},"excerpt":{"rendered":"<p>INSCRIPCIONES ABIERTAS Los interesados podr\u00e1n completar el formulario de preinscripci\u00f3n online para iniciar su camino en la formaci\u00f3n docente. Esta instancia est\u00e1 destinada a quienes desean ingresar a alguna de las siguientes propuestas acad\u00e9micas: &#x2705; Profesorado de Educaci\u00f3n Primaria&#x2705; Profesorado de Ingl\u00e9s&#x2705; Profesorado de Educaci\u00f3n Especial con orientaci\u00f3n en discapacidad intelectual \u00bfQu\u00e9 documentaci\u00f3n debo adjuntar? &#8230; <a title=\"INGRESO CICLO LECTIVO 2026\" class=\"read-more\" href=\"https:\/\/ies9027-infd.mendoza.edu.ar\/sitio\/inscripciones-2022\/\" aria-label=\"More on INGRESO CICLO LECTIVO 2026\">[+]<\/a><\/p>\n","protected":false},"author":58,"featured_media":0,"parent":0,"menu_order":0,"comment_status":"closed","ping_status":"closed","template":"","meta":[],"acf":[],"_links":{"self":[{"href":"https:\/\/ies9027-infd.mendoza.edu.ar\/sitio\/wp-json\/wp\/v2\/pages\/4033"}],"collection":[{"href":"https:\/\/ies9027-infd.mendoza.edu.ar\/sitio\/wp-json\/wp\/v2\/pages"}],"about":[{"href":"https:\/\/ies9027-infd.mendoza.edu.ar\/sitio\/wp-json\/wp\/v2\/types\/page"}],"author":[{"embeddable":true,"href":"https:\/\/ies9027-infd.mendoza.edu.ar\/sitio\/wp-json\/wp\/v2\/users\/58"}],"replies":[{"embeddable":true,"href":"https:\/\/ies9027-infd.mendoza.edu.ar\/sitio\/wp-json\/wp\/v2\/comments?post=4033"}],"version-history":[{"count":70,"href":"https:\/\/ies9027-infd.mendoza.edu.ar\/sitio\/wp-json\/wp\/v2\/pages\/4033\/revisions"}],"predecessor-version":[{"id":6824,"href":"https:\/\/ies9027-infd.mendoza.edu.ar\/sitio\/wp-json\/wp\/v2\/pages\/4033\/revisions\/6824"}],"wp:attachment":[{"href":"https:\/\/ies9027-infd.mendoza.edu.ar\/sitio\/wp-json\/wp\/v2\/media?parent=4033"}],"curies":[{"name":"wp","href":"https:\/\/api.w.org\/{rel}","templated":true}]}}