{"id":3920,"date":"2022-05-31T20:58:49","date_gmt":"2022-05-31T23:58:49","guid":{"rendered":"https:\/\/ies9027-infd.mendoza.edu.ar\/sitio\/?page_id=3920"},"modified":"2024-12-03T23:20:53","modified_gmt":"2024-12-04T02:20:53","slug":"elecciones-2022","status":"publish","type":"page","link":"https:\/\/ies9027-infd.mendoza.edu.ar\/sitio\/elecciones-2022\/","title":{"rendered":"ELECCIONES 2024 RENOVACI\u00d3N DE CONSEJO DIRECTIVO POR MITADES"},"content":{"rendered":"\n<p>En referencia al decreto N\u00b0 530\/2018, Anexo II El Consejo Directivo del Instituto de Educaci\u00f3n Superior IES 9-027 comunica que conforme con el cronograma fijado para las elecciones de medio t\u00e9rmino y renovaci\u00f3n de miembros del Honorable Consejo Directivo, se procede a compartir la normativa que respalda el mensionado proceso.<\/p>\n\n\n\n<pre class=\"wp-block-preformatted\"><strong>NORMATIVA DEL PROCESO ELECCIONARIO<\/strong><\/pre>\n\n\n\n<p><a href=\"https:\/\/www.mendoza.edu.ar\/wp-content\/uploads\/2018\/04\/Decreto-530.pdf\"><strong>DECRETO 530<\/strong> <strong>\/18<\/strong><\/a><\/p>\n\n\n\n<p><a href=\"https:\/\/ies9027-infd.mendoza.edu.ar\/sitio\/wp-content\/uploads\/2024\/08\/RESOL-2022-115-GDEMZA-CGESDGE.pdf\"><strong>RESOLUCI\u00d3N N\u00ba&nbsp; 00115<\/strong> <strong>&#8211; CGES &#8211; <\/strong>22<\/a><\/p>\n\n\n\n<p class=\"has-text-align-left\"><strong><a href=\"https:\/\/ies9027-infd.mendoza.edu.ar\/sitio\/wp-content\/uploads\/2024\/08\/RS-2024-04366816-GDEMZA-CGES.pdf\">RESOL-2024 &#8211; 131 &#8211; E -CDEMZA-CGES#DGE<\/a><\/strong><\/p>\n\n\n\n<p><strong><a href=\"https:\/\/ies9027-infd.mendoza.edu.ar\/sitio\/wp-content\/uploads\/2024\/08\/Resolucion-132024.pdf\">RESOLUCI\u00d3N N\u00ba&nbsp; 13\/2024<\/a><\/strong><\/p>\n\n\n\n<p><strong><a href=\"https:\/\/ies9027-infd.mendoza.edu.ar\/sitio\/wp-content\/uploads\/2024\/08\/Resolucion-Consejo-Directivo-014-2024-1.pdf\">RESOLUCI\u00d3N N\u00b0 14\/2024<\/a><\/strong><\/p>\n\n\n\n<p><a href=\"https:\/\/ies9027-infd.mendoza.edu.ar\/sitio\/wp-content\/uploads\/2024\/08\/Resolucion-Consejo-Directivo-N\u00b0-15-2024.pdf\"><strong>Resoluci\u00f3n Consejo Directivo N\u00b0 15 2024<\/strong><\/a><\/p>\n\n\n\n<pre class=\"wp-block-preformatted\"><strong>CRONOGRAMA ACTUALIZADO <\/strong><\/pre>\n\n\n\n<figure class=\"wp-block-table is-style-stripes\"><table><tbody><tr><td><strong>Fecha<\/strong><\/td><td><strong>Acci\u00f3n<\/strong><\/td><td><strong>Responsable<\/strong><\/td><\/tr><tr><td>13\/08\/2024<\/td><td>Aprobaci\u00f3n del CD del cronograma<\/td><td>Consejo Directivo<\/td><\/tr><tr><td>14\/08\/2024 al 26\/08\/2024<\/td><td>Convocatoria al proceso de elecci\u00f3n por los medios de comunicaci\u00f3n, el portal educativo, el bolet\u00edn oficial, la p\u00e1gina institucional.<\/td><td>Consejo Directivo DES<\/td><\/tr><tr><td>14\/08\/2024 al 26\/08\/2024<\/td><td>Convocatoria p\u00fablica para realizaci\u00f3n de Asambleas por claustro para la conformaci\u00f3n de Junta Electoral<\/td><td>Secretar\u00eda<\/td><\/tr><tr><td>14\/08\/2024 al 22\/08\/2024<\/td><td>Inscripci\u00f3n Padr\u00f3n Claustro Egresados<\/td><td>Consejo Directivo<\/td><\/tr><tr><td>26\/08\/2024 &nbsp;<\/td><td>Asambleas para conformaci\u00f3n Junta Electoral Claustro Docente, Claustro No Docente, Claustro Estudiante&nbsp; y Claustro Egresado&nbsp; &nbsp; <strong>TODOS LOS CLAUSTROS A LAS 18:30 HS.<\/strong><\/td><td>Consejo Directivo<\/td><\/tr><tr><td>15\/08\/2024 al 26\/08\/2024<\/td><td>Publicaci\u00f3n de los padrones&nbsp; provisorios<\/td><td>Secretaria Consejo Directivo<\/td><\/tr><tr><td>21\/08\/2024 al 29\/08\/2024<\/td><td>Recepci\u00f3n de rectificaci\u00f3n<\/td><td>Junta electoral<\/td><\/tr><tr><td>02 de septiembre de 2024<\/td><td>Publicaci\u00f3n Padrones Definitivos &nbsp;<\/td><td>Junta Electoral<\/td><\/tr><tr><td>16 de octubre&nbsp; de 2024<\/td><td>Presentaci\u00f3n de listas<\/td><td>Consejo Directivo Junta Electoral<\/td><\/tr><tr><td>28 de octubre de 2024<\/td><td>Oficializaci\u00f3n de las listas por parte de la Junta Electoral<\/td><td>Junta Electoral<\/td><\/tr><tr><td>29 de octubre&nbsp; 2024<\/td><td>Difusi\u00f3n y Promoci\u00f3n de listas<\/td><td>Junta Electoral<\/td><\/tr><tr><td>25 y 26 de Noviembre de 2024<\/td><td>Veda<\/td><td>&nbsp;<\/td><\/tr><tr><td>27 de Noviembre&nbsp; de 2024 &nbsp;<\/td><td>Comicios \u2013 Escrutinio provisorio<\/td><td>Junta Electoral<\/td><\/tr><tr><td>28 de Noviembre&nbsp; al 11 de diciembre<\/td><td>Escrutinio definitivo Recepci\u00f3n de justificaci\u00f3n de no voto<\/td><td>Junta Electoral<\/td><\/tr><tr><td>11 de Diciembre de 2024<\/td><td>Toma de conocimiento de escrutinio definitivo por parte del C.D. Elevaci\u00f3n de lo actuado a la DES &nbsp;<\/td><td>Consejo Directivo &nbsp;<\/td><\/tr><tr><td>16 de Diciembre de 2024<\/td><td>Toma de posesi\u00f3n cargos<\/td><td>Consejo Directivo &nbsp;<\/td><\/tr><\/tbody><\/table><\/figure>\n\n\n\n<pre class=\"wp-block-preformatted\"><strong>Padrones Definitivo<\/strong><\/pre>\n\n\n\n<p><a href=\"https:\/\/ies9027-infd.mendoza.edu.ar\/sitio\/wp-content\/uploads\/2024\/09\/Padron-Egresado-Definitivo.pdf\">Padr\u00f3n claustro egresado<\/a><\/p>\n\n\n\n<p><a href=\"https:\/\/ies9027-infd.mendoza.edu.ar\/sitio\/wp-content\/uploads\/2024\/09\/Padron-Alumnos-Definitivo-3.pdf\">Padr\u00f3n claustro estudiantes<\/a><\/p>\n\n\n\n<p><a href=\"https:\/\/ies9027-infd.mendoza.edu.ar\/sitio\/wp-content\/uploads\/2024\/11\/Padron-Docente-Definitivo.pdf\">Padr\u00f3n claustro docentes<\/a><\/p>\n\n\n\n<p><a href=\"https:\/\/ies9027-infd.mendoza.edu.ar\/sitio\/wp-content\/uploads\/2024\/10\/Padron-no-Docentes-Definitivo.pdf\">Padr\u00f3n claustro no docentes<\/a><\/p>\n\n\n\n<pre class=\"wp-block-preformatted\"><strong>ESCRUTINIO DEFINITIVO<\/strong><\/pre>\n\n\n\n<p><strong>La Junta Electoral del I.E.S. 9-027 informa que se ha realizado el escrutinio definitivo de las elecciones llevadas a cabo el pasado 27 de noviembre de 2024, para renovar a la mitad de los miembros de nuestro Consejo Directivo.<br>En la misma, resultaron electos los siguientes candidatos:<\/strong><\/p>\n\n\n\n<figure class=\"wp-block-table is-style-regular\"><table><tbody><tr><td><strong>CLAUSTRO DOCENTE:<\/strong><br><strong>CONSEJEROS\/AS TITULARES<\/strong>:<br>&#8211; LOPEZ, Jos\u00e9 Luis<br>&#8211; SUZZARRA, Pablo Facundo<br><strong>CONSEJEROS\/AS SUPLENTES:<\/strong><br>&#8211; VARGAS RUBILAR, Natalia Andrea<\/td><td><strong>CLAUSTRO ESTUDIANTES<\/strong>:<br><strong>CONSEJEROS\/AS TITULARES<\/strong>:<br>&#8211; PAEZ, Roc\u00edo Lourdes<br>&#8211; MATOS DE ROSALES, Corina Suhein<br><strong>CONSEJEROS\/AS SUPLENTES<\/strong>:<br>&#8211; MORENO, Sabrina Ayel\u00e9n<\/td><\/tr><tr><td><strong>CLAUSTRO NO DOCENTE<\/strong>:<br><strong>CONSEJEROS\/AS TITULARES:<\/strong><br>&#8211; GOMEZ, Dalila Elizabeth<\/td><td><strong>CLAUSTRO EGRESADOS <\/strong><br><strong>no present\u00f3 candidatos<\/strong><\/td><\/tr><\/tbody><\/table><figcaption class=\"wp-element-caption\">El Claustro EGRESADOS no present\u00f3 candidatos por lo cual, y de acuerdo al Decreto 530 de la Coordinaci\u00f3n General de Educaci\u00f3n Superior, los consejeros que actualmente lo representan continuar\u00e1n en sus funciones<strong>.<\/strong><\/figcaption><\/figure>\n\n\n\n<pre class=\"wp-block-preformatted\"><strong>Con este comunicado se da por concluido el acto electivo y se deja constancia de que todas las etapas y requisitos del mismo, se han cumplido de acuerdo con las normas legales que exige la Coordinaci\u00f3n General de Educaci\u00f3n Superior.\nLa junta Electoral, desea felicitar a los candidatos que resultaron electos y a toda la comunidad educativa que particip\u00f3, de manera democr\u00e1tica y responsable en todo el proceso eleccionario.<\/strong><\/pre>\n","protected":false},"excerpt":{"rendered":"<p>En referencia al decreto N\u00b0 530\/2018, Anexo II El Consejo Directivo del Instituto de Educaci\u00f3n Superior IES 9-027 comunica que conforme con el cronograma fijado para las elecciones de medio t\u00e9rmino y renovaci\u00f3n de miembros del Honorable Consejo Directivo, se procede a compartir la normativa que respalda el mensionado proceso. NORMATIVA DEL PROCESO ELECCIONARIO DECRETO &#8230; <a title=\"ELECCIONES 2024 RENOVACI\u00d3N DE CONSEJO DIRECTIVO POR MITADES\" class=\"read-more\" href=\"https:\/\/ies9027-infd.mendoza.edu.ar\/sitio\/elecciones-2022\/\" aria-label=\"More on ELECCIONES 2024 RENOVACI\u00d3N DE CONSEJO DIRECTIVO POR MITADES\">[+]<\/a><\/p>\n","protected":false},"author":58,"featured_media":0,"parent":0,"menu_order":0,"comment_status":"closed","ping_status":"closed","template":"","meta":[],"acf":[],"_links":{"self":[{"href":"https:\/\/ies9027-infd.mendoza.edu.ar\/sitio\/wp-json\/wp\/v2\/pages\/3920"}],"collection":[{"href":"https:\/\/ies9027-infd.mendoza.edu.ar\/sitio\/wp-json\/wp\/v2\/pages"}],"about":[{"href":"https:\/\/ies9027-infd.mendoza.edu.ar\/sitio\/wp-json\/wp\/v2\/types\/page"}],"author":[{"embeddable":true,"href":"https:\/\/ies9027-infd.mendoza.edu.ar\/sitio\/wp-json\/wp\/v2\/users\/58"}],"replies":[{"embeddable":true,"href":"https:\/\/ies9027-infd.mendoza.edu.ar\/sitio\/wp-json\/wp\/v2\/comments?post=3920"}],"version-history":[{"count":109,"href":"https:\/\/ies9027-infd.mendoza.edu.ar\/sitio\/wp-json\/wp\/v2\/pages\/3920\/revisions"}],"predecessor-version":[{"id":6376,"href":"https:\/\/ies9027-infd.mendoza.edu.ar\/sitio\/wp-json\/wp\/v2\/pages\/3920\/revisions\/6376"}],"wp:attachment":[{"href":"https:\/\/ies9027-infd.mendoza.edu.ar\/sitio\/wp-json\/wp\/v2\/media?parent=3920"}],"curies":[{"name":"wp","href":"https:\/\/api.w.org\/{rel}","templated":true}]}}