{"id":3751,"date":"2022-03-28T22:08:26","date_gmt":"2022-03-29T01:08:26","guid":{"rendered":"https:\/\/ies9027-infd.mendoza.edu.ar\/sitio\/?page_id=3751"},"modified":"2025-08-25T21:37:05","modified_gmt":"2025-08-26T00:37:05","slug":"estructura-curricular-profesorado-de-ingles","status":"publish","type":"page","link":"https:\/\/ies9027-infd.mendoza.edu.ar\/sitio\/estructura-curricular-profesorado-de-ingles\/","title":{"rendered":"Estructura Curricular"},"content":{"rendered":"\n<pre class=\"wp-block-preformatted\"><strong>EN CASO DE NECESITAR ALG\u00daN PROGRAMA, POR FAVOR COMUN\u00cdQUESE CON BEDEL\u00cdA.<\/strong><\/pre>\n\n\n\n<pre class=\"wp-block-preformatted\"><strong>PRIMER A\u00d1O<\/strong> (Plan Nuevo)<\/pre>\n\n\n\n<figure class=\"wp-block-table is-style-stripes\"><table><tbody><tr><td class=\"has-text-align-center\" data-align=\"center\"><strong>PRIMER CUATRIMESTRE<\/strong><\/td><td class=\"has-text-align-center\" data-align=\"center\"><strong>SEGUNDO CUATRIMESTRE<\/strong><\/td><\/tr><tr><td class=\"has-text-align-center\" data-align=\"center\">Pr\u00e1ctica profesional docente I<br> 4 HS.<\/td><td class=\"has-text-align-center\" data-align=\"center\">Pr\u00e1ctica profesional docente I<br>4 HS.<\/td><\/tr><tr><td class=\"has-text-align-center\" data-align=\"center\">Lengua Inglesa I<br>5 HS.<\/td><td class=\"has-text-align-center\" data-align=\"center\">Lengua Inglesa I<br>5 HS.<\/td><\/tr><tr><td class=\"has-text-align-center\" data-align=\"center\">Fon\u00e9tica y Fonolog\u00eda Inglesa<br>6 HS.<\/td><td class=\"has-text-align-center\" data-align=\"center\">Fon\u00e9tica y Fonolog\u00eda Inglesa<br>6 HS.<\/td><\/tr><tr><td class=\"has-text-align-center\" data-align=\"center\">Gram\u00e1tica Inglesa I<br>6 HS.<\/td><td class=\"has-text-align-center\" data-align=\"center\">Gram\u00e1tica Inglesa I<br>6 HS.<\/td><\/tr><tr><td class=\"has-text-align-center\" data-align=\"center\">Pr\u00e1cticas de Lengua Inglesa<br>4 HS.<\/td><td class=\"has-text-align-center\" data-align=\"center\">Pr\u00e1cticas de Lengua Inglesa<br>4 HS.<\/td><\/tr><tr><td class=\"has-text-align-center\" data-align=\"center\">Comprensi\u00f3n y Producci\u00f3n de Textos Acad\u00e9micos <br>5 HS.<\/td><td class=\"has-text-align-center\" data-align=\"center\">Comprensi\u00f3n y Producci\u00f3n de Textos Acad\u00e9micos<br>5 HS.<\/td><\/tr><tr><td class=\"has-text-align-center\" data-align=\"center\">Pensamientos Filos\u00f3ficos<br>4 HS.<\/td><td class=\"has-text-align-center\" data-align=\"center\">Pr\u00e1cticas de Gram\u00e1tica Inglesa<br>3 HS.<\/td><\/tr><tr><td class=\"has-text-align-center\" data-align=\"center\">Sistema Educativo<br>5 HS.<\/td><td class=\"has-text-align-center\" data-align=\"center\">Pedagog\u00eda <br>5 HS.<\/td><\/tr><\/tbody><\/table><\/figure>\n\n\n\n<pre class=\"wp-block-preformatted\"><strong>SEGUNDO A\u00d1O<\/strong> (Plan Nuevo)<\/pre>\n\n\n\n<figure class=\"wp-block-table is-style-stripes\"><table><tbody><tr><td class=\"has-text-align-center\" data-align=\"center\"><strong>PRIMER CUATRIMESTRE<\/strong><\/td><td class=\"has-text-align-center\" data-align=\"center\"><strong>SEGUNDO CUATRIMESTRE<\/strong><\/td><\/tr><tr><td class=\"has-text-align-center\" data-align=\"center\">Pr\u00e1ctica profesional docente II<br>6 hs.<\/td><td class=\"has-text-align-center\" data-align=\"center\">Pr\u00e1ctica profesional docente II<br>6 hs.<\/td><\/tr><tr><td class=\"has-text-align-center\" data-align=\"center\">Lengua Inglesa II<br>5 hs.<\/td><td class=\"has-text-align-center\" data-align=\"center\">Lengua Inglesa II<br>5 hs.<\/td><\/tr><tr><td class=\"has-text-align-center\" data-align=\"center\">Fon\u00e9tica y Fonolog\u00eda Inglesa II<br>4 hs.<\/td><td class=\"has-text-align-center\" data-align=\"center\">Fon\u00e9tica y Fonolog\u00eda Inglesa II<br>4 hs.<\/td><\/tr><tr><td class=\"has-text-align-center\" data-align=\"center\">Gram\u00e1tica Inglesa II<br>5 hs.<\/td><td class=\"has-text-align-center\" data-align=\"center\">Gram\u00e1tica Inglesa II<br>5 hs.<\/td><\/tr><tr><td class=\"has-text-align-center\" data-align=\"center\">Did\u00e1ctica del Ingl\u00e9s I<br>4 hs.<\/td><td class=\"has-text-align-center\" data-align=\"center\">Did\u00e1ctica del Ingl\u00e9s I<br>4 hs.<\/td><\/tr><tr><td class=\"has-text-align-center\" data-align=\"center\">Sujeto de la Educaci\u00f3n I<br>5 hs.<\/td><td class=\"has-text-align-center\" data-align=\"center\">Sujeto de la Educaci\u00f3n II<br>5 hs.<\/td><\/tr><tr><td class=\"has-text-align-center\" data-align=\"center\">Did\u00e1ctica <br>5 hs.<\/td><td class=\"has-text-align-center\" data-align=\"center\">Pr\u00e1ctica de Fon\u00e9tica y Fonolog\u00eda Inglesa<br>3 hs<\/td><\/tr><tr><td class=\"has-text-align-center\" data-align=\"center\">Instituciones Educativas<br>5 hs.<\/td><td class=\"has-text-align-center\" data-align=\"center\">Psicolog\u00eda Educacional<br>5 hs.<\/td><\/tr><\/tbody><\/table><\/figure>\n\n\n\n<p class=\"has-text-align-center\"><strong>SEGUNDO A\u00d1O<\/strong><\/p>\n\n\n\n<figure class=\"wp-block-table is-style-stripes\"><table><tbody><tr><td class=\"has-text-align-center\" data-align=\"center\"><strong>PRIMER CUATRIMESTRE<\/strong><\/td><td class=\"has-text-align-center\" data-align=\"center\"><strong>SEGUNDO CUATRIMESTRE<\/strong><\/td><\/tr><tr><td class=\"has-text-align-center\" data-align=\"center\">HISTORIA Y POL\u00cdTICA DE LA <br>EDUCACI\u00d3N ARGENTINA<br>(CFG-TFED)<\/td><td class=\"has-text-align-center\" data-align=\"center\">INSTITUCIONES EDUCATIVAS<br>(CFG-TFED)<\/td><\/tr><tr><td class=\"has-text-align-center\" data-align=\"center\">SUJETO DE LA EDUCACI\u00d3N I<br>(CFE-TFO)<\/td><td class=\"has-text-align-center\" data-align=\"center\">SUJETO DE LA EDUCACI\u00d3N II<br>(CFE-TFO)<\/td><\/tr><tr><td class=\"has-text-align-center\" data-align=\"center\">GEOGRAF\u00cdA Y CULTURA INGLESA I<br>(CFE-TFD)<\/td><td class=\"has-text-align-center\" data-align=\"center\">GEOGRAF\u00cdA Y CULTURA INGLESA II<br>(CFE-TFD)<\/td><\/tr><tr><td class=\"has-text-align-center\" data-align=\"center\">IDIOMA INGL\u00c9S II<br>(CFE-TFD)<\/td><td class=\"has-text-align-center\" data-align=\"center\">IDIOMA INGL\u00c9S II<br>(CFE-TFD)<\/td><\/tr><tr><td class=\"has-text-align-center\" data-align=\"center\">GRAM\u00c1TICA INGLESA II<br>(CFE-TFD)<\/td><td class=\"has-text-align-center\" data-align=\"center\">GRAM\u00c1TICA INGLESA II<br>(CFE-TFD)<\/td><\/tr><tr><td class=\"has-text-align-center\" data-align=\"center\">FON\u00c9TICA Y FONOLOG\u00cdA INGLESA II<br>(CFE-TFD)<\/td><td class=\"has-text-align-center\" data-align=\"center\">FON\u00c9TICA Y FONOLOG\u00cdA INGLESA II<br>(CFE-TFD)<\/td><\/tr><tr><td class=\"has-text-align-center\" data-align=\"center\">DID\u00c1CTICA ESPECIAL I<br>(CFE-TFO)<\/td><td class=\"has-text-align-center\" data-align=\"center\">DID\u00c1CTICA ESPECIAL I<br>(CFE-TFO)<\/td><\/tr><tr><td class=\"has-text-align-center\" data-align=\"center\">Pr\u00e1ctica profesional docente II<br>(CFPPD)<\/td><td class=\"has-text-align-center\" data-align=\"center\">Pr\u00e1ctica profesional docente II<br>(CFPPD)<\/td><\/tr><tr><td class=\"has-text-align-center\" data-align=\"center\">ELECTIVA I<br>(CFE-TFED)<\/td><td class=\"has-text-align-center\" data-align=\"center\">ELECTIVA II<br>(CFG-TFD)<\/td><\/tr><\/tbody><\/table><\/figure>\n\n\n\n<p class=\"has-text-align-center\"><strong>TERCER A\u00d1O<\/strong><\/p>\n\n\n\n<figure class=\"wp-block-table is-style-stripes\"><table><tbody><tr><td class=\"has-text-align-center\" data-align=\"center\"><strong>PRIMER CUATRIMESTRE<\/strong><\/td><td class=\"has-text-align-center\" data-align=\"center\"><strong>SEGUNDO CUATRIMESTRE<\/strong><\/td><\/tr><tr><td class=\"has-text-align-center\" data-align=\"center\">SOCIOLOG\u00cdA DE LA EDUCACI\u00d3N<br>(CFG-TFEd)<\/td><td class=\"has-text-align-center\" data-align=\"center\">FILOSOF\u00cdA<br>(CFG-TFEd)<\/td><\/tr><tr><td class=\"has-text-align-center\" data-align=\"center\">HISTORIA Y LITERATURA INGLESA I<br>(CFE-TFD)<\/td><td class=\"has-text-align-center\" data-align=\"center\">HISTORIA Y LITERATURA INGLESA II<br>(CFE-TFD)<\/td><\/tr><tr><td class=\"has-text-align-center\" data-align=\"center\">LING\u00dc\u00cdSTICA<br>(CFE-TFD)<\/td><td class=\"has-text-align-center\" data-align=\"center\">LING\u00dc\u00cdSTICA<br>(CFE-TFD)<\/td><\/tr><tr><td class=\"has-text-align-center\" data-align=\"center\">IDIOMA INGL\u00c9S III<br>(CFE-TFD)<\/td><td class=\"has-text-align-center\" data-align=\"center\">IDIOMA INGL\u00c9S III<br>(CFE-TFD)<\/td><\/tr><tr><td class=\"has-text-align-center\" data-align=\"center\">GRAM\u00c1TICA INGLESA III<br>(CFE-TFD)<\/td><td class=\"has-text-align-center\" data-align=\"center\">GRAM\u00c1TICA INGLESA III<br>(CFE-TFD)<\/td><\/tr><tr><td class=\"has-text-align-center\" data-align=\"center\">FON\u00c9TICA Y FONOLOG\u00cdA INGLESA III<br>(CFE-TFD)<\/td><td class=\"has-text-align-center\" data-align=\"center\">FON\u00c9TICA Y FONOLOG\u00cdA INGLESA III<br>(CFE-TFD)<\/td><\/tr><tr><td class=\"has-text-align-center\" data-align=\"center\">DID\u00c1CTICA ESPECIAL II<br>(CFE-TFO)<\/td><td class=\"has-text-align-center\" data-align=\"center\">DID\u00c1CTICA ESPECIAL II<br>(CFE-TFO)<\/td><\/tr><tr><td class=\"has-text-align-center\" data-align=\"center\">Pr\u00e1ctica profesional docente III<br>(CFPPD)<\/td><td class=\"has-text-align-center\" data-align=\"center\">Pr\u00e1ctica profesional docente III<br>(CFPPD)<\/td><\/tr><tr><td class=\"has-text-align-center\" data-align=\"center\">ELECTIVA III<br>(CFE-TFD)<\/td><td class=\"has-text-align-center\" data-align=\"center\">ELECTIVA IV<br>(CFE-TFO)<\/td><\/tr><\/tbody><\/table><\/figure>\n\n\n\n<p class=\"has-text-align-center\"><strong>CUARTO A\u00d1O<\/strong><\/p>\n\n\n\n<figure class=\"wp-block-table is-style-stripes\"><table><tbody><tr><td class=\"has-text-align-center\" data-align=\"center\"><strong>PRIMER CUATRIMESTRE<\/strong><\/td><td class=\"has-text-align-center\" data-align=\"center\"><strong>SEGUNDO CUATRIMESTRE<\/strong><\/td><\/tr><tr><td class=\"has-text-align-center\" data-align=\"center\">PROMOCI\u00d3N DE LA SALUD<br>(CFG-TAF)<\/td><td class=\"has-text-align-center\" data-align=\"center\">UDI<br>(CFG-TFE)<\/td><\/tr><tr><td class=\"has-text-align-center\" data-align=\"center\">FON\u00c9TICA Y FONOLOG\u00cdA INGLESA IV<br>(CFE-TFD)<\/td><td class=\"has-text-align-center\" data-align=\"center\">UDI<br>(CFE-TFO)<\/td><\/tr><tr><td class=\"has-text-align-center\" data-align=\"center\">HISTORIA Y LITERATURA ESTADOUNIDENSE<br>(CFE-TFD)<\/td><td class=\"has-text-align-center\" data-align=\"center\">LITERATURA DEL SIGLO XX <br>DE OTROS PA\u00cdSES DE HABLA INGLESA<br>(CFE-TFD)<\/td><\/tr><tr><td class=\"has-text-align-center\" data-align=\"center\">IDIOMA INGL\u00c9S IV<br>(CFE-TFD)<\/td><td class=\"has-text-align-center\" data-align=\"center\">IDIOMA INGL\u00c9S IV<br>(CFE-TFD)<\/td><\/tr><tr><td class=\"has-text-align-center\" data-align=\"center\">Pr\u00e1ctica profesional docente IV<\/td><td class=\"has-text-align-center\" data-align=\"center\">Pr\u00e1ctica profesional docente IV<\/td><\/tr><tr><td class=\"has-text-align-center\" data-align=\"center\">ELECTIVA V<br>(CFEE-TFO)<\/td><td class=\"has-text-align-center\" data-align=\"center\">ELECTIVA VI<br>CFPPD)<\/td><\/tr><\/tbody><\/table><\/figure>\n","protected":false},"excerpt":{"rendered":"<p>EN CASO DE NECESITAR ALG\u00daN PROGRAMA, POR FAVOR COMUN\u00cdQUESE CON BEDEL\u00cdA. PRIMER A\u00d1O (Plan Nuevo) PRIMER CUATRIMESTRE SEGUNDO CUATRIMESTRE Pr\u00e1ctica profesional docente I 4 HS. Pr\u00e1ctica profesional docente I4 HS. Lengua Inglesa I5 HS. Lengua Inglesa I5 HS. Fon\u00e9tica y Fonolog\u00eda Inglesa6 HS. Fon\u00e9tica y Fonolog\u00eda Inglesa6 HS. Gram\u00e1tica Inglesa I6 HS. Gram\u00e1tica Inglesa I6 &#8230; <a title=\"Estructura Curricular\" class=\"read-more\" href=\"https:\/\/ies9027-infd.mendoza.edu.ar\/sitio\/estructura-curricular-profesorado-de-ingles\/\" aria-label=\"More on Estructura Curricular\">[+]<\/a><\/p>\n","protected":false},"author":58,"featured_media":0,"parent":0,"menu_order":0,"comment_status":"closed","ping_status":"closed","template":"","meta":[],"acf":[],"_links":{"self":[{"href":"https:\/\/ies9027-infd.mendoza.edu.ar\/sitio\/wp-json\/wp\/v2\/pages\/3751"}],"collection":[{"href":"https:\/\/ies9027-infd.mendoza.edu.ar\/sitio\/wp-json\/wp\/v2\/pages"}],"about":[{"href":"https:\/\/ies9027-infd.mendoza.edu.ar\/sitio\/wp-json\/wp\/v2\/types\/page"}],"author":[{"embeddable":true,"href":"https:\/\/ies9027-infd.mendoza.edu.ar\/sitio\/wp-json\/wp\/v2\/users\/58"}],"replies":[{"embeddable":true,"href":"https:\/\/ies9027-infd.mendoza.edu.ar\/sitio\/wp-json\/wp\/v2\/comments?post=3751"}],"version-history":[{"count":29,"href":"https:\/\/ies9027-infd.mendoza.edu.ar\/sitio\/wp-json\/wp\/v2\/pages\/3751\/revisions"}],"predecessor-version":[{"id":6630,"href":"https:\/\/ies9027-infd.mendoza.edu.ar\/sitio\/wp-json\/wp\/v2\/pages\/3751\/revisions\/6630"}],"wp:attachment":[{"href":"https:\/\/ies9027-infd.mendoza.edu.ar\/sitio\/wp-json\/wp\/v2\/media?parent=3751"}],"curies":[{"name":"wp","href":"https:\/\/api.w.org\/{rel}","templated":true}]}}