{"id":3736,"date":"2022-03-25T20:46:40","date_gmt":"2022-03-25T23:46:40","guid":{"rendered":"https:\/\/ies9027-infd.mendoza.edu.ar\/sitio\/?page_id=3736"},"modified":"2026-03-19T13:47:44","modified_gmt":"2026-03-19T16:47:44","slug":"profesorado-de-ingles","status":"publish","type":"page","link":"https:\/\/ies9027-infd.mendoza.edu.ar\/sitio\/profesorado-de-ingles\/","title":{"rendered":"Profesorado de Ingl\u00e9s"},"content":{"rendered":"\n<h5 class=\"wp-block-heading has-text-align-center\" id=\"block-ba112b30-6da6-4746-8503-a261f3b2e75f\"><img decoding=\"async\" loading=\"lazy\" width=\"328\" height=\"154\" class=\"wp-image-3743\" style=\"width: 600px;\" src=\"https:\/\/ies9027-infd.mendoza.edu.ar\/sitio\/wp-content\/uploads\/2022\/03\/ingles.jpg\" alt=\"\"><\/h5>\n\n\n\n<p><strong>Ficha de inscripci\u00f3n ciclo lectivo 2026 para alumnos de 1\u00b0 a\u00f1o &nbsp;&nbsp;<\/strong><a href=\"https:\/\/ies9027-infd.mendoza.edu.ar\/sitio\/wp-content\/uploads\/2026\/03\/ficha-de-ingreso-IES-1.docx\"><img decoding=\"async\" loading=\"lazy\" width=\"1263\" height=\"352\" class=\"wp-image-3619\" style=\"width: 150px;\" src=\"https:\/\/ies9027-infd.mendoza.edu.ar\/sitio\/wp-content\/uploads\/2022\/03\/boton.png\" alt=\"\" srcset=\"https:\/\/ies9027-infd.mendoza.edu.ar\/sitio\/wp-content\/uploads\/2022\/03\/boton.png 1263w, https:\/\/ies9027-infd.mendoza.edu.ar\/sitio\/wp-content\/uploads\/2022\/03\/boton-1000x279.png 1000w, https:\/\/ies9027-infd.mendoza.edu.ar\/sitio\/wp-content\/uploads\/2022\/03\/boton-768x214.png 768w\" sizes=\"(max-width: 1263px) 100vw, 1263px\" \/><\/a><\/p>\n\n\n\n<p><strong>Ficha de inscripci\u00f3n<\/strong><a href=\"https:\/\/ies9027-infd.mendoza.edu.ar\/sitio\/wp-content\/uploads\/2026\/03\/ficha-de-reinscripcion-PI.docx\"> <img decoding=\"async\" loading=\"lazy\" width=\"1263\" height=\"352\" class=\"wp-image-3619\" style=\"width: 150px;\" src=\"https:\/\/ies9027-infd.mendoza.edu.ar\/sitio\/wp-content\/uploads\/2022\/03\/boton.png\" alt=\"\" srcset=\"https:\/\/ies9027-infd.mendoza.edu.ar\/sitio\/wp-content\/uploads\/2022\/03\/boton.png 1263w, https:\/\/ies9027-infd.mendoza.edu.ar\/sitio\/wp-content\/uploads\/2022\/03\/boton-1000x279.png 1000w, https:\/\/ies9027-infd.mendoza.edu.ar\/sitio\/wp-content\/uploads\/2022\/03\/boton-768x214.png 768w\" sizes=\"(max-width: 1263px) 100vw, 1263px\" \/><\/a><strong>\u00a0<\/strong><\/p>\n\n\n\n<p><strong>ESPECIFICACIONES<\/strong><\/p>\n\n\n\n<p><strong>RES<\/strong>. 575-2010 de la Direcci\u00f3n General de Escuelas<\/p>\n\n\n\n<p><strong>DENOMINACI\u00d3N DE LA CARRERA<\/strong>: PROFESORADO DE INGL\u00c9S<\/p>\n\n\n\n<p><strong>T\u00cdTULO DE INGL\u00c9S<\/strong>: PROFESOR\/A DE INGL\u00c9S<\/p>\n\n\n\n<p><strong>DURACI\u00d3N DE LA CARRERA<\/strong>: 4 A\u00d1OS<\/p>\n\n\n\n<p><a href=\"https:\/\/ies9027-infd.mendoza.edu.ar\/sitio\/wp-content\/uploads\/2026\/03\/RESOL-2023-6871-GDEMZA-DGE-Profesorado-de-Ingles.pdf\">RESL-2023-6871-E-GDEMZA-DGE<\/a><\/p>\n\n\n\n<p><strong>PERFIL DE LOS EGRESADOS:<\/strong><a href=\"https:\/\/ies9027-infd.mendoza.edu.ar\/sitio\/wp-content\/uploads\/2022\/03\/ficha-de-ingreso-IES.docx\"><\/a><a href=\"https:\/\/ies9027-infd.mendoza.edu.ar\/sitio\/wp-content\/uploads\/2022\/03\/ficha-de-ingreso-IES.docx\"><\/a><\/p>\n\n\n\n<p>El docente que se quiere formar en el dise\u00f1o curricular del profesorado de ingl\u00e9s recupera los acuerdos federales plasmados en los lineamientos curriculares nacionales que plantean la docencia como pr\u00e1ctica de mediaci\u00f3n cultural reflexiva y cr\u00edtica, como trabajo profesional institucionalizado y como pr\u00e1ctica pedag\u00f3gica y tambi\u00e9n las voces&nbsp; de los docentes formadores de los ISFD y de los docentes del sistema que aportaron con su experiencia a definir el perfil del docente deseado.<\/p>\n\n\n\n<p>La docencia es tambi\u00e9n una pr\u00e1ctica pedag\u00f3gica constrida a partir de la transmisi\u00f3n de conocimientos y de las formas apropiadas para ponerlos a disposici\u00f3n de sus alumnas\/os y que toma a la diversidad como contexto. Ello implica la capacidad de analizar la pr\u00e1ctica cotidiana incorporando las dimensiones siempre particulares del contexto de las pr\u00e1cticas, tanto en el nivel organizacional como en el aula, en vistas de la mejora continua de la ense\u00f1anza de la lengua extranjera. Estas pr\u00e1cticas requieren interrogarse acerca de la contextualizaci\u00f3n de los principios generales y espec\u00edficos de la ense\u00f1anza del ingl\u00e9s en los espacios locales de su realizaci\u00f3n.<\/p>\n\n\n\n<p>Se intenta formar un\/a profeso\/a para el SITEMA EDUCATIVO FORMAL Y NO FORMAL, qe sea a lavez persona comprometida, mediador intelectual, animador de una comunidad educativa, garante de la LEY y organizador de una vida democr\u00e1tica, intelectual y conductor cultural. Se pretende formar un docente capaz de:<\/p>\n\n\n\n<ul>\n<li>Asumir&nbsp; como un ser aut\u00f3nomo comprometido con la realidad socio cultural en la cual est\u00e1 inserto.<\/li>\n\n\n\n<li>Construir din\u00e1micamente una identidad como profesional docente<\/li>\n\n\n\n<li>Desplegar pr\u00e1cticas educativas en las cuales manifieste diversas capacidades<\/li>\n<\/ul>\n\n\n\n<p><\/p>\n\n\n\n<h5 class=\"wp-block-heading\"><a href=\"https:\/\/ies9027-infd.mendoza.edu.ar\/sitio\/wp-content\/uploads\/2022\/03\/ficha-de-ingreso-IES.docx\"><strong><\/strong><\/a><\/h5>\n","protected":false},"excerpt":{"rendered":"<p>Ficha de inscripci\u00f3n ciclo lectivo 2026 para alumnos de 1\u00b0 a\u00f1o &nbsp;&nbsp; Ficha de inscripci\u00f3n \u00a0 ESPECIFICACIONES RES. 575-2010 de la Direcci\u00f3n General de Escuelas DENOMINACI\u00d3N DE LA CARRERA: PROFESORADO DE INGL\u00c9S T\u00cdTULO DE INGL\u00c9S: PROFESOR\/A DE INGL\u00c9S DURACI\u00d3N DE LA CARRERA: 4 A\u00d1OS RESL-2023-6871-E-GDEMZA-DGE PERFIL DE LOS EGRESADOS: El docente que se quiere formar &#8230; <a title=\"Profesorado de Ingl\u00e9s\" class=\"read-more\" href=\"https:\/\/ies9027-infd.mendoza.edu.ar\/sitio\/profesorado-de-ingles\/\" aria-label=\"More on Profesorado de Ingl\u00e9s\">[+]<\/a><\/p>\n","protected":false},"author":58,"featured_media":0,"parent":0,"menu_order":0,"comment_status":"closed","ping_status":"closed","template":"","meta":[],"acf":[],"_links":{"self":[{"href":"https:\/\/ies9027-infd.mendoza.edu.ar\/sitio\/wp-json\/wp\/v2\/pages\/3736"}],"collection":[{"href":"https:\/\/ies9027-infd.mendoza.edu.ar\/sitio\/wp-json\/wp\/v2\/pages"}],"about":[{"href":"https:\/\/ies9027-infd.mendoza.edu.ar\/sitio\/wp-json\/wp\/v2\/types\/page"}],"author":[{"embeddable":true,"href":"https:\/\/ies9027-infd.mendoza.edu.ar\/sitio\/wp-json\/wp\/v2\/users\/58"}],"replies":[{"embeddable":true,"href":"https:\/\/ies9027-infd.mendoza.edu.ar\/sitio\/wp-json\/wp\/v2\/comments?post=3736"}],"version-history":[{"count":22,"href":"https:\/\/ies9027-infd.mendoza.edu.ar\/sitio\/wp-json\/wp\/v2\/pages\/3736\/revisions"}],"predecessor-version":[{"id":6853,"href":"https:\/\/ies9027-infd.mendoza.edu.ar\/sitio\/wp-json\/wp\/v2\/pages\/3736\/revisions\/6853"}],"wp:attachment":[{"href":"https:\/\/ies9027-infd.mendoza.edu.ar\/sitio\/wp-json\/wp\/v2\/media?parent=3736"}],"curies":[{"name":"wp","href":"https:\/\/api.w.org\/{rel}","templated":true}]}}