{"id":3554,"date":"2022-02-02T21:42:02","date_gmt":"2022-02-03T00:42:02","guid":{"rendered":"https:\/\/ies9027-infd.mendoza.edu.ar\/sitio\/?page_id=3554"},"modified":"2022-03-09T23:24:10","modified_gmt":"2022-03-10T02:24:10","slug":"llamado-externo-a-bedel-2","status":"publish","type":"page","link":"https:\/\/ies9027-infd.mendoza.edu.ar\/sitio\/llamado-externo-a-bedel-2\/","title":{"rendered":"llamado externo a bedel"},"content":{"rendered":"\n<p>El IES 9-027 convoca en llamado externo a bedel con certificaci\u00f3n correspondiente al rol para el que concursa, el d\u00eda 21 de marzo de 2022, de 20:00 a 21:00 horas. Presentar carpetas de antecedentes y probanzas para cubrir cargo vacante, correspondiente al siguiente cargo:<\/p>\n\n\n\n<p>Bedel: 25 hs. semanales, en horario vespertino, en sede de la Esc. N\u00b0 4-110 \u201cPte. Nicol\u00e1s Avellaneda\u201d ubicada en Soberan\u00eda Nacional N\u00b0360, Palmira. Con toma de posesi\u00f3n el d\u00eda 1 de abril de 2022. Los interesados deben presentar carpeta de antecedentes y documentaci\u00f3n seg\u00fan las condiciones e informaci\u00f3n brindada en el siguiente link: \u00ab<a href=\"https:\/\/ies9027-infd.mendoza.edu.ar\/sitio\/wp-content\/uploads\/2022\/03\/CARGO_DE_PRECEPTOR.docx\">Documentaci\u00f3n<\/a>\u00bb (sin excepci\u00f3n).<\/p>\n\n\n\n<p>Direcci\u00f3n de presentaci\u00f3n de la documentaci\u00f3n: Esc. N\u00b0 4-110 \u201cPte. Nicol\u00e1s Avellaneda\u201d<br>ubicada en Soberan\u00eda Nacional N\u00b0 360, Palmira.<\/p>\n","protected":false},"excerpt":{"rendered":"<p>El IES 9-027 convoca en llamado externo a bedel con certificaci\u00f3n correspondiente al rol para el que concursa, el d\u00eda 21 de marzo de 2022, de 20:00 a 21:00 horas. Presentar carpetas de antecedentes y probanzas para cubrir cargo vacante, correspondiente al siguiente cargo: Bedel: 25 hs. semanales, en horario vespertino, en sede de la &#8230; <a title=\"llamado externo a bedel\" class=\"read-more\" href=\"https:\/\/ies9027-infd.mendoza.edu.ar\/sitio\/llamado-externo-a-bedel-2\/\" aria-label=\"More on llamado externo a bedel\">[+]<\/a><\/p>\n","protected":false},"author":58,"featured_media":0,"parent":0,"menu_order":0,"comment_status":"closed","ping_status":"closed","template":"","meta":[],"acf":[],"_links":{"self":[{"href":"https:\/\/ies9027-infd.mendoza.edu.ar\/sitio\/wp-json\/wp\/v2\/pages\/3554"}],"collection":[{"href":"https:\/\/ies9027-infd.mendoza.edu.ar\/sitio\/wp-json\/wp\/v2\/pages"}],"about":[{"href":"https:\/\/ies9027-infd.mendoza.edu.ar\/sitio\/wp-json\/wp\/v2\/types\/page"}],"author":[{"embeddable":true,"href":"https:\/\/ies9027-infd.mendoza.edu.ar\/sitio\/wp-json\/wp\/v2\/users\/58"}],"replies":[{"embeddable":true,"href":"https:\/\/ies9027-infd.mendoza.edu.ar\/sitio\/wp-json\/wp\/v2\/comments?post=3554"}],"version-history":[{"count":2,"href":"https:\/\/ies9027-infd.mendoza.edu.ar\/sitio\/wp-json\/wp\/v2\/pages\/3554\/revisions"}],"predecessor-version":[{"id":3663,"href":"https:\/\/ies9027-infd.mendoza.edu.ar\/sitio\/wp-json\/wp\/v2\/pages\/3554\/revisions\/3663"}],"wp:attachment":[{"href":"https:\/\/ies9027-infd.mendoza.edu.ar\/sitio\/wp-json\/wp\/v2\/media?parent=3554"}],"curies":[{"name":"wp","href":"https:\/\/api.w.org\/{rel}","templated":true}]}}