{"id":3550,"date":"2022-02-02T21:35:29","date_gmt":"2022-02-03T00:35:29","guid":{"rendered":"https:\/\/ies9027-infd.mendoza.edu.ar\/sitio\/?page_id=3550"},"modified":"2022-02-02T21:42:37","modified_gmt":"2022-02-03T00:42:37","slug":"llamado-externo-a-bedel","status":"publish","type":"page","link":"https:\/\/ies9027-infd.mendoza.edu.ar\/sitio\/llamado-externo-a-bedel\/","title":{"rendered":"llamado externo a bedel"},"content":{"rendered":"\n<p>El IES 9-027 convoca en llamado externo a bedeles con certificaci\u00f3n correspondiente al rol para el que concursa, el d\u00eda viernes &nbsp;11 de febrero de 2022, a las 19:30 horas. Presentar carpetas de antecedentes y probanzas para cubrir reemplazo licencia por mayor jerarqu\u00eda, correspondiente al siguiente cargo:<\/p>\n\n\n\n<p>Bedel: 25 hs. semanales, en horario vespertino. Los interesados deben presentar carpeta de antecedentes y documentaci\u00f3n seg\u00fan las condiciones e informaci\u00f3n brindada en el siguiente link: \u00ab<strong><a href=\"https:\/\/ies9027-infd.mendoza.edu.ar\/sitio\/wp-content\/uploads\/2022\/02\/CARGO_DE_PRECEPTOR.pdf\">Documentaci\u00f3n<\/a><\/strong>\u00bb (sin excepci\u00f3n). <\/p>\n\n\n\n<p>Direcci\u00f3n de presentaci\u00f3n de la documentaci\u00f3n: Rodr\u00edguez Pe\u00f1a 325 esquina Adolfo calle- Guaymall\u00e9n.<\/p>\n","protected":false},"excerpt":{"rendered":"<p>El IES 9-027 convoca en llamado externo a bedeles con certificaci\u00f3n correspondiente al rol para el que concursa, el d\u00eda viernes &nbsp;11 de febrero de 2022, a las 19:30 horas. Presentar carpetas de antecedentes y probanzas para cubrir reemplazo licencia por mayor jerarqu\u00eda, correspondiente al siguiente cargo: Bedel: 25 hs. semanales, en horario vespertino. Los &#8230; <a title=\"llamado externo a bedel\" class=\"read-more\" href=\"https:\/\/ies9027-infd.mendoza.edu.ar\/sitio\/llamado-externo-a-bedel\/\" aria-label=\"More on llamado externo a bedel\">[+]<\/a><\/p>\n","protected":false},"author":58,"featured_media":0,"parent":0,"menu_order":0,"comment_status":"closed","ping_status":"closed","template":"","meta":[],"acf":[],"_links":{"self":[{"href":"https:\/\/ies9027-infd.mendoza.edu.ar\/sitio\/wp-json\/wp\/v2\/pages\/3550"}],"collection":[{"href":"https:\/\/ies9027-infd.mendoza.edu.ar\/sitio\/wp-json\/wp\/v2\/pages"}],"about":[{"href":"https:\/\/ies9027-infd.mendoza.edu.ar\/sitio\/wp-json\/wp\/v2\/types\/page"}],"author":[{"embeddable":true,"href":"https:\/\/ies9027-infd.mendoza.edu.ar\/sitio\/wp-json\/wp\/v2\/users\/58"}],"replies":[{"embeddable":true,"href":"https:\/\/ies9027-infd.mendoza.edu.ar\/sitio\/wp-json\/wp\/v2\/comments?post=3550"}],"version-history":[{"count":1,"href":"https:\/\/ies9027-infd.mendoza.edu.ar\/sitio\/wp-json\/wp\/v2\/pages\/3550\/revisions"}],"predecessor-version":[{"id":3553,"href":"https:\/\/ies9027-infd.mendoza.edu.ar\/sitio\/wp-json\/wp\/v2\/pages\/3550\/revisions\/3553"}],"wp:attachment":[{"href":"https:\/\/ies9027-infd.mendoza.edu.ar\/sitio\/wp-json\/wp\/v2\/media?parent=3550"}],"curies":[{"name":"wp","href":"https:\/\/api.w.org\/{rel}","templated":true}]}}