{"id":286,"date":"2016-10-31T13:17:59","date_gmt":"2016-10-31T16:17:59","guid":{"rendered":"https:\/\/ies9027-mza.infd.edu.ar\/sitio\/?page_id=286"},"modified":"2026-03-24T12:23:25","modified_gmt":"2026-03-24T15:23:25","slug":"inicio","status":"publish","type":"page","link":"https:\/\/ies9027-infd.mendoza.edu.ar\/sitio\/","title":{"rendered":"Inicio"},"content":{"rendered":"<h1 style=\"text-align: center;\"><span style=\"color: #000000;\"><strong>INGRESO 2026<\/strong><\/span><\/h1>\n<h2 style=\"text-align: center;\"><a href=\"https:\/\/ies9027-infd.mendoza.edu.ar\/sitio\/inscripciones-2022\/\"><span style=\"color: #000000;\"><strong><span style=\"color: #000000;\"> <img decoding=\"async\" loading=\"lazy\" class=\"\" src=\"https:\/\/ies9027-infd.mendoza.edu.ar\/sitio\/wp-content\/uploads\/2022\/06\/boton-mas-informacion2.png\" width=\"259\" height=\"90\" \/><\/span><\/strong><\/span><\/a><\/h2>\n<div id=\"metaslider-id-1943\" style=\"width: 100%;\" class=\"ml-slider-3-33-0 metaslider metaslider-flex metaslider-1943 ml-slider ms-theme-default\" role=\"region\" aria-roledescription=\"Slideshow\" aria-label=\"Slideshow\">\n    <div id=\"metaslider_container_1943\">\n        <div id=\"metaslider_1943\" class=\"flexslider\">\n            <ul aria-live=\"polite\" class=\"slides\">\n                <li style=\"display: block; width: 100%;\" class=\"slide-1948 ms-image\" aria-roledescription=\"slide\" aria-label=\"slide-1948\"><a href=\"https:\/\/ies9027-infd.mendoza.edu.ar\/sitio\/wp-admin\/post.php?post=6285&amp;action=edit\" target=\"_self\"><img src=\"https:\/\/ies9027-infd.mendoza.edu.ar\/sitio\/wp-content\/uploads\/2019\/08\/ni\u00f1o-manos-pintadas-848x323.jpg\" height=\"420\" width=\"1100\" alt=\"\" class=\"slider-1943 slide-1948\" title=\"Profesorado de Educaci\u00f3n Especial\" \/><\/a><\/li>\n                <li style=\"display: none; width: 100%;\" class=\"slide-1949 ms-image\" aria-roledescription=\"slide\" aria-label=\"slide-1949\"><a href=\"https:\/\/ies9027-infd.mendoza.edu.ar\/sitio\/profesorado-de-educacion-primaria\/\" target=\"_self\"><img src=\"https:\/\/ies9027-infd.mendoza.edu.ar\/sitio\/wp-content\/uploads\/2019\/08\/ni\u00f1os-escribiendo-830x316.jpg\" height=\"420\" width=\"1100\" alt=\"\" class=\"slider-1943 slide-1949\" title=\"Profesorado de Educaci\u00f3n Primaria\" \/><\/a><\/li>\n                <li style=\"display: none; width: 100%;\" class=\"slide-3977 ms-image\" aria-roledescription=\"slide\" aria-label=\"slide-3977\"><a href=\"https:\/\/ies9027-infd.mendoza.edu.ar\/sitio\/profesorado-de-ingles\/\" target=\"_self\"><img src=\"https:\/\/ies9027-infd.mendoza.edu.ar\/sitio\/wp-content\/uploads\/2022\/06\/ingles-328x125.jpg\" height=\"420\" width=\"1100\" alt=\"\" class=\"slider-1943 slide-3977\" title=\"Profesorado de Ingl\u00e9s\" \/><\/a><\/li>\n                <li style=\"display: none; width: 100%;\" class=\"slide-1950 ms-image\" aria-roledescription=\"slide\" aria-label=\"slide-1950\"><a href=\"https:\/\/ies9027-infd.mendoza.edu.ar\/sitio\/tecnicatura-superior-en-transporte-ferroviario\/\" target=\"_self\"><img src=\"https:\/\/ies9027-infd.mendoza.edu.ar\/sitio\/wp-content\/uploads\/2019\/04\/TREN-450x171.png\" height=\"420\" width=\"1100\" alt=\"\" class=\"slider-1943 slide-1950\" title=\"Tecnicatura Superior en Transporte Ferroviario\" \/><\/a><\/li>\n            <\/ul>\n        <\/div>\n        \n    <\/div>\n<\/div>\n<h4 style=\"text-align: center;\">CALENDARIO ACAD\u00c9MICO <a href=\"https:\/\/ies9027-infd.mendoza.edu.ar\/sitio\/actividades\/\"><img decoding=\"async\" loading=\"lazy\" class=\"wp-image-4922 aligncenter\" src=\"https:\/\/ies9027-infd.mendoza.edu.ar\/sitio\/wp-content\/uploads\/2023\/02\/calendario-1.jpg\" alt=\"\" width=\"82\" height=\"82\" srcset=\"https:\/\/ies9027-infd.mendoza.edu.ar\/sitio\/wp-content\/uploads\/2023\/02\/calendario-1.jpg 640w, https:\/\/ies9027-infd.mendoza.edu.ar\/sitio\/wp-content\/uploads\/2023\/02\/calendario-1-500x500.jpg 500w\" sizes=\"(max-width: 82px) 100vw, 82px\" \/><\/a><\/h4>\n<div id=\"metaslider-id-6588\" style=\"width: 100%;\" class=\"ml-slider-3-33-0 metaslider metaslider-flex metaslider-6588 ml-slider ms-theme-default\" role=\"region\" aria-roledescription=\"Slideshow\" aria-label=\"Slideshow\">\n    <div id=\"metaslider_container_6588\">\n        <div id=\"metaslider_6588\" class=\"flexslider\">\n            <ul aria-live=\"polite\" class=\"slides\">\n                <li style=\"display: block; width: 100%;\" class=\"slide-6591 ms-image\" aria-roledescription=\"slide\" aria-label=\"slide-6591\"><a href=\"https:\/\/ies9027-infd.mendoza.edu.ar\/sitio\/firma-de-convenio-marco-de-colaboracion-entre-el-ies-9-027-y-la-sociedad-de-transporte-mendoza-un-paso-significativo-para-fortalecer-la-formacion-tecnica-ferroviaria\/\" target=\"_self\"><img src=\"https:\/\/ies9027-infd.mendoza.edu.ar\/sitio\/wp-content\/uploads\/2025\/07\/nota-825x315.png\" height=\"420\" width=\"1100\" alt=\"\" class=\"slider-6588 slide-6591\" title=\"Profesorado de Ingl\u00e9s\" \/><\/a><\/li>\n                <li style=\"display: none; width: 100%;\" class=\"slide-6592 ms-image\" aria-roledescription=\"slide\" aria-label=\"slide-6592\"><a href=\"https:\/\/ies9027-infd.mendoza.edu.ar\/sitio\/mesas-2\/\" target=\"_self\"><img src=\"https:\/\/ies9027-infd.mendoza.edu.ar\/sitio\/wp-content\/uploads\/2025\/08\/cartel-mesas-825x315.png\" height=\"420\" width=\"1100\" alt=\"\" class=\"slider-6588 slide-6592\" title=\"cartel mesas\" \/><\/a><\/li>\n            <\/ul>\n        <\/div>\n        \n    <\/div>\n<\/div>\n<div  class=\"lgc-column lgc-grid-parent lgc-grid-50 lgc-tablet-grid-50 lgc-mobile-grid-100 lgc-equal-heights \"><div  class=\"inside-grid-column\">\n<p><img decoding=\"async\" loading=\"lazy\" class=\"wp-image-6772 aligncenter\" src=\"https:\/\/ies9027-infd.mendoza.edu.ar\/sitio\/wp-content\/uploads\/2026\/02\/actualizacion-Acade-707x1000.jpg\" alt=\"\" width=\"422\" height=\"596\" srcset=\"https:\/\/ies9027-infd.mendoza.edu.ar\/sitio\/wp-content\/uploads\/2026\/02\/actualizacion-Acade-707x1000.jpg 707w, https:\/\/ies9027-infd.mendoza.edu.ar\/sitio\/wp-content\/uploads\/2026\/02\/actualizacion-Acade-768x1086.jpg 768w, https:\/\/ies9027-infd.mendoza.edu.ar\/sitio\/wp-content\/uploads\/2026\/02\/actualizacion-Acade-1086x1536.jpg 1086w, https:\/\/ies9027-infd.mendoza.edu.ar\/sitio\/wp-content\/uploads\/2026\/02\/actualizacion-Acade.jpg 1241w\" sizes=\"(max-width: 422px) 100vw, 422px\" \/><\/p><\/div><\/div> <div  class=\"lgc-column lgc-grid-parent lgc-grid-50 lgc-tablet-grid-50 lgc-mobile-grid-100 lgc-equal-heights \"><div  class=\"inside-grid-column\">\n<p><img decoding=\"async\" loading=\"lazy\" class=\"wp-image-6315 aligncenter\" src=\"https:\/\/ies9027-infd.mendoza.edu.ar\/sitio\/wp-content\/uploads\/2024\/10\/PEE-562x1000.jpg\" alt=\"\" width=\"357\" height=\"635\" srcset=\"https:\/\/ies9027-infd.mendoza.edu.ar\/sitio\/wp-content\/uploads\/2024\/10\/PEE-562x1000.jpg 562w, https:\/\/ies9027-infd.mendoza.edu.ar\/sitio\/wp-content\/uploads\/2024\/10\/PEE-768x1366.jpg 768w, https:\/\/ies9027-infd.mendoza.edu.ar\/sitio\/wp-content\/uploads\/2024\/10\/PEE-864x1536.jpg 864w, https:\/\/ies9027-infd.mendoza.edu.ar\/sitio\/wp-content\/uploads\/2024\/10\/PEE.jpg 899w\" sizes=\"(max-width: 357px) 100vw, 357px\" \/><\/p><\/div><\/div>\n<p>&nbsp;<\/p>\n<div style=\"width: 100%;\">\n<div>\n<div  class=\"lgc-column lgc-grid-parent lgc-grid-50 lgc-tablet-grid-50 lgc-mobile-grid-100 lgc-equal-heights \"><div  class=\"inside-grid-column\">\n<p>&nbsp;<\/p>\n<p><img decoding=\"async\" loading=\"lazy\" class=\"wp-image-5419 aligncenter\" src=\"https:\/\/ies9027-infd.mendoza.edu.ar\/sitio\/wp-content\/uploads\/2023\/08\/texto-1.png\" alt=\"\" width=\"563\" height=\"361\" \/><\/p>\n<p><a href=\"https:\/\/ies9027-infd.mendoza.edu.ar\/sitio\/joana-gisel-fernandez-tecnica-superior-es-la-primera-mujer-en-egresar-de-la-carrera-en-mendozan-transporte-ferroviario\/\"><img decoding=\"async\" loading=\"lazy\" class=\"aligncenter\" src=\"https:\/\/ies9027-infd.mendoza.edu.ar\/sitio\/wp-content\/uploads\/2022\/12\/mas-informacion-4.png\" width=\"254\" height=\"74\" \/><\/a><\/p>\n<p><\/p><\/div><\/div> <div  class=\"lgc-column lgc-grid-parent lgc-grid-50 lgc-tablet-grid-50 lgc-mobile-grid-100 lgc-equal-heights \"><div  class=\"inside-grid-column\">\n<h4 style=\"text-align: center;\">Egresados 2024 de la Tecnicatura Superior en Transporte Ferroviario<\/h4>\n<p style=\"text-align: center;\"><div id=\"metaslider-id-5882\" style=\"width: 100%; margin: 0 auto;\" class=\"ml-slider-3-33-0 metaslider metaslider-flex metaslider-5882 ml-slider ms-theme-default\" role=\"region\" aria-roledescription=\"Slideshow\" aria-label=\"Slideshow\">\n    <div id=\"metaslider_container_5882\">\n        <div id=\"metaslider_5882\" class=\"flexslider\">\n            <ul aria-live=\"polite\" class=\"slides\">\n                <li style=\"display: block; width: 100%;\" class=\"slide-5883 ms-image\" aria-roledescription=\"slide\" aria-label=\"slide-5883\"><img src=\"https:\/\/ies9027-infd.mendoza.edu.ar\/sitio\/wp-content\/uploads\/2024\/02\/WhatsApp-Image-2024-02-21-at-22.05.36-960x720.jpeg\" height=\"960\" width=\"1280\" alt=\"\" class=\"slider-5882 slide-5883\" title=\"WhatsApp Image 2024-02-21 at 22.05.36\" \/><\/li>\n                <li style=\"display: none; width: 100%;\" class=\"slide-5884 ms-image\" aria-roledescription=\"slide\" aria-label=\"slide-5884\"><img src=\"https:\/\/ies9027-infd.mendoza.edu.ar\/sitio\/wp-content\/uploads\/2024\/02\/WhatsApp-Image-2024-02-21-at-22.05.36-1-960x720.jpeg\" height=\"960\" width=\"1280\" alt=\"\" class=\"slider-5882 slide-5884\" title=\"WhatsApp Image 2024-02-21 at 22.05.36 (1)\" \/><\/li>\n                <li style=\"display: none; width: 100%;\" class=\"slide-5885 ms-image\" aria-roledescription=\"slide\" aria-label=\"slide-5885\"><img src=\"https:\/\/ies9027-infd.mendoza.edu.ar\/sitio\/wp-content\/uploads\/2024\/02\/WhatsApp-Image-2024-02-21-at-22.05.37-960x720.jpeg\" height=\"960\" width=\"1280\" alt=\"\" class=\"slider-5882 slide-5885\" title=\"WhatsApp Image 2024-02-21 at 22.05.37\" \/><\/li>\n                <li style=\"display: none; width: 100%;\" class=\"slide-5886 ms-image\" aria-roledescription=\"slide\" aria-label=\"slide-5886\"><img src=\"https:\/\/ies9027-infd.mendoza.edu.ar\/sitio\/wp-content\/uploads\/2024\/02\/WhatsApp-Image-2024-02-21-at-22.05.40-963x722.jpeg\" height=\"960\" width=\"1280\" alt=\"\" class=\"slider-5882 slide-5886\" title=\"WhatsApp Image 2024-02-21 at 22.05.40\" \/><\/li>\n                <li style=\"display: none; width: 100%;\" class=\"slide-5887 ms-image\" aria-roledescription=\"slide\" aria-label=\"slide-5887\"><img src=\"https:\/\/ies9027-infd.mendoza.edu.ar\/sitio\/wp-content\/uploads\/2024\/02\/WhatsApp-Image-2024-02-21-at-22.05.40-1-1204x902.jpeg\" height=\"960\" width=\"1280\" alt=\"\" class=\"slider-5882 slide-5887\" title=\"WhatsApp Image 2024-02-21 at 22.05.40 (1)\" \/><\/li>\n                <li style=\"display: none; width: 100%;\" class=\"slide-5888 ms-image\" aria-roledescription=\"slide\" aria-label=\"slide-5888\"><img src=\"https:\/\/ies9027-infd.mendoza.edu.ar\/sitio\/wp-content\/uploads\/2024\/02\/WhatsApp-Image-2024-02-21-at-22.05.40-2-1280x960.jpeg\" height=\"960\" width=\"1280\" alt=\"\" class=\"slider-5882 slide-5888\" title=\"WhatsApp Image 2024-02-21 at 22.05.40 (2)\" \/><\/li>\n                <li style=\"display: none; width: 100%;\" class=\"slide-5889 ms-image\" aria-roledescription=\"slide\" aria-label=\"slide-5889\"><img src=\"https:\/\/ies9027-infd.mendoza.edu.ar\/sitio\/wp-content\/uploads\/2024\/02\/WhatsApp-Image-2024-02-21-at-22.05.56-818x613.jpeg\" height=\"960\" width=\"1280\" alt=\"\" class=\"slider-5882 slide-5889\" title=\"WhatsApp Image 2024-02-21 at 22.05.56\" \/><\/li>\n            <\/ul>\n        <\/div>\n        \n    <\/div>\n<\/div><\/p>\n<p style=\"text-align: center;\"><\/p><\/div><\/div>\n<\/div>\n<div>\u00a0<\/div>\n<\/div>\n<p><!--more--><\/p>\n<h2 style=\"text-align: center;\">Acto colaci\u00f3n egresados 2025<\/h2>\n<h5 style=\"text-align: center;\"><div id=\"metaslider-id-5983\" style=\"width: 100%; margin: 0 auto;\" class=\"ml-slider-3-33-0 metaslider metaslider-flex metaslider-5983 ml-slider ms-theme-default\" role=\"region\" aria-roledescription=\"Slideshow\" aria-label=\"Slideshow\">\n    <div id=\"metaslider_container_5983\">\n        <div id=\"metaslider_5983\" class=\"flexslider\">\n            <ul aria-live=\"polite\" class=\"slides\">\n                <li style=\"display: block; width: 100%;\" class=\"slide-6007 ms-image\" aria-roledescription=\"slide\" aria-label=\"slide-6007\"><img src=\"https:\/\/ies9027-infd.mendoza.edu.ar\/sitio\/wp-content\/uploads\/2026\/03\/WhatsApp-Image-2026-03-24-at-12.07.01-1280x960.jpeg\" height=\"960\" width=\"1280\" alt=\"\" class=\"slider-5983 slide-6007\" title=\"WhatsApp Image 2026-03-24 at 12.07.01\" \/><\/li>\n                <li style=\"display: none; width: 100%;\" class=\"slide-6011 ms-image\" aria-roledescription=\"slide\" aria-label=\"slide-6011\"><img src=\"https:\/\/ies9027-infd.mendoza.edu.ar\/sitio\/wp-content\/uploads\/2026\/03\/bandera-2026-1280x960.jpeg\" height=\"960\" width=\"1280\" alt=\"\" class=\"slider-5983 slide-6011\" title=\"bandera 2026\" \/><\/li>\n                <li style=\"display: none; width: 100%;\" class=\"slide-6005 ms-image\" aria-roledescription=\"slide\" aria-label=\"slide-6005\"><img src=\"https:\/\/ies9027-infd.mendoza.edu.ar\/sitio\/wp-content\/uploads\/2026\/03\/WhatsApp-Image-2026-03-24-at-12.12.42-1280x960.jpeg\" height=\"960\" width=\"1280\" alt=\"\" class=\"slider-5983 slide-6005\" title=\"WhatsApp Image 2026-03-24 at 12.12.42\" \/><\/li>\n                <li style=\"display: none; width: 100%;\" class=\"slide-6010 ms-image\" aria-roledescription=\"slide\" aria-label=\"slide-6010\"><img src=\"https:\/\/ies9027-infd.mendoza.edu.ar\/sitio\/wp-content\/uploads\/2026\/03\/WhatsApp-Image-2026-03-24-at-12.07.28-1280x960.jpeg\" height=\"960\" width=\"1280\" alt=\"\" class=\"slider-5983 slide-6010\" title=\"WhatsApp Image 2026-03-24 at 12.07.28\" \/><\/li>\n                <li style=\"display: none; width: 100%;\" class=\"slide-6009 ms-image\" aria-roledescription=\"slide\" aria-label=\"slide-6009\"><img src=\"https:\/\/ies9027-infd.mendoza.edu.ar\/sitio\/wp-content\/uploads\/2026\/03\/WhatsApp-Image-2026-03-24-at-12.07.34-1280x960.jpeg\" height=\"960\" width=\"1280\" alt=\"\" class=\"slider-5983 slide-6009\" title=\"WhatsApp Image 2026-03-24 at 12.07.34\" \/><\/li>\n                <li style=\"display: none; width: 100%;\" class=\"slide-6012 ms-image\" aria-roledescription=\"slide\" aria-label=\"slide-6012\"><img src=\"https:\/\/ies9027-infd.mendoza.edu.ar\/sitio\/wp-content\/uploads\/2026\/03\/WhatsApp-Image-2026-03-24-at-12.07.32-1280x960.jpeg\" height=\"960\" width=\"1280\" alt=\"\" class=\"slider-5983 slide-6012\" title=\"WhatsApp Image 2026-03-24 at 12.07.32\" \/><\/li>\n                <li style=\"display: none; width: 100%;\" class=\"slide-6006 ms-image\" aria-roledescription=\"slide\" aria-label=\"slide-6006\"><img src=\"https:\/\/ies9027-infd.mendoza.edu.ar\/sitio\/wp-content\/uploads\/2026\/03\/WhatsApp-Image-2026-03-24-at-12.06.56-1280x960.jpeg\" height=\"960\" width=\"1280\" alt=\"\" class=\"slider-5983 slide-6006\" title=\"WhatsApp Image 2026-03-24 at 12.06.56\" \/><\/li>\n                <li style=\"display: none; width: 100%;\" class=\"slide-6008 ms-image\" aria-roledescription=\"slide\" aria-label=\"slide-6008\"><img src=\"https:\/\/ies9027-infd.mendoza.edu.ar\/sitio\/wp-content\/uploads\/2026\/03\/WhatsApp-Image-2026-03-24-at-12.07.00-1280x960.jpeg\" height=\"960\" width=\"1280\" alt=\"\" class=\"slider-5983 slide-6008\" title=\"WhatsApp Image 2026-03-24 at 12.07.00\" \/><\/li>\n            <\/ul>\n        <\/div>\n        \n    <\/div>\n<\/div><\/h5>\n<p style=\"text-align: center;\"><a href=\"https:\/\/ies9027-infd.mendoza.edu.ar\/sitio\/egresados-2021-2022-y-2023\/\"><img decoding=\"async\" loading=\"lazy\" class=\"alignnone  wp-image-4901\" src=\"https:\/\/ies9027-infd.mendoza.edu.ar\/sitio\/wp-content\/uploads\/2022\/12\/mas-informacion-4.png\" alt=\"\" width=\"220\" height=\"64\" \/><\/a><\/p>\n<h2 style=\"text-align: center;\"><span style=\"color: #ffffff;\"><strong>DIRECCI\u00d3N: Joaqu\u00edn V. Gonz\u00e1lez 429 Dorrego Guaymall\u00e9n <\/strong><\/span><\/h2>\n<h2 style=\"text-align: center;\"><span style=\"color: #ffffff;\"><strong>Compartimos edificio con la Escuela 1-243 LUCIO CICCHIT<\/strong><strong>TI<\/strong><\/span><\/h2>\n","protected":false},"excerpt":{"rendered":"<p>INGRESO 2026 CALENDARIO ACAD\u00c9MICO &nbsp; \u00a0<\/p>\n","protected":false},"author":7,"featured_media":1281,"parent":0,"menu_order":0,"comment_status":"closed","ping_status":"closed","template":"","meta":[],"acf":[],"_links":{"self":[{"href":"https:\/\/ies9027-infd.mendoza.edu.ar\/sitio\/wp-json\/wp\/v2\/pages\/286"}],"collection":[{"href":"https:\/\/ies9027-infd.mendoza.edu.ar\/sitio\/wp-json\/wp\/v2\/pages"}],"about":[{"href":"https:\/\/ies9027-infd.mendoza.edu.ar\/sitio\/wp-json\/wp\/v2\/types\/page"}],"author":[{"embeddable":true,"href":"https:\/\/ies9027-infd.mendoza.edu.ar\/sitio\/wp-json\/wp\/v2\/users\/7"}],"replies":[{"embeddable":true,"href":"https:\/\/ies9027-infd.mendoza.edu.ar\/sitio\/wp-json\/wp\/v2\/comments?post=286"}],"version-history":[{"count":1495,"href":"https:\/\/ies9027-infd.mendoza.edu.ar\/sitio\/wp-json\/wp\/v2\/pages\/286\/revisions"}],"predecessor-version":[{"id":6872,"href":"https:\/\/ies9027-infd.mendoza.edu.ar\/sitio\/wp-json\/wp\/v2\/pages\/286\/revisions\/6872"}],"wp:featuredmedia":[{"embeddable":true,"href":"https:\/\/ies9027-infd.mendoza.edu.ar\/sitio\/wp-json\/wp\/v2\/media\/1281"}],"wp:attachment":[{"href":"https:\/\/ies9027-infd.mendoza.edu.ar\/sitio\/wp-json\/wp\/v2\/media?parent=286"}],"curies":[{"name":"wp","href":"https:\/\/api.w.org\/{rel}","templated":true}]}}