{"id":2453,"date":"2020-08-14T16:54:12","date_gmt":"2020-08-14T19:54:12","guid":{"rendered":"https:\/\/ies9027-infd.mendoza.edu.ar\/sitio\/?page_id=2453"},"modified":"2021-09-07T22:34:13","modified_gmt":"2021-09-08T01:34:13","slug":"introduccion-al-uso-de-herramientas-de-la-web-2-0-aplicadas-a-la-educacion-inicial","status":"publish","type":"page","link":"https:\/\/ies9027-infd.mendoza.edu.ar\/sitio\/introduccion-al-uso-de-herramientas-de-la-web-2-0-aplicadas-a-la-educacion-inicial\/","title":{"rendered":"Herramientas para la evaluaci\u00f3n formativa: las r\u00fabricas."},"content":{"rendered":"\n<p><\/p>\n\n\n<p>\u00a0<\/p>\n<h4 style=\"text-align: center;\"><strong><span style=\"color: #ff0000;\">ATENCI\u00d3N: s\u00f3lo podr\u00e1s inscribirte a una propuesta<\/span><\/strong><\/h4>\n<h3><img decoding=\"async\" loading=\"lazy\" class=\"wp-image-3068 alignleft\" src=\"https:\/\/ies9027-infd.mendoza.edu.ar\/sitio\/wp-content\/uploads\/2021\/09\/RUBRICAS-707x1000.jpg\" alt=\"\" width=\"401\" height=\"567\" srcset=\"https:\/\/ies9027-infd.mendoza.edu.ar\/sitio\/wp-content\/uploads\/2021\/09\/RUBRICAS-707x1000.jpg 707w, https:\/\/ies9027-infd.mendoza.edu.ar\/sitio\/wp-content\/uploads\/2021\/09\/RUBRICAS-1343x1900.jpg 1343w, https:\/\/ies9027-infd.mendoza.edu.ar\/sitio\/wp-content\/uploads\/2021\/09\/RUBRICAS-768x1086.jpg 768w, https:\/\/ies9027-infd.mendoza.edu.ar\/sitio\/wp-content\/uploads\/2021\/09\/RUBRICAS-1086x1536.jpg 1086w, https:\/\/ies9027-infd.mendoza.edu.ar\/sitio\/wp-content\/uploads\/2021\/09\/RUBRICAS.jpg 1414w\" sizes=\"(max-width: 401px) 100vw, 401px\" \/><\/h3>\n<h3>\u00a0<\/h3>\n<h4><strong>Profesor: Noelia Lucca<\/strong><\/h4>\n<h4><strong>Horas: 22 hs.<\/strong><\/h4>\n<h4>\u00a0<\/h4>\n<h5><strong>Para realizar la inscripci\u00f3n hacer clic en el siguiente bot\u00f3n:<\/strong><br \/><a href=\"https:\/\/forms.gle\/TsXqoKpjqik6dJt57\"><img decoding=\"async\" loading=\"lazy\" class=\"wp-image-2659 alignleft\" src=\"https:\/\/ies9027-infd.mendoza.edu.ar\/sitio\/wp-content\/uploads\/2021\/05\/boton-clic-aqui-1-1000x302.png\" alt=\"\" width=\"246\" height=\"74\" srcset=\"https:\/\/ies9027-infd.mendoza.edu.ar\/sitio\/wp-content\/uploads\/2021\/05\/boton-clic-aqui-1-1000x302.png 1000w, https:\/\/ies9027-infd.mendoza.edu.ar\/sitio\/wp-content\/uploads\/2021\/05\/boton-clic-aqui-1-768x232.png 768w, https:\/\/ies9027-infd.mendoza.edu.ar\/sitio\/wp-content\/uploads\/2021\/05\/boton-clic-aqui-1.png 1306w\" sizes=\"(max-width: 246px) 100vw, 246px\" \/><\/a><\/h5>\n<p>\u00a0<\/p>\n<p>\u00a0<\/p>\n<p>\u00a0<\/p>\n<p>\u00a0<\/p>\n<p>\u00a0<\/p>\n<p>\u00a0<\/p>\n<p>\u00a0<\/p>\n\n\n<figure class=\"wp-block-table\"><table><tbody><tr><td><strong>Pres<\/strong>.<\/td><td><strong>Asincr\u00f3nicas<\/strong>&nbsp;<\/td><td><strong>Total hs.<\/strong><\/td><td><strong>Fechas presenciales<\/strong>&nbsp;<\/td><td><strong>DESTINATARIOS<\/strong>&nbsp;<\/td><td><strong>CUPO&nbsp;<\/strong>&nbsp;<\/td><\/tr><tr><td>12 hs.<\/td><td>10 hs.<\/td><td>22 hs.<\/td><td>Jueves (20 a 21:30)&nbsp;<br>6 encuentros&nbsp;<br>Aula 1&nbsp;<\/td><td>Estudiantes de 3\u00b0 y 4\u00b0 a\u00f1o del PEI<\/td><td>26<\/td><\/tr><\/tbody><\/table><\/figure>\n","protected":false},"excerpt":{"rendered":"<p>\u00a0 ATENCI\u00d3N: s\u00f3lo podr\u00e1s inscribirte a una propuesta \u00a0 Profesor: Noelia Lucca Horas: 22 hs. \u00a0 Para realizar la inscripci\u00f3n hacer clic en el siguiente bot\u00f3n: \u00a0 \u00a0 \u00a0 \u00a0 \u00a0 \u00a0 \u00a0 Pres. Asincr\u00f3nicas&nbsp; Total hs. Fechas presenciales&nbsp; DESTINATARIOS&nbsp; CUPO&nbsp;&nbsp; 12 hs. 10 hs. 22 hs. Jueves (20 a 21:30)&nbsp;6 encuentros&nbsp;Aula 1&nbsp; Estudiantes de &#8230; <a title=\"Herramientas para la evaluaci\u00f3n formativa: las r\u00fabricas.\" class=\"read-more\" href=\"https:\/\/ies9027-infd.mendoza.edu.ar\/sitio\/introduccion-al-uso-de-herramientas-de-la-web-2-0-aplicadas-a-la-educacion-inicial\/\" aria-label=\"More on Herramientas para la evaluaci\u00f3n formativa: las r\u00fabricas.\">[+]<\/a><\/p>\n","protected":false},"author":58,"featured_media":0,"parent":0,"menu_order":0,"comment_status":"closed","ping_status":"closed","template":"","meta":[],"acf":[],"_links":{"self":[{"href":"https:\/\/ies9027-infd.mendoza.edu.ar\/sitio\/wp-json\/wp\/v2\/pages\/2453"}],"collection":[{"href":"https:\/\/ies9027-infd.mendoza.edu.ar\/sitio\/wp-json\/wp\/v2\/pages"}],"about":[{"href":"https:\/\/ies9027-infd.mendoza.edu.ar\/sitio\/wp-json\/wp\/v2\/types\/page"}],"author":[{"embeddable":true,"href":"https:\/\/ies9027-infd.mendoza.edu.ar\/sitio\/wp-json\/wp\/v2\/users\/58"}],"replies":[{"embeddable":true,"href":"https:\/\/ies9027-infd.mendoza.edu.ar\/sitio\/wp-json\/wp\/v2\/comments?post=2453"}],"version-history":[{"count":9,"href":"https:\/\/ies9027-infd.mendoza.edu.ar\/sitio\/wp-json\/wp\/v2\/pages\/2453\/revisions"}],"predecessor-version":[{"id":3115,"href":"https:\/\/ies9027-infd.mendoza.edu.ar\/sitio\/wp-json\/wp\/v2\/pages\/2453\/revisions\/3115"}],"wp:attachment":[{"href":"https:\/\/ies9027-infd.mendoza.edu.ar\/sitio\/wp-json\/wp\/v2\/media?parent=2453"}],"curies":[{"name":"wp","href":"https:\/\/api.w.org\/{rel}","templated":true}]}}