{"id":2445,"date":"2020-08-14T11:17:51","date_gmt":"2020-08-14T14:17:51","guid":{"rendered":"https:\/\/ies9027-infd.mendoza.edu.ar\/sitio\/?page_id=2445"},"modified":"2021-09-07T22:33:41","modified_gmt":"2021-09-08T01:33:41","slug":"formacion-en-temas-de-genero-y-violencia-contra-las-mujeres-en-el-marco-de-la-ley-micaela","status":"publish","type":"page","link":"https:\/\/ies9027-infd.mendoza.edu.ar\/sitio\/formacion-en-temas-de-genero-y-violencia-contra-las-mujeres-en-el-marco-de-la-ley-micaela\/","title":{"rendered":"Resoluci\u00f3n de problemas"},"content":{"rendered":"<h5>\u00a0<\/h5>\n<h4 style=\"text-align: center;\"><strong><span style=\"color: #ff0000;\">ATENCI\u00d3N: s\u00f3lo podr\u00e1s inscribirte a una propuesta<\/span><\/strong><\/h4>\n<h5><img decoding=\"async\" loading=\"lazy\" class=\"wp-image-3067 alignleft\" src=\"https:\/\/ies9027-infd.mendoza.edu.ar\/sitio\/wp-content\/uploads\/2021\/09\/RESOLUCION-DE-PROBLEMAS-707x1000.jpg\" alt=\"\" width=\"450\" height=\"637\" srcset=\"https:\/\/ies9027-infd.mendoza.edu.ar\/sitio\/wp-content\/uploads\/2021\/09\/RESOLUCION-DE-PROBLEMAS-707x1000.jpg 707w, https:\/\/ies9027-infd.mendoza.edu.ar\/sitio\/wp-content\/uploads\/2021\/09\/RESOLUCION-DE-PROBLEMAS-1343x1900.jpg 1343w, https:\/\/ies9027-infd.mendoza.edu.ar\/sitio\/wp-content\/uploads\/2021\/09\/RESOLUCION-DE-PROBLEMAS-768x1086.jpg 768w, https:\/\/ies9027-infd.mendoza.edu.ar\/sitio\/wp-content\/uploads\/2021\/09\/RESOLUCION-DE-PROBLEMAS-1086x1536.jpg 1086w, https:\/\/ies9027-infd.mendoza.edu.ar\/sitio\/wp-content\/uploads\/2021\/09\/RESOLUCION-DE-PROBLEMAS.jpg 1414w\" sizes=\"(max-width: 450px) 100vw, 450px\" \/><\/h5>\n<p>\u00a0<\/p>\n<h4><strong>Profesor:<\/strong> <span class=\"TextRun SCXW265010248 BCX0\" lang=\"ES-CL\" xml:lang=\"ES-CL\" data-contrast=\"auto\"><span class=\"NormalTextRun SpellingErrorV2 SCXW265010248 BCX0\">Abdo<\/span><span class=\"NormalTextRun SCXW265010248 BCX0\">\u00a0Alud<\/span><\/span><span class=\"EOP SCXW265010248 BCX0\" data-ccp-props=\"{&quot;201341983&quot;:0,&quot;335551550&quot;:2,&quot;335551620&quot;:2,&quot;335559739&quot;:200,&quot;335559740&quot;:276}\">\u00a0<\/span><\/h4>\n<h4><strong>Horas c\u00e1tedra: 24 hs.<\/strong><\/h4>\n<h4>\u00a0<\/h4>\n<h5><strong>Para realizar la inscripci\u00f3n hacer clic en el siguiente bot\u00f3n:<\/strong><br \/><a href=\"https:\/\/forms.gle\/TsXqoKpjqik6dJt57\"><img decoding=\"async\" loading=\"lazy\" class=\"wp-image-2659 alignleft\" src=\"https:\/\/ies9027-infd.mendoza.edu.ar\/sitio\/wp-content\/uploads\/2021\/05\/boton-clic-aqui-1-1000x302.png\" alt=\"\" width=\"254\" height=\"76\" srcset=\"https:\/\/ies9027-infd.mendoza.edu.ar\/sitio\/wp-content\/uploads\/2021\/05\/boton-clic-aqui-1-1000x302.png 1000w, https:\/\/ies9027-infd.mendoza.edu.ar\/sitio\/wp-content\/uploads\/2021\/05\/boton-clic-aqui-1-768x232.png 768w, https:\/\/ies9027-infd.mendoza.edu.ar\/sitio\/wp-content\/uploads\/2021\/05\/boton-clic-aqui-1.png 1306w\" sizes=\"(max-width: 254px) 100vw, 254px\" \/><\/a><\/h5>\n<p>\u00a0<\/p>\n<p>\u00a0<\/p>\n<p>\u00a0<\/p>\n<p>\u00a0<\/p>\n<p>\u00a0<\/p>\n<p>\u00a0<\/p>\n<p>\u00a0<\/p>\n<p>\u00a0<\/p>\n\n\n<figure class=\"wp-block-table\"><table><tbody><tr><td><strong>Pres.<\/strong>&nbsp;<\/td><td><strong>Asincr\u00f3nicas<\/strong>&nbsp;<\/td><td><strong>Total hs.<\/strong><\/td><td><strong>Fechas presenciales<\/strong>&nbsp;<\/td><td><strong>DESTINATARIOS<\/strong>&nbsp;<\/td><td class=\"has-text-align-center\" data-align=\"center\"><strong>Cupo<\/strong><\/td><\/tr><tr><td>8 hs&nbsp;<\/td><td>16 hs.<\/td><td>24 hs.<\/td><td>Mi\u00e9rcoles&nbsp;19:30 a 20: 30 hs&nbsp;AULA 1&nbsp;<\/td><td>1er a 4to a\u00f1o&nbsp;&nbsp;&nbsp;PEP y PEI<\/td><td class=\"has-text-align-center\" data-align=\"center\">28<\/td><\/tr><\/tbody><\/table><\/figure>\n","protected":false},"excerpt":{"rendered":"<p>\u00a0 ATENCI\u00d3N: s\u00f3lo podr\u00e1s inscribirte a una propuesta \u00a0 Profesor: Abdo\u00a0Alud\u00a0 Horas c\u00e1tedra: 24 hs. \u00a0 Para realizar la inscripci\u00f3n hacer clic en el siguiente bot\u00f3n: \u00a0 \u00a0 \u00a0 \u00a0 \u00a0 \u00a0 \u00a0 \u00a0 Pres.&nbsp; Asincr\u00f3nicas&nbsp; Total hs. Fechas presenciales&nbsp; DESTINATARIOS&nbsp; Cupo 8 hs&nbsp; 16 hs. 24 hs. Mi\u00e9rcoles&nbsp;19:30 a 20: 30 hs&nbsp;AULA 1&nbsp; 1er &#8230; <a title=\"Resoluci\u00f3n de problemas\" class=\"read-more\" href=\"https:\/\/ies9027-infd.mendoza.edu.ar\/sitio\/formacion-en-temas-de-genero-y-violencia-contra-las-mujeres-en-el-marco-de-la-ley-micaela\/\" aria-label=\"More on Resoluci\u00f3n de problemas\">[+]<\/a><\/p>\n","protected":false},"author":58,"featured_media":0,"parent":0,"menu_order":0,"comment_status":"closed","ping_status":"closed","template":"","meta":[],"acf":[],"_links":{"self":[{"href":"https:\/\/ies9027-infd.mendoza.edu.ar\/sitio\/wp-json\/wp\/v2\/pages\/2445"}],"collection":[{"href":"https:\/\/ies9027-infd.mendoza.edu.ar\/sitio\/wp-json\/wp\/v2\/pages"}],"about":[{"href":"https:\/\/ies9027-infd.mendoza.edu.ar\/sitio\/wp-json\/wp\/v2\/types\/page"}],"author":[{"embeddable":true,"href":"https:\/\/ies9027-infd.mendoza.edu.ar\/sitio\/wp-json\/wp\/v2\/users\/58"}],"replies":[{"embeddable":true,"href":"https:\/\/ies9027-infd.mendoza.edu.ar\/sitio\/wp-json\/wp\/v2\/comments?post=2445"}],"version-history":[{"count":13,"href":"https:\/\/ies9027-infd.mendoza.edu.ar\/sitio\/wp-json\/wp\/v2\/pages\/2445\/revisions"}],"predecessor-version":[{"id":3114,"href":"https:\/\/ies9027-infd.mendoza.edu.ar\/sitio\/wp-json\/wp\/v2\/pages\/2445\/revisions\/3114"}],"wp:attachment":[{"href":"https:\/\/ies9027-infd.mendoza.edu.ar\/sitio\/wp-json\/wp\/v2\/media?parent=2445"}],"curies":[{"name":"wp","href":"https:\/\/api.w.org\/{rel}","templated":true}]}}