{"id":2245,"date":"2020-05-07T12:28:04","date_gmt":"2020-05-07T15:28:04","guid":{"rendered":"https:\/\/ies9027-mza.infd.edu.ar\/sitio\/?page_id=2245"},"modified":"2020-08-18T19:58:03","modified_gmt":"2020-08-18T22:58:03","slug":"educacion-sexual-integral-en-el-nivel-primario","status":"publish","type":"page","link":"https:\/\/ies9027-infd.mendoza.edu.ar\/sitio\/educacion-sexual-integral-en-el-nivel-primario\/","title":{"rendered":"Educaci\u00f3n sexual integral en el nivel primario"},"content":{"rendered":"<p><strong><img decoding=\"async\" loading=\"lazy\" class=\"wp-image-2379 alignleft\" src=\"https:\/\/ies9027-infd.mendoza.edu.ar\/sitio\/wp-content\/uploads\/2020\/08\/ESI-NIVEL-PRIMARIO-707x1000.jpg\" alt=\"\" width=\"265\" height=\"376\" srcset=\"https:\/\/ies9027-infd.mendoza.edu.ar\/sitio\/wp-content\/uploads\/2020\/08\/ESI-NIVEL-PRIMARIO-707x1000.jpg 707w, https:\/\/ies9027-infd.mendoza.edu.ar\/sitio\/wp-content\/uploads\/2020\/08\/ESI-NIVEL-PRIMARIO-768x1086.jpg 768w, https:\/\/ies9027-infd.mendoza.edu.ar\/sitio\/wp-content\/uploads\/2020\/08\/ESI-NIVEL-PRIMARIO-1343x1900.jpg 1343w, https:\/\/ies9027-infd.mendoza.edu.ar\/sitio\/wp-content\/uploads\/2020\/08\/ESI-NIVEL-PRIMARIO.jpg 1414w\" sizes=\"(max-width: 265px) 100vw, 265px\" \/><br \/>\n<\/strong><\/p>\n<p>&nbsp;<\/p>\n<p>&nbsp;<\/p>\n<p>&nbsp;<\/p>\n<h5><strong>Profesor<\/strong>: Ana Bernab\u00e9<\/h5>\n<h5><strong>Horas c\u00e1tedras: <\/strong><\/h5>\n<table>\n<tbody>\n<tr>\n<td width=\"201\">\n<pre style=\"text-align: center;\"><strong>Trabajo en plataforma<\/strong><\/pre>\n<\/td>\n<td style=\"text-align: center;\" width=\"201\">\n<pre><strong>Encuentros sincr\u00f3nicos<\/strong><\/pre>\n<\/td>\n<td width=\"201\">\n<pre style=\"text-align: center;\"><strong>Total de horas a acreditar<\/strong><\/pre>\n<\/td>\n<\/tr>\n<tr>\n<td width=\"201\">\n<h5 style=\"text-align: center;\">10<\/h5>\n<\/td>\n<td style=\"text-align: center;\" width=\"201\">\n<h5>12<\/h5>\n<\/td>\n<td width=\"201\">\n<h5 style=\"text-align: center;\">22<\/h5>\n<\/td>\n<\/tr>\n<tr>\n<td colspan=\"3\" width=\"604\"><strong>Fecha de comienzo<\/strong>: \u00a027\/08<\/td>\n<\/tr>\n<tr>\n<td colspan=\"3\" width=\"604\"><strong>Destinatarios:<\/strong> <strong>Estudiantes de 2do, 3ro y 4to a\u00f1o PEP<\/strong><\/td>\n<\/tr>\n<tr>\n<td colspan=\"3\" width=\"604\"><strong>Cupo:<\/strong> 20 estudiantes<\/p>\n<p>5 externos<\/td>\n<\/tr>\n<\/tbody>\n<\/table>\n<pre><strong>S\u00edntesis explicativa:<\/strong><\/pre>\n<h5>La actividad curricular Educaci\u00f3n Sexual Integral en el nivel Primario propone realizar un aporte en la formaci\u00f3n del futuro docente\u00a0 para que pueda abordar los distintos saberes desde una perspectiva transversal, en el marco de una formaci\u00f3n integral de la persona. En este sentido, se presenta como una propuesta para cambiar las pr\u00e1cticas y vincularse de otro modo con el deseo de aprender de ni\u00f1os y ni\u00f1as en el ciclo de educaci\u00f3n primaria. Para ello, se promueven procesos de reflexi\u00f3n sobre el propio posicionamiento acerca de la sexualidad y de la educaci\u00f3n sexual ya que trabajar la ESI implica una movilizaci\u00f3n personal e institucional profunda, implica poner sobre la mesa conocimientos, puntos de vista, creencias y tambi\u00e9n tab\u00faes y representaciones muy 1 arraigados socialmente, y que es preciso poner en movimiento y, en muchos casos, modificar. El taller pretende convertirse en un espacio para el trabajo con propuestas de ESI en clave de ense\u00f1anza o propuestas institucionales considerando la relevancia para la formaci\u00f3n primordial de los futuros docentes de educaci\u00f3n primaria.<\/h5>\n<h5><\/h5>\n","protected":false},"excerpt":{"rendered":"<p>&nbsp; &nbsp; &nbsp; Profesor: Ana Bernab\u00e9 Horas c\u00e1tedras: Trabajo en plataforma Encuentros sincr\u00f3nicos Total de horas a acreditar 10 12 22 Fecha de comienzo: \u00a027\/08 Destinatarios: Estudiantes de 2do, 3ro y 4to a\u00f1o PEP Cupo: 20 estudiantes 5 externos S\u00edntesis explicativa: La actividad curricular Educaci\u00f3n Sexual Integral en el nivel Primario propone realizar un aporte &#8230; <a title=\"Educaci\u00f3n sexual integral en el nivel primario\" class=\"read-more\" href=\"https:\/\/ies9027-infd.mendoza.edu.ar\/sitio\/educacion-sexual-integral-en-el-nivel-primario\/\" aria-label=\"More on Educaci\u00f3n sexual integral en el nivel primario\">[+]<\/a><\/p>\n","protected":false},"author":58,"featured_media":0,"parent":0,"menu_order":0,"comment_status":"closed","ping_status":"closed","template":"","meta":[],"acf":[],"_links":{"self":[{"href":"https:\/\/ies9027-infd.mendoza.edu.ar\/sitio\/wp-json\/wp\/v2\/pages\/2245"}],"collection":[{"href":"https:\/\/ies9027-infd.mendoza.edu.ar\/sitio\/wp-json\/wp\/v2\/pages"}],"about":[{"href":"https:\/\/ies9027-infd.mendoza.edu.ar\/sitio\/wp-json\/wp\/v2\/types\/page"}],"author":[{"embeddable":true,"href":"https:\/\/ies9027-infd.mendoza.edu.ar\/sitio\/wp-json\/wp\/v2\/users\/58"}],"replies":[{"embeddable":true,"href":"https:\/\/ies9027-infd.mendoza.edu.ar\/sitio\/wp-json\/wp\/v2\/comments?post=2245"}],"version-history":[{"count":7,"href":"https:\/\/ies9027-infd.mendoza.edu.ar\/sitio\/wp-json\/wp\/v2\/pages\/2245\/revisions"}],"predecessor-version":[{"id":2502,"href":"https:\/\/ies9027-infd.mendoza.edu.ar\/sitio\/wp-json\/wp\/v2\/pages\/2245\/revisions\/2502"}],"wp:attachment":[{"href":"https:\/\/ies9027-infd.mendoza.edu.ar\/sitio\/wp-json\/wp\/v2\/media?parent=2245"}],"curies":[{"name":"wp","href":"https:\/\/api.w.org\/{rel}","templated":true}]}}