{"id":1268,"date":"2018-08-31T14:32:12","date_gmt":"2018-08-31T17:32:12","guid":{"rendered":"https:\/\/ies9027-mza.infd.edu.ar\/sitio\/buenas-practicas-de-gestion-ambiental\/"},"modified":"2020-05-05T22:06:22","modified_gmt":"2020-05-06T01:06:22","slug":"buenas-practicas-de-gestion-ambiental","status":"publish","type":"page","link":"https:\/\/ies9027-infd.mendoza.edu.ar\/sitio\/buenas-practicas-de-gestion-ambiental\/","title":{"rendered":"Talleres de Reflexi\u00f3n y Acompa\u00f1amiento a Estudiantes"},"content":{"rendered":"<p><strong>Profesora<\/strong>: Fabiola Hern\u00e1ez<\/p>\n<p><strong>Destinatarios<\/strong>: Estudiantes de 1er a\u00f1o PEP \/PEI<\/p>\n<p><strong>Horas c\u00e1tedra<\/strong>: 17<\/p>\n<p><strong>Cupos:<\/strong><\/p>\n<ul>\n<li>Estudiantes: 30<\/li>\n<\/ul>\n<p><strong>S\u00edntesis explicativa<\/strong>:<\/p>\n<p>El ejercicio docente no puede desprenderse del contexto socio-hist\u00f3rico que lo circunda.\u00a0 Docentes y alumnos son protagonistas de cambios subjetivos, pero sobre todo, sociales.<\/p>\n<p>Actualmente asistimos a una densidad contextual que requiere complejizar la mirada y comprender aquello que ocurre.<\/p>\n<p>Contar con un espacio que invite a la reflexi\u00f3n resulta de particular inter\u00e9s, si se quiere realmente apuntar hacia una mirada reflexiva y una actitud cr\u00edtica.<\/p>\n<p>Este espacio intenta aportar a la formaci\u00f3n docente herramientas que permitan facilitar el di\u00e1logo y desarrollar esa actitud reflexiva y\u00a0\u00a0\u00a0 cr\u00edtica sobre situaciones particulares, sociales, comunitarias y personales, propias del ejercicio profesional, e intenta incluir todas las acciones que comprenden la profesi\u00f3n.<\/p>\n<p><strong>Talleres:<\/strong><\/p>\n<ul>\n<li><em>El valor de uno mismo: \u00e1mbitos de reconocimiento propio<\/em><\/li>\n<li><em>Trabajo cooperativo: La uni\u00f3n hace la fuerza<\/em><\/li>\n<li><em>Nuestros estudiantes y sus familias: la importancia de conocer el contexto<\/em><\/li>\n<li><em>La creatividad en el aula: generaci\u00f3n de espacios de creatividad e innovaci\u00f3n.<\/em><\/li>\n<\/ul>\n<p><strong>INICIO DEL TALLER EL 18 DE MAYO 2020<\/strong><\/p>\n<p><img decoding=\"async\" loading=\"lazy\" class=\"alignnone size-full wp-image-2222 aligncenter\" src=\"https:\/\/ies9027-infd.mendoza.edu.ar\/sitio\/wp-content\/uploads\/2020\/05\/Talleres-de-Reflexi\u00f3n-y-acompa\u00f1amiento-a-estudiantes.png\" alt=\"\" width=\"400\" height=\"385\" \/><\/p>\n","protected":false},"excerpt":{"rendered":"<p>Profesora: Fabiola Hern\u00e1ez Destinatarios: Estudiantes de 1er a\u00f1o PEP \/PEI Horas c\u00e1tedra: 17 Cupos: Estudiantes: 30 S\u00edntesis explicativa: El ejercicio docente no puede desprenderse del contexto socio-hist\u00f3rico que lo circunda.\u00a0 Docentes y alumnos son protagonistas de cambios subjetivos, pero sobre todo, sociales. Actualmente asistimos a una densidad contextual que requiere complejizar la mirada y comprender &#8230; <a title=\"Talleres de Reflexi\u00f3n y Acompa\u00f1amiento a Estudiantes\" class=\"read-more\" href=\"https:\/\/ies9027-infd.mendoza.edu.ar\/sitio\/buenas-practicas-de-gestion-ambiental\/\" aria-label=\"More on Talleres de Reflexi\u00f3n y Acompa\u00f1amiento a Estudiantes\">[+]<\/a><\/p>\n","protected":false},"author":58,"featured_media":0,"parent":0,"menu_order":0,"comment_status":"closed","ping_status":"closed","template":"","meta":[],"acf":[],"_links":{"self":[{"href":"https:\/\/ies9027-infd.mendoza.edu.ar\/sitio\/wp-json\/wp\/v2\/pages\/1268"}],"collection":[{"href":"https:\/\/ies9027-infd.mendoza.edu.ar\/sitio\/wp-json\/wp\/v2\/pages"}],"about":[{"href":"https:\/\/ies9027-infd.mendoza.edu.ar\/sitio\/wp-json\/wp\/v2\/types\/page"}],"author":[{"embeddable":true,"href":"https:\/\/ies9027-infd.mendoza.edu.ar\/sitio\/wp-json\/wp\/v2\/users\/58"}],"replies":[{"embeddable":true,"href":"https:\/\/ies9027-infd.mendoza.edu.ar\/sitio\/wp-json\/wp\/v2\/comments?post=1268"}],"version-history":[{"count":7,"href":"https:\/\/ies9027-infd.mendoza.edu.ar\/sitio\/wp-json\/wp\/v2\/pages\/1268\/revisions"}],"predecessor-version":[{"id":2235,"href":"https:\/\/ies9027-infd.mendoza.edu.ar\/sitio\/wp-json\/wp\/v2\/pages\/1268\/revisions\/2235"}],"wp:attachment":[{"href":"https:\/\/ies9027-infd.mendoza.edu.ar\/sitio\/wp-json\/wp\/v2\/media?parent=1268"}],"curies":[{"name":"wp","href":"https:\/\/api.w.org\/{rel}","templated":true}]}}