{"id":1264,"date":"2018-08-31T14:32:11","date_gmt":"2018-08-31T17:32:11","guid":{"rendered":"https:\/\/ies9027-mza.infd.edu.ar\/sitio\/tramites\/"},"modified":"2025-06-17T22:34:26","modified_gmt":"2025-06-18T01:34:26","slug":"tramites","status":"publish","type":"page","link":"https:\/\/ies9027-infd.mendoza.edu.ar\/sitio\/tramites\/","title":{"rendered":"Tr\u00e1mites"},"content":{"rendered":"<p>Para solicitar certificados de alumno regular, certificados de mesas rendidas y anal\u00edticos provisorios enviar correo al siguiente mail <strong>seccionalumno9027@gmail.com<\/strong>.<\/p>\n<p>Los certificados de alumno regular se deber\u00e1n solicitar 48 horas antes y los anal\u00edticos provisorios 7 d\u00edas h\u00e1biles antes.<\/p>\n","protected":false},"excerpt":{"rendered":"<p>Para solicitar certificados de alumno regular, certificados de mesas rendidas y anal\u00edticos provisorios enviar correo al siguiente mail seccionalumno9027@gmail.com. Los certificados de alumno regular se deber\u00e1n solicitar 48 horas antes y los anal\u00edticos provisorios 7 d\u00edas h\u00e1biles antes.<\/p>\n","protected":false},"author":58,"featured_media":0,"parent":0,"menu_order":0,"comment_status":"closed","ping_status":"closed","template":"","meta":[],"acf":[],"_links":{"self":[{"href":"https:\/\/ies9027-infd.mendoza.edu.ar\/sitio\/wp-json\/wp\/v2\/pages\/1264"}],"collection":[{"href":"https:\/\/ies9027-infd.mendoza.edu.ar\/sitio\/wp-json\/wp\/v2\/pages"}],"about":[{"href":"https:\/\/ies9027-infd.mendoza.edu.ar\/sitio\/wp-json\/wp\/v2\/types\/page"}],"author":[{"embeddable":true,"href":"https:\/\/ies9027-infd.mendoza.edu.ar\/sitio\/wp-json\/wp\/v2\/users\/58"}],"replies":[{"embeddable":true,"href":"https:\/\/ies9027-infd.mendoza.edu.ar\/sitio\/wp-json\/wp\/v2\/comments?post=1264"}],"version-history":[{"count":1,"href":"https:\/\/ies9027-infd.mendoza.edu.ar\/sitio\/wp-json\/wp\/v2\/pages\/1264\/revisions"}],"predecessor-version":[{"id":6552,"href":"https:\/\/ies9027-infd.mendoza.edu.ar\/sitio\/wp-json\/wp\/v2\/pages\/1264\/revisions\/6552"}],"wp:attachment":[{"href":"https:\/\/ies9027-infd.mendoza.edu.ar\/sitio\/wp-json\/wp\/v2\/media?parent=1264"}],"curies":[{"name":"wp","href":"https:\/\/api.w.org\/{rel}","templated":true}]}}