{"id":1237,"date":"2018-08-31T14:31:58","date_gmt":"2018-08-31T17:31:58","guid":{"rendered":"https:\/\/ies9027-mza.infd.edu.ar\/sitio\/actividades\/"},"modified":"2026-02-10T21:39:54","modified_gmt":"2026-02-11T00:39:54","slug":"actividades","status":"publish","type":"page","link":"https:\/\/ies9027-infd.mendoza.edu.ar\/sitio\/actividades\/","title":{"rendered":"Calendario Acad\u00e9mico 2026"},"content":{"rendered":"\n<figure class=\"wp-block-table is-style-stripes\"><table><tbody><tr><td class=\"has-text-align-center\" data-align=\"center\"><strong>FECHA<\/strong><\/td><td class=\"has-text-align-left\" data-align=\"left\"><strong>ACTIVIDADES<\/strong><\/td><td class=\"has-text-align-left\" data-align=\"left\"><strong>ACTORES<\/strong><\/td><\/tr><tr><td class=\"has-text-align-center\" data-align=\"center\" colspan=\"3\"><strong>FEBRERO<\/strong><\/td><\/tr><tr><td class=\"has-text-align-center\" data-align=\"center\"><strong>&nbsp;<\/strong> <strong>09<\/strong><\/td><td class=\"has-text-align-left\" data-align=\"left\">Acto de presentaci\u00f3n de los lineamientos pol\u00edtico- pedag\u00f3gicos de la DGE para el 2024<\/td><td class=\"has-text-align-left\" data-align=\"left\">Autoridades de la DGE. Rectores y equipo de gesti\u00f3n<\/td><\/tr><tr><td class=\"has-text-align-center\" data-align=\"center\"><strong>&nbsp;<\/strong> <strong>10<\/strong><\/td><td class=\"has-text-align-left\" data-align=\"left\"><strong>Inicio de las actividades acad\u00e9micas:<\/strong> Presentaci\u00f3n de los equipos de gesti\u00f3n en los Institutos.&nbsp; &nbsp;&nbsp;&nbsp;&nbsp;<\/td><td class=\"has-text-align-left\" data-align=\"left\">Equipos de gesti\u00f3n institucional Coordinaci\u00f3n General de Educaci\u00f3n Superior<\/td><\/tr><tr><td class=\"has-text-align-center\" data-align=\"center\"><strong>10<\/strong><\/td><td class=\"has-text-align-left\" data-align=\"left\">Inicio de la segunda etapa de inscripci\u00f3n de \u00a0\u00a0\u00a0aspirantes al ciclo lectivo 2026<\/td><td class=\"has-text-align-left\" data-align=\"left\">Equipos de gesti\u00f3n. Docentes. No Docentes. Estudiantes<\/td><\/tr><tr><td class=\"has-text-align-center\" data-align=\"center\"><strong>\u00a0<\/strong> <strong>18,19 y 20<\/strong><\/td><td class=\"has-text-align-left\" data-align=\"left\">Consulta a mesas de ex\u00e1menes ordinarias. Turno febrero\/marzo. Primer llamado. \u00a0<\/td><td class=\"has-text-align-left\" data-align=\"left\">Equipos de gesti\u00f3n, Docentes, No Docentes, Estudiantes<\/td><\/tr><tr><td class=\"has-text-align-center\" data-align=\"center\"><strong>18<\/strong><\/td><td class=\"has-text-align-left\" data-align=\"left\">Ingreso: Primera instancia, presencial. Examen Comprensi\u00f3n y producci\u00f3n de textos.<\/td><td class=\"has-text-align-left\" data-align=\"left\" rowspan=\"4\">Aspirantes al ingreso \u00a0 Equipo jurisdiccional \u00a0 Referentes regionales \u00a0 Referentes institucionales Docentes<\/td><\/tr><tr><td class=\"has-text-align-center\" data-align=\"center\"><strong>19<\/strong><\/td><td class=\"has-text-align-left\" data-align=\"left\">Ingreso: Primera instancia, presencial. Examen Pensamiento l\u00f3gico y resoluci\u00f3n de problemas.<\/td><\/tr><tr><td class=\"has-text-align-center\" data-align=\"center\"><strong>20<\/strong><\/td><td class=\"has-text-align-left\" data-align=\"left\">Ingreso: Primera instancia, presencial. Examen Lengua inglesa Escrito<\/td><\/tr><tr><td class=\"has-text-align-center\" data-align=\"center\"><strong>23<\/strong><\/td><td class=\"has-text-align-left\" data-align=\"left\">Ingreso: Primera instancia, presencial. Examen Lengua Inglesa Oral<\/td><\/tr><tr><td class=\"has-text-align-center\" data-align=\"center\"><strong>23 al 27<\/strong><\/td><td class=\"has-text-align-left\" data-align=\"left\">Mesas de ex\u00e1menes ordinarias. Turno febrero\/marzo. Primer llamado<\/td><td class=\"has-text-align-left\" data-align=\"left\">Equipos de gesti\u00f3n, Docentes, No Docentes, Estudiantes<\/td><\/tr><tr><td class=\"has-text-align-center\" data-align=\"center\" colspan=\"3\"><strong>MARZO<\/strong><strong><\/strong><\/td><\/tr><tr><td class=\"has-text-align-center\" data-align=\"center\"><strong>02 al 06<\/strong><\/td><td class=\"has-text-align-left\" data-align=\"left\">Consulta a mesas de ex\u00e1menes ordinarias. Turno febrero\/marzo. Segundo llamado<\/td><td class=\"has-text-align-left\" data-align=\"left\">Equipos de gesti\u00f3n, Docentes, No Docentes, Estudiantes<\/td><\/tr><tr><td class=\"has-text-align-center\" data-align=\"center\"><strong>09 al <\/strong><strong>13<\/strong><strong><\/strong><\/td><td class=\"has-text-align-left\" data-align=\"left\">Mesas de ex\u00e1menes ordinarias. Turno febrero\/marzo. Segundo llamado <strong><\/strong><\/td><td class=\"has-text-align-left\" data-align=\"left\">Equipos de gesti\u00f3n, Docentes, No Docentes, Estudiantes<\/td><\/tr><tr><td class=\"has-text-align-center\" data-align=\"center\"><strong>16<\/strong><\/td><td class=\"has-text-align-left\" data-align=\"left\">Ingreso: Segunda Instancia. Presencial Examen Comprensi\u00f3n y producci\u00f3n de textos.<\/td><td class=\"has-text-align-left\" data-align=\"left\" rowspan=\"4\">Aspirantes al ingreso Equipo jurisdiccional Referentes regionales Referentes institucionales Docentes<\/td><\/tr><tr><td class=\"has-text-align-center\" data-align=\"center\"><strong>17<\/strong><\/td><td class=\"has-text-align-left\" data-align=\"left\">Ingreso: Segunda Instancia. Presencial Examen Pensamiento l\u00f3gico y resoluci\u00f3n de problemas.<\/td><\/tr><tr><td class=\"has-text-align-center\" data-align=\"center\"><strong>18<\/strong><\/td><td class=\"has-text-align-left\" data-align=\"left\">Ingreso: Segunda Instancia. Presencial \u00a0\u00a0\u00a0 \u00a0Examen Lengua inglesa Escrito.<\/td><\/tr><tr><td class=\"has-text-align-center\" data-align=\"center\"><strong>19<\/strong><\/td><td class=\"has-text-align-left\" data-align=\"left\">Ingreso: Segunda Instancia. Presencial \u00a0\u00a0\u00a0\u00a0\u00a0Examen Lengua Inglesa Oral.<\/td><\/tr><tr><td class=\"has-text-align-center\" data-align=\"center\"><strong>18 al 20<\/strong><\/td><td class=\"has-text-align-left\" data-align=\"left\">Inscripci\u00f3n y matriculaci\u00f3n de estudiantes de todas las carreras<\/td><td class=\"has-text-align-left\" data-align=\"left\">Equipos de gesti\u00f3n, Docentes, No Docentes, Estudiantes<\/td><\/tr><tr><td class=\"has-text-align-center\" data-align=\"center\"><strong>25<\/strong><\/td><td class=\"has-text-align-left\" data-align=\"left\">Inicio del cursado regular del primer cuatrimestre. De segundo a cuarto a\u00f1o de todas las carreras<\/td><td class=\"has-text-align-left\" data-align=\"left\">Docentes, No Docentes, Estudiantes<\/td><\/tr><tr><td class=\"has-text-align-center\" data-align=\"center\" colspan=\"3\"><strong>ABRIL<\/strong><strong><\/strong><\/td><\/tr><tr><td class=\"has-text-align-center\" data-align=\"center\"><strong>02<\/strong><\/td><td class=\"has-text-align-left\" data-align=\"left\">Ingreso: Tercera Instancia. Presencial Examen Comprensi\u00f3n y producci\u00f3n de textos.<\/td><td class=\"has-text-align-left\" data-align=\"left\" rowspan=\"4\">Aspirantes al ingreso Equipo jurisdiccional Referentes regionales Referentes institucionales Docentes<\/td><\/tr><tr><td class=\"has-text-align-center\" data-align=\"center\"><strong>03<\/strong><\/td><td class=\"has-text-align-left\" data-align=\"left\">Ingreso: Tercera Instancia. Presencial Examen Pensamiento l\u00f3gico y resoluci\u00f3n de problemas.<\/td><\/tr><tr><td class=\"has-text-align-center\" data-align=\"center\"><strong>06<\/strong><\/td><td class=\"has-text-align-left\" data-align=\"left\">Ingreso: Tercera Instancia. Presencial Examen Lengua inglesa Escrito.<\/td><\/tr><tr><td class=\"has-text-align-center\" data-align=\"center\"><strong>07<\/strong><\/td><td class=\"has-text-align-left\" data-align=\"left\">Ingreso: Tercera Instancia. Presencial Examen Lengua Inglesa Oral.<\/td><\/tr><tr><td class=\"has-text-align-center\" data-align=\"center\"><strong>20 al 23<\/strong><\/td><td class=\"has-text-align-left\" data-align=\"left\">Entrega de programas de estudio del primer cuatrimestre y anuales &nbsp;de todas las carreras<\/td><td class=\"has-text-align-left\" data-align=\"left\">Docentes<\/td><\/tr><tr><td class=\"has-text-align-center\" data-align=\"center\"><strong>30<\/strong><\/td><td class=\"has-text-align-left\" data-align=\"left\">Fecha l\u00edmite para la presentaci\u00f3n de planes de terminalidad ante la DES, seg\u00fan lo establecido en el art\u00edculo 78 de la Res. N\u00b0 1286\/2024<\/td><td class=\"has-text-align-left\" data-align=\"left\">Equipos de gesti\u00f3n<\/td><\/tr><tr><td class=\"has-text-align-center\" data-align=\"center\" colspan=\"3\"><strong>MAYO<\/strong><strong><\/strong><\/td><\/tr><tr><td class=\"has-text-align-center\" data-align=\"center\"><strong>26 al 01\/06<\/strong><\/td><td class=\"has-text-align-left\" data-align=\"left\">Mesas ex\u00e1menes extraordinarias, sin suspensi\u00f3n de clases. Turno mayo (\u00fanico llamado)<\/td><td class=\"has-text-align-left\" data-align=\"left\">Equipos de gesti\u00f3n. Docentes. No docentes. Estudiantes<\/td><\/tr><tr><td class=\"has-text-align-center\" data-align=\"center\" colspan=\"3\"><strong>JUNIO<\/strong><strong><\/strong><\/td><\/tr><tr><td class=\"has-text-align-center\" data-align=\"center\" colspan=\"3\">&nbsp;<\/td><\/tr><tr><td class=\"has-text-align-center\" data-align=\"center\" colspan=\"3\"><strong>JULIO<\/strong><strong><\/strong><\/td><\/tr><tr><td class=\"has-text-align-center\" data-align=\"center\"><strong>03\/07<\/strong><\/td><td class=\"has-text-align-left\" data-align=\"left\">Finalizaci\u00f3n del cursado del primer cuatrimestre de todas las carreras<\/td><td class=\"has-text-align-left\" data-align=\"left\">Equipos de gesti\u00f3n. Docentes. No Docentes. Estudiantes<\/td><\/tr><tr><td class=\"has-text-align-center\" data-align=\"center\"><strong>06 al 17<\/strong><\/td><td class=\"has-text-align-left\" data-align=\"left\"><strong>RECESO ESCOLAR DE INVIERNO<\/strong><strong><\/strong><\/td><td class=\"has-text-align-left\" data-align=\"left\"><strong>Equipos de gesti\u00f3n, Docentes, No Docentes, Estudiantes<\/strong><\/td><\/tr><tr><td class=\"has-text-align-center\" data-align=\"center\"><strong>20<\/strong><\/td><td class=\"has-text-align-left\" data-align=\"left\">Inicio de las actividades acad\u00e9micas, segundo cuatrimestre.<strong><\/strong><\/td><td class=\"has-text-align-left\" data-align=\"left\">Docentes, equipos de gesti\u00f3n<\/td><\/tr><tr><td class=\"has-text-align-center\" data-align=\"center\"><strong>20 al 24<\/strong><\/td><td class=\"has-text-align-left\" data-align=\"left\">Inicio del periodo de horas de consulta para las mesas examinadoras\/tribunales de julio\/agosto (\u00fanico llamado)<\/td><td class=\"has-text-align-left\" data-align=\"left\">Equipos de gesti\u00f3n. Docentes. No Docentes. Estudiantes<\/td><\/tr><tr><td class=\"has-text-align-center\" data-align=\"center\"><strong>27 al 31<\/strong><\/td><td class=\"has-text-align-left\" data-align=\"left\">Mesas de ex\u00e1menes extraordinarias, sin suspensi\u00f3n de clases. Turno septiembre (\u00fanico llamado)<\/td><td class=\"has-text-align-left\" data-align=\"left\">Equipos de gesti\u00f3n. Docentes. No docentes. Estudiantes<\/td><\/tr><tr><td class=\"has-text-align-center\" data-align=\"center\" colspan=\"3\"><strong>AGOSTO<\/strong><\/td><\/tr><tr><td class=\"has-text-align-center\" data-align=\"center\"><strong>05 y 06<\/strong><\/td><td class=\"has-text-align-left\" data-align=\"left\">Inscripciones para cursado del segundo cuatrimestre<\/td><td class=\"has-text-align-left\" data-align=\"left\">Equipos de gesti\u00f3n, No Docentes, Estudiantes<\/td><\/tr><tr><td class=\"has-text-align-center\" data-align=\"center\"><strong>10\/08<\/strong><\/td><td class=\"has-text-align-left\" data-align=\"left\">Inicio del cursado regular del segundo cuatrimestre. Todos los a\u00f1os. Todas las carreras.<\/td><td class=\"has-text-align-left\" data-align=\"left\">Equipos de gesti\u00f3n, Docentes, No Docentes, Estudiantes<\/td><\/tr><tr><td class=\"has-text-align-center\" data-align=\"center\"><strong>24<\/strong><\/td><td class=\"has-text-align-left\" data-align=\"left\">a) Emisi\u00f3n de autorizaciones para preinscribir y matricular en ofertas formativas 2027 b) Inicio de actividades de difusi\u00f3n e inscripci\u00f3n a ofertas formativas 2027<\/td><td class=\"has-text-align-left\" data-align=\"left\">Direcci\u00f3n de Educaci\u00f3n Superior. Equipos de gesti\u00f3n<\/td><\/tr><tr><td class=\"has-text-align-center\" data-align=\"center\"><strong>27 al 31<\/strong><strong><\/strong><\/td><td class=\"has-text-align-left\" data-align=\"left\">Entrega de programas de estudio segundo cuatrimestre y ajustes de las materias anuales<\/td><td class=\"has-text-align-left\" data-align=\"left\">Docentes<\/td><\/tr><tr><td class=\"has-text-align-center\" data-align=\"center\" colspan=\"3\"><strong>SEPTIEMBRE<\/strong><\/td><\/tr><tr><td class=\"has-text-align-center\" data-align=\"center\"><strong>02<\/strong><strong><\/strong><\/td><td class=\"has-text-align-left\" data-align=\"left\">Emisi\u00f3n de autorizaciones a pre- inscripci\u00f3n en ofertas formativas 2025.<\/td><td class=\"has-text-align-left\" data-align=\"left\">DES<\/td><\/tr><tr><td class=\"has-text-align-center\" data-align=\"center\"><strong>29\/9 al 03\/10<\/strong><strong><\/strong><\/td><td class=\"has-text-align-left\" data-align=\"left\">Mesas de ex\u00e1menes extraordinarias, sin suspensi\u00f3n de clases. Turno septiembre (\u00fanico llamado).<\/td><td class=\"has-text-align-left\" data-align=\"left\">Equipos de gesti\u00f3n. Docentes. No docentes. Estudiantes<\/td><\/tr><tr><td class=\"has-text-align-center\" data-align=\"center\" colspan=\"3\"><strong>OCTUBRE<\/strong><\/td><\/tr><tr><td class=\"has-text-align-center\" data-align=\"center\"><strong>09<\/strong><strong><\/strong><\/td><td class=\"has-text-align-left\" data-align=\"left\">Inicio de la preinscripci\u00f3n en ofertas formativas 2027 seg\u00fan cronograma institucional.<\/td><td class=\"has-text-align-left\" data-align=\"left\">Equipos de gesti\u00f3n, No docentes, aspirantes<\/td><\/tr><tr><td class=\"has-text-align-center\" data-align=\"center\" colspan=\"3\"><strong>NOVIEMBRE<\/strong><strong><\/strong><\/td><\/tr><tr><td class=\"has-text-align-center\" data-align=\"center\"><strong>20<\/strong><strong><\/strong><\/td><td class=\"has-text-align-left\" data-align=\"left\">Finalizaci\u00f3n del cursado del segundo cuatrimestre de todas las carreras<\/td><td class=\"has-text-align-left\" data-align=\"left\">Equipos de gesti\u00f3n, Docentes, No Docentes, Estudiantes<\/td><\/tr><tr><td class=\"has-text-align-center\" data-align=\"center\"><strong>24 al 27<\/strong><strong><\/strong><\/td><td class=\"has-text-align-left\" data-align=\"left\">Consulta a mesas de ex\u00e1menes ordinarias. Turno noviembre\/diciembre. Primer llamado<\/td><td class=\"has-text-align-left\" data-align=\"left\">Equipos de gesti\u00f3n. Docentes. No Docentes. Estudiantes<\/td><\/tr><tr><td class=\"has-text-align-center\" data-align=\"center\" colspan=\"3\"><strong>DICIEMBRE<\/strong><strong><\/strong><\/td><\/tr><tr><td class=\"has-text-align-center\" data-align=\"center\"><strong>30 al 04<\/strong><\/td><td class=\"has-text-align-left\" data-align=\"left\">Mesas de ex\u00e1menes ordinarias. Turno noviembre\/diciembre. Primer llamado \u00a0<\/td><td class=\"has-text-align-left\" data-align=\"left\">Equipos de gesti\u00f3n. Docentes. No docentes. Estudiantes<\/td><\/tr><tr><td class=\"has-text-align-center\" data-align=\"center\"><strong>01<\/strong><\/td><td class=\"has-text-align-left\" data-align=\"left\">Inicio del taller de ingreso para todos los aspirantes 2027<\/td><td class=\"has-text-align-left\" data-align=\"left\">Equipos de gesti\u00f3n, Docentes, No Docentes, Estudiantes<\/td><\/tr><tr><td class=\"has-text-align-center\" data-align=\"center\"><strong>07 al 11<\/strong><\/td><td class=\"has-text-align-left\" data-align=\"left\">Consulta a mesas de ex\u00e1menes ordinarias. Turno noviembre\/diciembre. Segundo llamado.<strong><\/strong><\/td><td class=\"has-text-align-left\" data-align=\"left\">Equipos de gesti\u00f3n. Docentes. No docentes. Estudiantes<\/td><\/tr><tr><td class=\"has-text-align-center\" data-align=\"center\"><strong>14 al 18<\/strong><\/td><td class=\"has-text-align-left\" data-align=\"left\">Mesas de ex\u00e1menes ordinarias. Turno noviembre\/diciembre. Segundo llamado.<\/td><td class=\"has-text-align-left\" data-align=\"left\">Equipos de gesti\u00f3n. Docentes. No docentes. Estudiantes<\/td><\/tr><tr><td class=\"has-text-align-center\" data-align=\"center\"><strong>14\/12<\/strong><strong><\/strong><\/td><td class=\"has-text-align-left\" data-align=\"left\">a) Inicio de inscripci\u00f3n de docentes para cubrir suplencias durante el ciclo lectivo 2027 b) Organizaci\u00f3n y publicaci\u00f3n de mesas de ex\u00e1menes ordinarias. Turno febrero\/marzo 2027 (dos llamados)<\/td><td class=\"has-text-align-left\" data-align=\"left\">Equipos de gesti\u00f3n. Docentes. No Docentes<\/td><\/tr><tr><td class=\"has-text-align-center\" data-align=\"center\"><strong>23<\/strong><\/td><td class=\"has-text-align-left\" data-align=\"left\">Presentaci\u00f3n ante la CGES del informe y evaluaci\u00f3n final de las actividades del ciclo lectivo 2026.<\/td><td class=\"has-text-align-left\" data-align=\"left\">Equipos de gesti\u00f3n<\/td><\/tr><tr><td class=\"has-text-align-center\" data-align=\"center\"><strong>23\/12<\/strong><\/td><td class=\"has-text-align-left\" data-align=\"left\"><strong>Finalizaci\u00f3n de actividades acad\u00e9micas.<\/strong><strong><\/strong><\/td><td class=\"has-text-align-left\" data-align=\"left\">Equipos de gesti\u00f3n, Docentes, No Docentes<\/td><\/tr><\/tbody><\/table><\/figure>\n\n\n\n<p>Nota: las actividades organizacionales, las relativas a la presentaci\u00f3n de nuevas ofertas formativas y al plan de desarrollo y los posibles ajustes al calendario ser\u00e1n comunicadas a trav\u00e9s de resoluciones complementarias.<\/p>\n","protected":false},"excerpt":{"rendered":"<p>FECHA ACTIVIDADES ACTORES FEBRERO &nbsp; 09 Acto de presentaci\u00f3n de los lineamientos pol\u00edtico- pedag\u00f3gicos de la DGE para el 2024 Autoridades de la DGE. Rectores y equipo de gesti\u00f3n &nbsp; 10 Inicio de las actividades acad\u00e9micas: Presentaci\u00f3n de los equipos de gesti\u00f3n en los Institutos.&nbsp; &nbsp;&nbsp;&nbsp;&nbsp; Equipos de gesti\u00f3n institucional Coordinaci\u00f3n General de Educaci\u00f3n Superior &#8230; <a title=\"Calendario Acad\u00e9mico 2026\" class=\"read-more\" href=\"https:\/\/ies9027-infd.mendoza.edu.ar\/sitio\/actividades\/\" aria-label=\"More on Calendario Acad\u00e9mico 2026\">[+]<\/a><\/p>\n","protected":false},"author":58,"featured_media":0,"parent":0,"menu_order":0,"comment_status":"closed","ping_status":"closed","template":"","meta":[],"acf":[],"_links":{"self":[{"href":"https:\/\/ies9027-infd.mendoza.edu.ar\/sitio\/wp-json\/wp\/v2\/pages\/1237"}],"collection":[{"href":"https:\/\/ies9027-infd.mendoza.edu.ar\/sitio\/wp-json\/wp\/v2\/pages"}],"about":[{"href":"https:\/\/ies9027-infd.mendoza.edu.ar\/sitio\/wp-json\/wp\/v2\/types\/page"}],"author":[{"embeddable":true,"href":"https:\/\/ies9027-infd.mendoza.edu.ar\/sitio\/wp-json\/wp\/v2\/users\/58"}],"replies":[{"embeddable":true,"href":"https:\/\/ies9027-infd.mendoza.edu.ar\/sitio\/wp-json\/wp\/v2\/comments?post=1237"}],"version-history":[{"count":35,"href":"https:\/\/ies9027-infd.mendoza.edu.ar\/sitio\/wp-json\/wp\/v2\/pages\/1237\/revisions"}],"predecessor-version":[{"id":6765,"href":"https:\/\/ies9027-infd.mendoza.edu.ar\/sitio\/wp-json\/wp\/v2\/pages\/1237\/revisions\/6765"}],"wp:attachment":[{"href":"https:\/\/ies9027-infd.mendoza.edu.ar\/sitio\/wp-json\/wp\/v2\/media?parent=1237"}],"curies":[{"name":"wp","href":"https:\/\/api.w.org\/{rel}","templated":true}]}}