{"id":1235,"date":"2018-08-31T14:31:57","date_gmt":"2018-08-31T17:31:57","guid":{"rendered":"https:\/\/ies9027-mza.infd.edu.ar\/sitio\/estructura-curricular-5\/"},"modified":"2024-07-24T21:17:59","modified_gmt":"2024-07-25T00:17:59","slug":"estructura-curricular-5","status":"publish","type":"page","link":"https:\/\/ies9027-infd.mendoza.edu.ar\/sitio\/estructura-curricular-5\/","title":{"rendered":"Estructura Curricular"},"content":{"rendered":"\n<pre class=\"wp-block-preformatted\"><strong>EN CASO DE NECESITAR ALG\u00daN PROGRAMA, POR FAVOR COMUN\u00cdQUESE CON BEDEL\u00cdA.<\/strong><\/pre>\n\n\n<table style=\"width: 100%;\" border=\"1\" cellspacing=\"0\" cellpadding=\"0\">\n<tbody>\n<tr class=\"Titulo_resaltado\">\n<td style=\"width: 96.5649%;\" colspan=\"8\">\n<p style=\"text-align: center;\"><span style=\"font-size: 14pt; color: #000000;\"><strong>PRIMER A\u00d1O<\/strong><\/span><\/p>\n<\/td>\n<\/tr>\n<tr>\n<td class=\"Resaltado2\" style=\"text-align: center; width: 48.0916%;\" colspan=\"4\"><strong>PRIMER CUATRIMESTRE<\/strong><\/td>\n<td class=\"Resaltado2\" style=\"text-align: center; width: 48.4733%;\" colspan=\"4\"><strong>SEGUNDO CUATRIMESTRE<\/strong><\/td>\n<\/tr>\n<tr>\n<td class=\"Resaltado2\" style=\"text-align: center; width: 18.8931%;\"><strong>Espacio Curricular<\/strong><\/td>\n<td class=\"Resaltado2\" style=\"text-align: center; width: 11.9394%;\"><strong>Hs. Semanales<\/strong><\/td>\n<td class=\"Resaltado2\" style=\"text-align: center; width: 11.1522%;\"><strong>Hs. Gesti\u00f3n Curricular<\/strong><\/td>\n<td class=\"Resaltado2\" style=\"text-align: center; width: 6.10687%;\"><strong>Hs. Total<\/strong><\/td>\n<td class=\"Resaltado2\" style=\"text-align: center; width: 21.5649%;\" valign=\"top\">\u00a0<strong>Espacio \u00a0Curricular<\/strong><\/td>\n<td class=\"Resaltado2\" style=\"text-align: center; width: 9.16031%;\"><strong>Formato<\/strong><\/td>\n<td class=\"Resaltado2\" style=\"text-align: center; width: 12.0229%;\"><strong>Hs. Semanales<\/strong><\/td>\n<td class=\"Resaltado2\" style=\"text-align: center; width: 5.72519%;\"><strong>Hs. Total<\/strong><\/td>\n<\/tr>\n<tr>\n<td style=\"width: 18.8931%;\">1. Pedagog\u00eda<\/td>\n<td style=\"text-align: center; width: 11.9394%;\">5<\/td>\n<td style=\"text-align: center; width: 11.1522%;\">2<\/td>\n<td style=\"text-align: center; width: 6.10687%;\">7<\/td>\n<td style=\"width: 21.5649%;\">4. Perspectiva Hist\u00f3rica, Pol\u00edtica, Econ\u00f3mico Social y cultural de Am\u00e9rica Latina.<\/td>\n<td style=\"text-align: center; width: 9.16031%;\">5<\/td>\n<td style=\"text-align: center; width: 12.0229%;\">2<\/td>\n<td style=\"text-align: center; width: 5.72519%;\">7<\/td>\n<\/tr>\n<tr>\n<td style=\"width: 18.8931%;\">2. Promoci\u00f3n de la Salud<\/td>\n<td style=\"text-align: center; width: 11.9394%;\">3<\/td>\n<td style=\"text-align: center; width: 11.1522%;\">1<\/td>\n<td style=\"text-align: center; width: 6.10687%;\">4<\/td>\n<td style=\"width: 21.5649%;\">5. Psicolog\u00eda Educacional<\/td>\n<td style=\"text-align: center; width: 9.16031%;\">5<\/td>\n<td style=\"text-align: center; width: 12.0229%;\">2<\/td>\n<td style=\"text-align: center; width: 5.72519%;\">7<\/td>\n<\/tr>\n<tr>\n<td style=\"width: 18.8931%;\">3. Did\u00e1ctica General<\/td>\n<td style=\"text-align: center; width: 11.9394%;\">5<\/td>\n<td style=\"text-align: center; width: 11.1522%;\">2<\/td>\n<td style=\"text-align: center; width: 6.10687%;\">7<\/td>\n<td style=\"width: 21.5649%;\">6. Juego y Producci\u00f3n de Objetos L\u00fadicos<\/td>\n<td style=\"text-align: center; width: 9.16031%;\">4<\/td>\n<td style=\"text-align: center; width: 12.0229%;\">2<\/td>\n<td style=\"text-align: center; width: 5.72519%;\">6<\/td>\n<\/tr>\n<tr>\n<td style=\"width: 69.6565%;\" colspan=\"5\">7.\u00a0 Sujetos de la Educaci\u00f3n Inicial<\/td>\n<td style=\"text-align: center; width: 9.16031%;\">5<\/td>\n<td style=\"text-align: center; width: 12.0229%;\">2<\/td>\n<td style=\"text-align: center; width: 5.72519%;\">7<\/td>\n<\/tr>\n<tr>\n<td style=\"width: 69.6565%;\" colspan=\"5\">8.\u00a0 Did\u00e1ctica del Nivel Inicial<\/td>\n<td style=\"text-align: center; width: 9.16031%;\">4<\/td>\n<td style=\"text-align: center; width: 12.0229%;\">2<\/td>\n<td style=\"text-align: center; width: 5.72519%;\">6<\/td>\n<\/tr>\n<tr>\n<td style=\"width: 69.6565%;\" colspan=\"5\">9.\u00a0 Tecnolog\u00eda de la Informaci\u00f3n y la Comunicaci\u00f3n<\/td>\n<td style=\"text-align: center; width: 9.16031%;\">3<\/td>\n<td style=\"text-align: center; width: 12.0229%;\">1<\/td>\n<td style=\"text-align: center; width: 5.72519%;\">4<\/td>\n<\/tr>\n<tr>\n<td style=\"width: 69.6565%;\" colspan=\"5\">10. Pr\u00e1cticas de Lectura, Escritura y Oralidad<\/td>\n<td style=\"text-align: center; width: 9.16031%;\">3<\/td>\n<td style=\"text-align: center; width: 12.0229%;\">1<\/td>\n<td style=\"text-align: center; width: 5.72519%;\">4<\/td>\n<\/tr>\n<tr>\n<td style=\"width: 69.6565%;\" colspan=\"5\">11. Pr\u00e1ctica Profesional Docente I<\/td>\n<td style=\"text-align: center; width: 9.16031%;\">6<\/td>\n<td style=\"text-align: center; width: 12.0229%;\">2<\/td>\n<td style=\"text-align: center; width: 5.72519%;\">8<\/td>\n<\/tr>\n<\/tbody>\n<tbody>\n<tr class=\"Titulo_resaltado\">\n<td colspan=\"8\" width=\"599\">\n<p style=\"text-align: center;\"><span style=\"color: #000000; font-size: 14pt; font-family: arial, helvetica, sans-serif;\"><strong>SEGUNDO A\u00d1O<\/strong><\/span><\/p>\n<\/td>\n<\/tr>\n<tr>\n<td class=\"Resaltado2\" colspan=\"4\" width=\"299\"><strong>PRIMER CUATRIMESTRE<\/strong><\/td>\n<td class=\"Resaltado2\" colspan=\"4\" width=\"299\"><strong>SEGUNDO CUATRIMESTRE<\/strong><\/td>\n<\/tr>\n<tr>\n<td class=\"Resaltado2\" width=\"177\"><strong>Espacio Curricular<\/strong><\/td>\n<td class=\"Resaltado2\" width=\"41\"><strong>Hs. Semanales<\/strong><\/td>\n<td class=\"Resaltado2\" width=\"41\"><strong>Hs. Gesti\u00f3n Curricular<\/strong><\/td>\n<td class=\"Resaltado2\" width=\"41\"><strong>Hs. Total<\/strong><\/td>\n<td class=\"Resaltado2\" valign=\"top\" width=\"199\">\u00a0<strong>Espacio \u00a0Curricular<\/strong><\/td>\n<td class=\"Resaltado2\" width=\"33\"><strong>Formato<\/strong><\/td>\n<td class=\"Resaltado2\" width=\"33\"><strong>Hs. Semanales<\/strong><\/td>\n<td class=\"Resaltado2\" width=\"33\"><strong>Hs. Total<\/strong><\/td>\n<\/tr>\n<tr>\n<td width=\"177\">12. Historia y Pol\u00edtica de la Educaci\u00f3n Argentina<\/td>\n<td width=\"41\">4<\/td>\n<td width=\"41\">2<\/td>\n<td width=\"41\">6<\/td>\n<td width=\"199\">14. Instituciones Educativas<\/td>\n<td width=\"33\">4<\/td>\n<td width=\"33\">2<\/td>\n<td width=\"33\">6<\/td>\n<\/tr>\n<tr>\n<td width=\"177\">13. Unidad de Definici\u00f3n Institucional CFG<\/td>\n<td width=\"41\">3<\/td>\n<td width=\"41\">1<\/td>\n<td width=\"41\">4<\/td>\n<td width=\"199\">15. Jardines Maternales<\/td>\n<td width=\"33\">3<\/td>\n<td width=\"33\">1<\/td>\n<td width=\"33\">4<\/td>\n<\/tr>\n<tr>\n<td colspan=\"5\" width=\"499\">16. Did\u00e1ctica de la Matem\u00e1tica I<\/td>\n<td width=\"33\">4<\/td>\n<td width=\"33\">2<\/td>\n<td width=\"33\">6<\/td>\n<\/tr>\n<tr>\n<td colspan=\"5\" width=\"499\">17. Las Pr\u00e1cticas Ling\u00fc\u00edsticas en el Nivel inicial<\/td>\n<td width=\"33\">4<\/td>\n<td width=\"33\">2<\/td>\n<td width=\"33\">6<\/td>\n<\/tr>\n<tr>\n<td colspan=\"5\" width=\"499\">18. Literatura para ni\u00f1os<\/td>\n<td width=\"33\">4<\/td>\n<td width=\"33\">2<\/td>\n<td width=\"33\">6<\/td>\n<\/tr>\n<tr>\n<td colspan=\"5\" width=\"499\">19. Did\u00e1ctica de la Tecnolog\u00eda<\/td>\n<td width=\"33\">3<\/td>\n<td width=\"33\">1<\/td>\n<td width=\"33\">4<\/td>\n<\/tr>\n<tr>\n<td colspan=\"5\" width=\"499\">20. Artes Visuales en el Nivel Inicial<\/td>\n<td width=\"33\">3<\/td>\n<td width=\"33\">1<\/td>\n<td width=\"33\">4<\/td>\n<\/tr>\n<tr>\n<td colspan=\"5\" width=\"499\">21. M\u00fasica en el Nivel Inicial<\/td>\n<td width=\"33\">3<\/td>\n<td width=\"33\">1<\/td>\n<td width=\"33\">4<\/td>\n<\/tr>\n<tr>\n<td colspan=\"5\" width=\"499\">22. Pr\u00e1ctica Profesional Docente II<\/td>\n<td width=\"33\">6<\/td>\n<td width=\"33\">2<\/td>\n<td width=\"33\">8<\/td>\n<\/tr>\n<\/tbody>\n<tbody>\n<tr class=\"Titulo_resaltado\">\n<td style=\"width: 102.524%;\" colspan=\"8\">\n<p style=\"text-align: center;\"><span style=\"color: #000000; font-size: 14pt; font-family: arial, helvetica, sans-serif;\"><strong>TERCER A\u00d1O<\/strong><\/span><\/p>\n<\/td>\n<\/tr>\n<tr>\n<td class=\"Resaltado2\" style=\"width: 52%;\" colspan=\"4\"><strong>PRIMER CUATRIMESTRE<\/strong><\/td>\n<td class=\"Resaltado2\" style=\"width: 50.5241%;\" colspan=\"4\"><strong>SEGUNDO CUATRIMESTRE<\/strong><\/td>\n<\/tr>\n<tr>\n<td class=\"Resaltado2\" style=\"width: 23%;\"><strong>Espacio Curricular<\/strong><\/td>\n<td class=\"Resaltado2\" style=\"width: 10%; text-align: center;\"><strong>Hs. Semanales<\/strong><\/td>\n<td class=\"Resaltado2\" style=\"width: 10%; text-align: center;\"><strong>Hs. Gesti\u00f3n Curricular<\/strong><\/td>\n<td class=\"Resaltado2\" style=\"width: 9%; text-align: center;\"><strong>Hs. Total<\/strong><\/td>\n<td class=\"Resaltado2\" style=\"width: 25.5241%;\" valign=\"top\">\u00a0<strong>Espacio \u00a0Curricular<\/strong><\/td>\n<td class=\"Resaltado2\" style=\"width: 10%;\"><strong>Formato<\/strong><\/td>\n<td class=\"Resaltado2\" style=\"width: 10%;\"><strong>Hs. Semanales<\/strong><\/td>\n<td class=\"Resaltado2\" style=\"width: 5%;\"><strong>Hs. Total<\/strong><\/td>\n<\/tr>\n<tr>\n<td style=\"width: 23%;\">23. Filosof\u00eda<\/td>\n<td style=\"width: 10%; text-align: center;\">4<\/td>\n<td style=\"width: 10%; text-align: center;\">2<\/td>\n<td style=\"width: 9%; text-align: center;\">6<\/td>\n<td style=\"width: 25.5241%;\">26. Formaci\u00f3n \u00c9tica y Ciudadana<\/td>\n<td style=\"width: 10%;\">4<\/td>\n<td style=\"width: 10%;\">2<\/td>\n<td style=\"width: 5%;\">6<\/td>\n<\/tr>\n<tr>\n<td style=\"width: 23%;\">24. UDI<\/td>\n<td style=\"width: 10%; text-align: center;\">3<\/td>\n<td style=\"width: 10%; text-align: center;\">1<\/td>\n<td style=\"width: 9%; text-align: center;\">4<\/td>\n<td style=\"width: 25.5241%;\">27. Sociolog\u00eda de la Educaci\u00f3n<\/td>\n<td style=\"width: 10%;\">4<\/td>\n<td style=\"width: 10%;\">2<\/td>\n<td style=\"width: 5%;\">6<\/td>\n<\/tr>\n<tr>\n<td style=\"width: 23%;\">25. Did\u00e1ctica de la Matem\u00e1tica II<\/td>\n<td style=\"width: 10%; text-align: center;\">5<\/td>\n<td style=\"width: 10%; text-align: center;\">2<\/td>\n<td style=\"width: 9%; text-align: center;\">7<\/td>\n<td style=\"width: 25.5241%;\">28. Psicomotricidad<\/td>\n<td style=\"width: 10%;\">3<\/td>\n<td style=\"width: 10%;\">1<\/td>\n<td style=\"width: 5%;\">4<\/td>\n<\/tr>\n<tr>\n<td style=\"width: 77.5241%;\" colspan=\"5\">29. Alfabetizaci\u00f3n Inicial<\/td>\n<td style=\"width: 10%;\">3<\/td>\n<td style=\"width: 10%;\">1<\/td>\n<td style=\"width: 5%;\">4<\/td>\n<\/tr>\n<tr>\n<td style=\"width: 77.5241%;\" colspan=\"5\">30. Did\u00e1ctica de las Cs. Naturales<\/td>\n<td style=\"width: 10%;\">4<\/td>\n<td style=\"width: 10%;\">2<\/td>\n<td style=\"width: 5%;\">6<\/td>\n<\/tr>\n<tr>\n<td style=\"width: 77.5241%;\" colspan=\"5\">31. Did\u00e1ctica de las Cs. Sociales<\/td>\n<td style=\"width: 10%;\">4<\/td>\n<td style=\"width: 10%;\">2<\/td>\n<td style=\"width: 5%;\">6<\/td>\n<\/tr>\n<tr>\n<td style=\"width: 77.5241%;\" colspan=\"5\">32. Teatro y Expresi\u00f3n Corporal en el Nivel Inicial<\/td>\n<td style=\"width: 10%;\">3<\/td>\n<td style=\"width: 10%;\">1<\/td>\n<td style=\"width: 5%;\">4<\/td>\n<\/tr>\n<tr>\n<td style=\"width: 77.5241%;\" colspan=\"5\">33. Educaci\u00f3n F\u00edsica en el Nivel Inicial<\/td>\n<td style=\"width: 10%;\">3<\/td>\n<td style=\"width: 10%;\">1<\/td>\n<td style=\"width: 5%;\">4<\/td>\n<\/tr>\n<tr>\n<td style=\"width: 77.5241%;\" colspan=\"5\">34. Pr\u00e1ctica Profesional Docente III<\/td>\n<td style=\"width: 10%;\">6<\/td>\n<td style=\"width: 10%;\">2<\/td>\n<td style=\"width: 5%;\">8<\/td>\n<\/tr>\n<\/tbody>\n<\/table>\n<table border=\"1\" cellspacing=\"0\" cellpadding=\"0\">\n<tbody>\n<tr class=\"Titulo_resaltado\">\n<td colspan=\"8\">\n<p style=\"text-align: center;\"><strong>CUARTO A\u00d1O<\/strong><\/p>\n<\/td>\n<\/tr>\n<tr>\n<td class=\"Resaltado2\" style=\"text-align: center;\" colspan=\"4\"><strong>PRIMER CUATRIMESTRE<\/strong><\/td>\n<td class=\"Resaltado2\" style=\"text-align: center;\" colspan=\"4\"><strong>SEGUNDO CUATRIMESTRE<\/strong><\/td>\n<\/tr>\n<tr>\n<td class=\"Resaltado2\" style=\"text-align: center;\"><strong>Espacio Curricular<\/strong><\/td>\n<td class=\"Resaltado2\" style=\"text-align: center;\"><strong>Hs. Semanales<\/strong><\/td>\n<td class=\"Resaltado2\" style=\"text-align: center;\"><strong>Hs. Gesti\u00f3n Curricular<\/strong><\/td>\n<td class=\"Resaltado2\" style=\"text-align: center;\"><strong>Hs. Total<\/strong><\/td>\n<td class=\"Resaltado2\" style=\"text-align: center;\" valign=\"top\">\u00a0<strong>Espacio Curricular<\/strong><\/td>\n<td class=\"Resaltado2\" style=\"text-align: center;\"><strong>Formato<\/strong><\/td>\n<td class=\"Resaltado2\" style=\"text-align: center;\"><strong>Hs. Semanales<\/strong><\/td>\n<td class=\"Resaltado2\" style=\"text-align: center;\"><strong>Hs. Total<\/strong><\/td>\n<\/tr>\n<tr>\n<td>34. Salud y cuidados infantiles<\/td>\n<td>4<\/td>\n<td>2<\/td>\n<td>6<\/td>\n<td>\u00a0<\/td>\n<td>\u00a0<\/td>\n<td>\u00a0<\/td>\n<td>\u00a0<\/td>\n<\/tr>\n<tr>\n<td>35. Atenci\u00f3n a la diversidad<\/td>\n<td>4<\/td>\n<td>2<\/td>\n<td>6<\/td>\n<td>\u00a0<\/td>\n<td>\u00a0<\/td>\n<td>\u00a0<\/td>\n<td>\u00a0<\/td>\n<\/tr>\n<tr>\n<td>36. Problem\u00e1ticas contempor\u00e1neas del nivel inicial<\/td>\n<td>4<\/td>\n<td>2<\/td>\n<td>6<\/td>\n<td>\u00a0<\/td>\n<td>\u00a0<\/td>\n<td>\u00a0<\/td>\n<td>\u00a0<\/td>\n<\/tr>\n<tr>\n<td>38. UDI<\/td>\n<td>3<\/td>\n<td>1<\/td>\n<td>4<\/td>\n<td>\u00a0<\/td>\n<td>\u00a0<\/td>\n<td>\u00a0<\/td>\n<td>\u00a0<\/td>\n<\/tr>\n<tr>\n<td colspan=\"5\">39. Pr\u00e1ctica Profesional Docente IV<\/td>\n<td>12<\/td>\n<td>6<\/td>\n<td>18<\/td>\n<\/tr>\n<\/tbody>\n<\/table>","protected":false},"excerpt":{"rendered":"<p>EN CASO DE NECESITAR ALG\u00daN PROGRAMA, POR FAVOR COMUN\u00cdQUESE CON BEDEL\u00cdA. PRIMER A\u00d1O PRIMER CUATRIMESTRE SEGUNDO CUATRIMESTRE Espacio Curricular Hs. Semanales Hs. Gesti\u00f3n Curricular Hs. Total \u00a0Espacio \u00a0Curricular Formato Hs. Semanales Hs. Total 1. Pedagog\u00eda 5 2 7 4. Perspectiva Hist\u00f3rica, Pol\u00edtica, Econ\u00f3mico Social y cultural de Am\u00e9rica Latina. 5 2 7 2. Promoci\u00f3n de &#8230; <a title=\"Estructura Curricular\" class=\"read-more\" href=\"https:\/\/ies9027-infd.mendoza.edu.ar\/sitio\/estructura-curricular-5\/\" aria-label=\"More on Estructura Curricular\">[+]<\/a><\/p>\n","protected":false},"author":58,"featured_media":0,"parent":0,"menu_order":0,"comment_status":"closed","ping_status":"closed","template":"","meta":[],"acf":[],"_links":{"self":[{"href":"https:\/\/ies9027-infd.mendoza.edu.ar\/sitio\/wp-json\/wp\/v2\/pages\/1235"}],"collection":[{"href":"https:\/\/ies9027-infd.mendoza.edu.ar\/sitio\/wp-json\/wp\/v2\/pages"}],"about":[{"href":"https:\/\/ies9027-infd.mendoza.edu.ar\/sitio\/wp-json\/wp\/v2\/types\/page"}],"author":[{"embeddable":true,"href":"https:\/\/ies9027-infd.mendoza.edu.ar\/sitio\/wp-json\/wp\/v2\/users\/58"}],"replies":[{"embeddable":true,"href":"https:\/\/ies9027-infd.mendoza.edu.ar\/sitio\/wp-json\/wp\/v2\/comments?post=1235"}],"version-history":[{"count":62,"href":"https:\/\/ies9027-infd.mendoza.edu.ar\/sitio\/wp-json\/wp\/v2\/pages\/1235\/revisions"}],"predecessor-version":[{"id":6136,"href":"https:\/\/ies9027-infd.mendoza.edu.ar\/sitio\/wp-json\/wp\/v2\/pages\/1235\/revisions\/6136"}],"wp:attachment":[{"href":"https:\/\/ies9027-infd.mendoza.edu.ar\/sitio\/wp-json\/wp\/v2\/media?parent=1235"}],"curies":[{"name":"wp","href":"https:\/\/api.w.org\/{rel}","templated":true}]}}