{"id":1230,"date":"2018-08-31T14:31:55","date_gmt":"2018-08-31T17:31:55","guid":{"rendered":"https:\/\/ies9027-mza.infd.edu.ar\/sitio\/becas\/"},"modified":"2023-03-07T22:19:37","modified_gmt":"2023-03-08T01:19:37","slug":"becas","status":"publish","type":"page","link":"https:\/\/ies9027-infd.mendoza.edu.ar\/sitio\/becas\/","title":{"rendered":"Becas"},"content":{"rendered":"<p dir=\"ltr\"><img decoding=\"async\" loading=\"lazy\" class=\"alignnone size-full wp-image-5076\" src=\"https:\/\/ies9027-infd.mendoza.edu.ar\/sitio\/wp-content\/uploads\/2023\/03\/becas-progresar-2.jpg\" alt=\"\" width=\"297\" height=\"170\" \/><\/p>\n<p dir=\"ltr\">Desde el <strong>1 de Marzo hasta el 31 de Marzo<\/strong> se encuentra abierta la inscripci\u00f3n a las <strong>Becas Progresar<\/strong> para los\/as estudiantes de Institutos de Formaci\u00f3n Superior de todo pa\u00eds. Asimismo, les recordamos que tienen tiempo hasta el <strong>7 de marzo<\/strong> para realizar modificaciones de las carreras observadas por los referentes en el proceso de Validaci\u00f3n de la Oferta Acad\u00e9mica.<\/p>\n<pre dir=\"ltr\">Las inscripciones se realizan \u00fanicamente de manera online a trav\u00e9s de la Plataforma Becas Progresar: <a href=\"https:\/\/www.argentina.gob.ar\/educacion\/progresar\" target=\"_blank\" rel=\"noopener noreferrer\" data-auth=\"NotApplicable\" data-linkindex=\"1\">https:\/\/www.argentina.gob.ar\/educacion\/progresar<\/a>.<\/pre>\n<p dir=\"ltr\">Pueden inscribirse los y las estudiantes ingresantes del Nivel Superior No Universitario entre 17 y 24 a\u00f1os de edad y estudiantes avanzados\/as hasta los 30 a\u00f1os. Para los\/as estudiantes de carreras de Enfermer\u00eda no hay l\u00edmite de edad.<\/p>\n<p dir=\"ltr\">En la plataforma y en el canal oficial de YouTube del Ministerio de Educaci\u00f3n de la Naci\u00f3n pueden encontrar un Instructivo con el paso a paso de la inscripci\u00f3n: <a href=\"https:\/\/www.youtube.com\/watch?v=_8bDWQdMa0Q\" target=\"_blank\" rel=\"noopener noreferrer\" data-auth=\"NotApplicable\" data-linkindex=\"2\">C\u00f3mo inscribirte en Progresar Nivel Superior<\/a><\/p>\n<p dir=\"ltr\">Para restablecer la contrase\u00f1a el\/la estudiante puede\u00a0 seleccionar la opci\u00f3n \u201colvid\u00e9 mi contrase\u00f1a\u201d. En caso de no recordar el correo a trav\u00e9s del cu\u00e1l se cre\u00f3 el usuario, el establecimiento educativo o el referente jurisdiccional puede restablecer la contrase\u00f1a a trav\u00e9s del acceso institucional.<\/p>\n<p dir=\"ltr\">Adem\u00e1s, la plataforma cuenta con una secci\u00f3n de \u201cpreguntas frecuentes\u201d que sirve para resolver dudas o consultas sobre el programa y el proceso de adjudicaci\u00f3n: <a href=\"https:\/\/www.argentina.gob.ar\/educacion\/progresar\/preguntas-frecuentes-progresar\" target=\"_blank\" rel=\"noopener noreferrer\" data-auth=\"NotApplicable\" data-linkindex=\"3\">https:\/\/www.argentina.gob.ar\/educacion\/progresar\/preguntas-frecuentes-progresar.<\/a><\/p>\n","protected":false},"excerpt":{"rendered":"<p>Desde el 1 de Marzo hasta el 31 de Marzo se encuentra abierta la inscripci\u00f3n a las Becas Progresar para los\/as estudiantes de Institutos de Formaci\u00f3n Superior de todo pa\u00eds. Asimismo, les recordamos que tienen tiempo hasta el 7 de marzo para realizar modificaciones de las carreras observadas por los referentes en el proceso de &#8230; <a title=\"Becas\" class=\"read-more\" href=\"https:\/\/ies9027-infd.mendoza.edu.ar\/sitio\/becas\/\" aria-label=\"More on Becas\">[+]<\/a><\/p>\n","protected":false},"author":58,"featured_media":0,"parent":0,"menu_order":0,"comment_status":"closed","ping_status":"closed","template":"","meta":[],"acf":[],"_links":{"self":[{"href":"https:\/\/ies9027-infd.mendoza.edu.ar\/sitio\/wp-json\/wp\/v2\/pages\/1230"}],"collection":[{"href":"https:\/\/ies9027-infd.mendoza.edu.ar\/sitio\/wp-json\/wp\/v2\/pages"}],"about":[{"href":"https:\/\/ies9027-infd.mendoza.edu.ar\/sitio\/wp-json\/wp\/v2\/types\/page"}],"author":[{"embeddable":true,"href":"https:\/\/ies9027-infd.mendoza.edu.ar\/sitio\/wp-json\/wp\/v2\/users\/58"}],"replies":[{"embeddable":true,"href":"https:\/\/ies9027-infd.mendoza.edu.ar\/sitio\/wp-json\/wp\/v2\/comments?post=1230"}],"version-history":[{"count":4,"href":"https:\/\/ies9027-infd.mendoza.edu.ar\/sitio\/wp-json\/wp\/v2\/pages\/1230\/revisions"}],"predecessor-version":[{"id":5078,"href":"https:\/\/ies9027-infd.mendoza.edu.ar\/sitio\/wp-json\/wp\/v2\/pages\/1230\/revisions\/5078"}],"wp:attachment":[{"href":"https:\/\/ies9027-infd.mendoza.edu.ar\/sitio\/wp-json\/wp\/v2\/media?parent=1230"}],"curies":[{"name":"wp","href":"https:\/\/api.w.org\/{rel}","templated":true}]}}