{"id":1216,"date":"2018-08-31T14:31:48","date_gmt":"2018-08-31T17:31:48","guid":{"rendered":"https:\/\/ies9027-mza.infd.edu.ar\/sitio\/estructura-curricular-3\/"},"modified":"2024-07-24T21:17:56","modified_gmt":"2024-07-25T00:17:56","slug":"estructura-curricular-3","status":"publish","type":"page","link":"https:\/\/ies9027-infd.mendoza.edu.ar\/sitio\/estructura-curricular-3\/","title":{"rendered":"Estructura Curricular"},"content":{"rendered":"\n<pre class=\"wp-block-preformatted\"><strong>EN CASO DE NECESITAR ALG\u00daN PROGRAMA, POR FAVOR COMUN\u00cdQUESE CON BEDEL\u00cdA.<\/strong><\/pre>\n\n\n<table style=\"width: 100%;\" border=\"1\" cellspacing=\"0\" cellpadding=\"0\">\n<tbody>\n<tr class=\"Titulo_resaltado\">\n<td colspan=\"8\" width=\"604\">\n<p style=\"text-align: center;\"><span style=\"font-size: 12pt; color: #000000;\"><strong>PRIMER A\u00d1O<\/strong><\/span><\/p>\n<\/td>\n<\/tr>\n<tr>\n<td class=\"Resaltado2\" style=\"text-align: center;\" colspan=\"4\" width=\"176\"><strong>PRIMER CUATRIMESTRE<\/strong><\/td>\n<td class=\"Resaltado2\" style=\"text-align: center;\" colspan=\"4\" width=\"198\"><strong>SEGUNDO CUATRIMESTRE<\/strong><\/td>\n<\/tr>\n<tr>\n<td class=\"Resaltado2\" style=\"text-align: center;\" width=\"176\"><span style=\"color: #ffffff;\"><strong>Espacio Curricular<\/strong><\/span><\/td>\n<td class=\"Resaltado2\" style=\"text-align: center;\" width=\"41\"><span style=\"color: #ffffff;\"><strong>Formato<\/strong><\/span><\/td>\n<td class=\"Resaltado2\" style=\"text-align: center;\" width=\"40\"><span style=\"color: #ffffff;\"><strong>Hs. Semanales<\/strong><\/span><\/td>\n<td class=\"Resaltado2\" style=\"text-align: center;\" width=\"41\"><span style=\"color: #ffffff;\"><strong>Hs. Anuales<\/strong><\/span><\/td>\n<td class=\"Resaltado2\" style=\"text-align: center;\" width=\"198\"><span style=\"color: #ffffff;\"><strong>Espacio Curricular<\/strong><\/span><\/td>\n<td class=\"Resaltado2\" style=\"text-align: center;\" width=\"40\"><span style=\"color: #ffffff;\"><strong>Formato<\/strong><\/span><\/td>\n<td class=\"Resaltado2\" style=\"text-align: center;\" width=\"33\"><span style=\"color: #ffffff;\"><strong>Hs. Semanales<\/strong><\/span><\/td>\n<td class=\"Resaltado2\" style=\"text-align: center;\" width=\"35\"><span style=\"color: #ffffff;\"><strong>Hs. Anuales<\/strong><\/span><\/td>\n<\/tr>\n<tr>\n<td width=\"176\">1. Introducci\u00f3n a v\u00eda, Obras y Se\u00f1alamiento<\/td>\n<td style=\"text-align: center;\" width=\"41\">M\u00f3d<\/td>\n<td style=\"text-align: center;\" width=\"40\">4<\/td>\n<td style=\"text-align: center;\" width=\"41\">\u00a0<\/td>\n<td width=\"198\">1. Introducci\u00f3n a v\u00eda, Obras y Se\u00f1alamiento<\/td>\n<td style=\"text-align: center;\" width=\"40\">M\u00f3d<\/td>\n<td style=\"text-align: center;\" width=\"33\">4<\/td>\n<td style=\"text-align: center;\" width=\"35\">120<\/td>\n<\/tr>\n<tr>\n<td width=\"176\">2. Nociones Generales de Material Tractivo y Remolcado<\/td>\n<td style=\"text-align: center;\" width=\"41\">M\u00f3d \u00a0Tall<\/td>\n<td style=\"text-align: center;\" width=\"40\">4<\/td>\n<td style=\"text-align: center;\" width=\"41\">\u00a0<\/td>\n<td width=\"198\">2. Nociones Generales de Material Tractivo y Remolcado<\/td>\n<td style=\"text-align: center;\" width=\"40\">M\u00f3d Tall<\/td>\n<td style=\"text-align: center;\" width=\"33\">4<\/td>\n<td style=\"text-align: center;\" width=\"35\">120<\/td>\n<\/tr>\n<tr>\n<td width=\"176\">3. Introducci\u00f3n a la Log\u00edstica<\/td>\n<td style=\"text-align: center;\" width=\"41\">M\u00f3d<\/td>\n<td style=\"text-align: center;\" width=\"40\">4<\/td>\n<td style=\"text-align: center;\" width=\"41\">\u00a0<\/td>\n<td width=\"198\">3. Introducci\u00f3n a la Log\u00edstica<\/td>\n<td style=\"text-align: center;\" width=\"40\">M\u00f3d<\/td>\n<td style=\"text-align: center;\" width=\"33\">4<\/td>\n<td style=\"text-align: center;\" width=\"35\">120<\/td>\n<\/tr>\n<tr>\n<td width=\"176\">4. Bases F\u00edsico Matem\u00e1tica Aplicadas<\/td>\n<td style=\"text-align: center;\" width=\"41\">M\u00f3d<\/td>\n<td style=\"text-align: center;\" width=\"40\">4<\/td>\n<td style=\"text-align: center;\" width=\"41\">\u00a0<\/td>\n<td width=\"198\">4. Bases F\u00edsico Matem\u00e1tica Aplicadas<\/td>\n<td style=\"text-align: center;\" width=\"40\">M\u00f3d<\/td>\n<td style=\"text-align: center;\" width=\"33\">4<\/td>\n<td style=\"text-align: center;\" width=\"35\">120<\/td>\n<\/tr>\n<tr>\n<td width=\"176\">5. Comunicaci\u00f3n y Comprensi\u00f3n de Textos<\/td>\n<td style=\"text-align: center;\" width=\"41\">Asg Tall<\/td>\n<td style=\"text-align: center;\" width=\"40\">3<\/td>\n<td style=\"text-align: center;\" width=\"41\">45<\/td>\n<td width=\"198\">6. Problem\u00e1tica Sociocultural y del Trabajo<\/td>\n<td style=\"text-align: center;\" width=\"40\">M\u00f3d<\/td>\n<td style=\"text-align: center;\" width=\"33\">3<\/td>\n<td style=\"text-align: center;\" width=\"35\">45<\/td>\n<\/tr>\n<tr>\n<td width=\"176\">7. Inform\u00e1tica Aplicada<\/td>\n<td style=\"text-align: center;\" width=\"41\">Lab<\/td>\n<td style=\"text-align: center;\" width=\"40\">3<\/td>\n<td style=\"text-align: center;\" width=\"41\">45<\/td>\n<td width=\"198\">8. Sistemas de Representaci\u00f3n<\/td>\n<td style=\"text-align: center;\" width=\"40\">M\u00f3d<\/td>\n<td style=\"text-align: center;\" width=\"33\">3<\/td>\n<td style=\"text-align: center;\" width=\"35\">45<\/td>\n<\/tr>\n<tr>\n<td width=\"176\">9. Ingl\u00e9s T\u00e9cnico<\/td>\n<td style=\"text-align: center;\" width=\"41\">M\u00f3d \u00a0Tall<\/td>\n<td style=\"text-align: center;\" width=\"40\">3<\/td>\n<td style=\"text-align: center;\" width=\"41\">\u00a0<\/td>\n<td width=\"198\">9. Ingl\u00e9s T\u00e9cnico<\/td>\n<td style=\"text-align: center;\" width=\"40\">M\u00f3d \u00a0Tall<\/td>\n<td style=\"text-align: center;\" width=\"33\">3<\/td>\n<td style=\"text-align: center;\" width=\"35\">90<\/td>\n<\/tr>\n<tr>\n<td width=\"176\">10. Pr\u00e1ctica Profesionalizante I<\/td>\n<td style=\"text-align: center;\" width=\"41\">Tall<\/td>\n<td style=\"text-align: center;\" width=\"40\">4<\/td>\n<td style=\"text-align: center;\" width=\"41\">\u00a0<\/td>\n<td width=\"198\">10. Pr\u00e1ctica Profesionalizante I<\/td>\n<td style=\"text-align: center;\" width=\"40\">Tall<\/td>\n<td style=\"text-align: center;\" width=\"33\">4<\/td>\n<td style=\"text-align: center;\" width=\"35\">120<\/td>\n<\/tr>\n<tr>\n<td width=\"176\">\u00a0<\/td>\n<td style=\"text-align: center;\" width=\"41\">\u00a0<\/td>\n<td style=\"text-align: center;\" width=\"40\">\u00a0<\/td>\n<td style=\"text-align: center;\" width=\"41\">\u00a0<\/td>\n<td colspan=\"3\" width=\"271\">Concentrada en 4 semanas<\/td>\n<td width=\"35\">\n<p style=\"text-align: center;\">120<\/p>\n<\/td>\n<\/tr>\n<tr>\n<td colspan=\"6\" valign=\"top\" width=\"536\"><strong>TOTAL DE HORAS C\u00c1TEDRA DE PRIMER A\u00d1O<\/strong><\/td>\n<td style=\"text-align: center;\" colspan=\"2\" width=\"68\"><strong>990 hs.<\/strong><\/td>\n<\/tr>\n<tr>\n<td colspan=\"6\" valign=\"top\" width=\"536\"><strong>TOTAL DE HORAS RELOJ DE PRIMER A\u00d1O<\/strong><\/td>\n<td style=\"text-align: center;\" colspan=\"2\" width=\"68\"><strong>660 hs.<\/strong><\/td>\n<\/tr>\n<\/tbody>\n<tbody>\n<tr class=\"Titulo_resaltado\">\n<td colspan=\"8\" width=\"604\">\n<p style=\"text-align: center;\"><span style=\"font-size: 12pt; color: #000000;\"><strong>SEGUNDO A\u00d1O<\/strong><\/span><\/p>\n<\/td>\n<\/tr>\n<tr>\n<td class=\"Resaltado2\" style=\"text-align: center;\" colspan=\"4\" width=\"298\"><strong>PRIMER CUATRIMESTRE<\/strong><\/td>\n<td class=\"Resaltado2\" style=\"text-align: center;\" colspan=\"4\" width=\"306\"><strong>SEGUNDO CUATRIMESTRE<\/strong><\/td>\n<\/tr>\n<tr>\n<td class=\"Resaltado2\" style=\"text-align: center;\" width=\"176\"><strong>Espacio Curricular<\/strong><\/td>\n<td class=\"Resaltado2\" style=\"text-align: center;\" width=\"41\"><strong>Formato<\/strong><\/td>\n<td class=\"Resaltado2\" style=\"text-align: center;\" width=\"40\"><strong>Hs. Semanales<\/strong><\/td>\n<td class=\"Resaltado2\" style=\"text-align: center;\" width=\"41\"><strong>Hs. Anuales<\/strong><\/td>\n<td class=\"Resaltado2\" style=\"text-align: center;\" width=\"198\"><strong>Espacio Curricular<\/strong><\/td>\n<td class=\"Resaltado2\" style=\"text-align: center;\" width=\"40\"><strong>Formato<\/strong><\/td>\n<td class=\"Resaltado2\" style=\"text-align: center;\" width=\"33\"><strong>Hs. Semanales<\/strong><\/td>\n<td class=\"Resaltado2\" style=\"text-align: center;\" width=\"35\"><strong>Hs. Anuales<\/strong><\/td>\n<\/tr>\n<tr>\n<td width=\"176\">11. Operaciones de V\u00eda Obras y Se\u00f1alamiento<\/td>\n<td style=\"text-align: center;\" width=\"41\">M\u00f3d Tall<\/td>\n<td style=\"text-align: center;\" width=\"40\">4<\/td>\n<td style=\"text-align: center;\" width=\"41\">&#8212;<\/td>\n<td width=\"198\">11. Operaciones de V\u00eda Obras y Se\u00f1alamiento<\/td>\n<td style=\"text-align: center;\" width=\"40\">M\u00f3d Tall<\/td>\n<td style=\"text-align: center;\" width=\"33\">4<\/td>\n<td style=\"text-align: center;\" width=\"35\">120<\/td>\n<\/tr>\n<tr>\n<td width=\"176\">12. Mec\u00e1nica y Tecnolog\u00eda de Materiales Ferroviarios<\/td>\n<td style=\"text-align: center;\" width=\"41\">M\u00f3d Lab<\/td>\n<td style=\"text-align: center;\" width=\"40\">4<\/td>\n<td style=\"text-align: center;\" width=\"41\">&#8212;<\/td>\n<td width=\"198\">12. Mec\u00e1nica y Tecnolog\u00eda de Materiales Ferroviarios<\/td>\n<td style=\"text-align: center;\" width=\"40\">M\u00f3d Lab<\/td>\n<td style=\"text-align: center;\" width=\"33\">4<\/td>\n<td style=\"text-align: center;\" width=\"35\">120<\/td>\n<\/tr>\n<tr>\n<td width=\"176\">13. Material Rodante<\/td>\n<td style=\"text-align: center;\" width=\"41\">M\u00f3d<\/td>\n<td style=\"text-align: center;\" width=\"40\">5<\/td>\n<td style=\"text-align: center;\" width=\"41\">75<\/td>\n<td width=\"198\">14. Circulaci\u00f3n<\/td>\n<td style=\"text-align: center;\" width=\"40\">M\u00f3d<\/td>\n<td style=\"text-align: center;\" width=\"33\">5<\/td>\n<td style=\"text-align: center;\" width=\"35\">75<\/td>\n<\/tr>\n<tr>\n<td width=\"176\">15. Gesti\u00f3n de los servicios de cargas y transporte<\/td>\n<td style=\"text-align: center;\" width=\"41\">M\u00f3d<\/td>\n<td style=\"text-align: center;\" width=\"40\">3<\/td>\n<td style=\"text-align: center;\" width=\"41\">&#8212;<\/td>\n<td width=\"198\">15. Gesti\u00f3n de los servicios de cargas y transporte<\/td>\n<td style=\"text-align: center;\" width=\"40\">M\u00f3d<\/td>\n<td style=\"text-align: center;\" width=\"33\">3<\/td>\n<td style=\"text-align: center;\" width=\"35\">90<\/td>\n<\/tr>\n<tr>\n<td width=\"176\">16. Higiene y Seguridad Industrial Ferroviaria<\/td>\n<td style=\"text-align: center;\" width=\"41\">Asig lab<\/td>\n<td style=\"text-align: center;\" width=\"40\">3<\/td>\n<td style=\"text-align: center;\" width=\"41\">45<\/td>\n<td width=\"198\">17. Impacto y Gesti\u00f3n Ambiental<\/td>\n<td style=\"text-align: center;\" width=\"40\">Asig<\/td>\n<td style=\"text-align: center;\" width=\"33\">3<\/td>\n<td style=\"text-align: center;\" width=\"35\">45<\/td>\n<\/tr>\n<tr>\n<td width=\"176\">18. Gesti\u00f3n de Recursos Humanos en Ferrocarriles<\/td>\n<td style=\"text-align: center;\" width=\"41\">Asig<\/td>\n<td style=\"text-align: center;\" width=\"40\">3<\/td>\n<td style=\"text-align: center;\" width=\"41\">45<\/td>\n<td width=\"198\">19. Costos y Presupuestos<\/td>\n<td style=\"text-align: center;\" width=\"40\">Asig<\/td>\n<td style=\"text-align: center;\" width=\"33\">3<\/td>\n<td style=\"text-align: center;\" width=\"35\">45<\/td>\n<\/tr>\n<tr>\n<td width=\"176\">20. Electrot\u00e9cnica Aplicada<\/td>\n<td style=\"text-align: center;\" width=\"41\">Asig<\/td>\n<td style=\"text-align: center;\" width=\"40\">3<\/td>\n<td style=\"text-align: center;\" width=\"41\">45<\/td>\n<td width=\"198\">&#8212;&#8212;&#8212;&#8212;&#8212;&#8212;&#8212;<\/td>\n<td style=\"text-align: center;\" width=\"40\">&#8212;-<\/td>\n<td style=\"text-align: center;\" width=\"33\">&#8212;<\/td>\n<td style=\"text-align: center;\" width=\"35\">&#8212;<\/td>\n<\/tr>\n<tr>\n<td width=\"176\">21. Pr\u00e1ctica Profesionalizante II<\/td>\n<td style=\"text-align: center;\" width=\"41\">Tall<\/td>\n<td style=\"text-align: center;\" width=\"40\">4<\/td>\n<td style=\"text-align: center;\" width=\"41\">&#8212;<\/td>\n<td width=\"198\">21. Pr\u00e1ctica Profesionalizante II<\/td>\n<td style=\"text-align: center;\" width=\"40\">Tall<\/td>\n<td style=\"text-align: center;\" width=\"33\">4<\/td>\n<td style=\"text-align: center;\" width=\"35\">120<\/td>\n<\/tr>\n<tr>\n<td width=\"176\">\u00a0<\/td>\n<td style=\"text-align: center;\" width=\"41\">\u00a0<\/td>\n<td style=\"text-align: center;\" width=\"40\">\u00a0<\/td>\n<td style=\"text-align: center;\" width=\"41\">\u00a0<\/td>\n<td colspan=\"3\" width=\"271\">Concentrada en 4 semanas<\/td>\n<td width=\"35\">\n<p style=\"text-align: center;\">120<\/p>\n<\/td>\n<\/tr>\n<tr>\n<td colspan=\"6\" valign=\"top\" width=\"536\"><strong>TOTAL DE HORAS C\u00c1TEDRA DE SEGUNDO A\u00d1O<\/strong><\/td>\n<td style=\"text-align: center;\" colspan=\"2\" width=\"68\"><strong>945 hs.<\/strong><\/td>\n<\/tr>\n<tr>\n<td colspan=\"6\" valign=\"top\" width=\"536\"><strong>TOTAL DE HORAS RELOJ DE PRIMER A\u00d1O<\/strong><\/td>\n<td style=\"text-align: center;\" colspan=\"2\" width=\"68\"><strong>630 hs.<\/strong><\/td>\n<\/tr>\n<\/tbody>\n<tbody>\n<tr class=\"Titulo_resaltado\">\n<td colspan=\"8\" width=\"604\">\n<p style=\"text-align: center;\"><span style=\"color: #000000; font-size: 12pt;\"><strong>TERCER A\u00d1O orientado: VEH\u00cdCULOS TRACTIVOS Y REMOLCADOS<\/strong><\/span><\/p>\n<\/td>\n<\/tr>\n<tr>\n<td class=\"Resaltado2\" colspan=\"4\" width=\"298\"><strong>PRIMER CUATRIMESTRE<\/strong><\/td>\n<td class=\"Resaltado2\" colspan=\"4\" width=\"306\"><strong>SEGUNDO CUATRIMESTRE<\/strong><\/td>\n<\/tr>\n<tr>\n<td class=\"Resaltado2\" width=\"176\"><strong>Espacio Curricular<\/strong><\/td>\n<td class=\"Resaltado2\" width=\"41\"><strong>Formato<\/strong><\/td>\n<td class=\"Resaltado2\" width=\"40\"><strong>Hs. Semanales<\/strong><\/td>\n<td class=\"Resaltado2\" width=\"41\"><strong>Hs. Anuales<\/strong><\/td>\n<td class=\"Resaltado2\" width=\"198\"><strong>Espacio Curricular<\/strong><\/td>\n<td class=\"Resaltado2\" width=\"40\"><strong>Formato<\/strong><\/td>\n<td class=\"Resaltado2\" width=\"33\"><strong>Hs. Semanales<\/strong><\/td>\n<td class=\"Resaltado2\" width=\"35\"><strong>Hs. Anuales<\/strong><\/td>\n<\/tr>\n<tr>\n<td width=\"176\">22. \u00c9tica y Legislaci\u00f3n Profesional<\/td>\n<td width=\"41\">\n<p style=\"text-align: center;\">M\u00f3d<\/p>\n<\/td>\n<td width=\"40\">\n<p style=\"text-align: center;\">3<\/p>\n<\/td>\n<td style=\"text-align: center;\" width=\"41\">\n<p style=\"text-align: center;\">\u00a045<\/p>\n<\/td>\n<td width=\"198\">\n<p>23. ProyectoTecnol\u00f3gico<\/p>\n<\/td>\n<td width=\"40\">\n<p style=\"text-align: center;\">Tall<\/p>\n<\/td>\n<td style=\"text-align: center;\" width=\"33\">3<\/td>\n<td style=\"text-align: center;\" width=\"35\">45<\/td>\n<\/tr>\n<tr>\n<td width=\"176\">24. Motores diesel y sistemas auxiliares<\/td>\n<td width=\"41\">\n<p style=\"text-align: center;\">M\u00f3d<\/p>\n<\/td>\n<td width=\"40\">\n<p style=\"text-align: center;\">4<\/p>\n<\/td>\n<td style=\"text-align: center;\" width=\"41\">&#8212;<\/td>\n<td width=\"198\">24. Motores diesel y sistemas auxiliares<\/td>\n<td width=\"40\">\n<p style=\"text-align: center;\">M\u00f3d<\/p>\n<\/td>\n<td style=\"text-align: center;\" width=\"33\">4<\/td>\n<td style=\"text-align: center;\" width=\"35\">120<\/td>\n<\/tr>\n<tr>\n<td width=\"176\">25. Tracci\u00f3n El\u00e9ctrica<\/td>\n<td width=\"41\">\n<p style=\"text-align: center;\">M\u00f3d<\/p>\n<\/td>\n<td width=\"40\">\n<p style=\"text-align: center;\">4<\/p>\n<\/td>\n<td style=\"text-align: center;\" width=\"41\">&#8212;<\/td>\n<td width=\"198\">25. Tracci\u00f3n El\u00e9ctrica<\/td>\n<td width=\"40\">\n<p style=\"text-align: center;\">M\u00f3d<\/p>\n<\/td>\n<td style=\"text-align: center;\" width=\"33\">4<\/td>\n<td style=\"text-align: center;\" width=\"35\">120<\/td>\n<\/tr>\n<tr>\n<td width=\"176\">\n<p>26. Sistemas de frenos en material rodante ferroviario<\/p>\n<\/td>\n<td width=\"41\">\n<p style=\"text-align: center;\">M\u00f3d<\/p>\n<\/td>\n<td width=\"40\">\n<p style=\"text-align: center;\">4<\/p>\n<\/td>\n<td style=\"text-align: center;\" width=\"41\">&#8212;<\/td>\n<td width=\"198\">26. Sistemas de frenos en material rodante ferroviario<\/td>\n<td width=\"40\">\n<p style=\"text-align: center;\">M\u00f3d<\/p>\n<\/td>\n<td style=\"text-align: center;\" width=\"33\">4<\/td>\n<td style=\"text-align: center;\" width=\"35\">120<\/td>\n<\/tr>\n<tr>\n<td width=\"176\">27. Circuitos Auxiliares<\/td>\n<td width=\"41\">\n<p style=\"text-align: center;\">M\u00f3d<\/p>\n<\/td>\n<td width=\"40\">\n<p style=\"text-align: center;\">3<\/p>\n<\/td>\n<td style=\"text-align: center;\" width=\"41\">&#8212;<\/td>\n<td width=\"198\">27. Circuitos Auxiliares<\/td>\n<td width=\"40\">\n<p style=\"text-align: center;\">M\u00f3d<\/p>\n<\/td>\n<td style=\"text-align: center;\" width=\"33\">4<\/td>\n<td style=\"text-align: center;\" width=\"35\">120<\/td>\n<\/tr>\n<tr>\n<td width=\"176\">28. Sistemas l\u00f3gicos de material rodante<\/td>\n<td width=\"41\">\n<p style=\"text-align: center;\">M\u00f3d<\/p>\n<\/td>\n<td width=\"40\">\n<p style=\"text-align: center;\">4<\/p>\n<\/td>\n<td style=\"text-align: center;\" width=\"41\">&#8212;<\/td>\n<td width=\"198\">28. Sistemas l\u00f3gicos de material rodante<\/td>\n<td width=\"40\">\n<p style=\"text-align: center;\">M\u00f3d<\/p>\n<\/td>\n<td style=\"text-align: center;\" width=\"33\">3<\/td>\n<td style=\"text-align: center;\" width=\"35\">90<\/td>\n<\/tr>\n<tr>\n<td width=\"176\">29. Equipamiento, confortabilidad y climatizaci\u00f3n en ferrocarriles<\/td>\n<td width=\"41\">\n<p style=\"text-align: center;\">M\u00f3d<\/p>\n<\/td>\n<td width=\"40\">\n<p style=\"text-align: center;\">3<\/p>\n<\/td>\n<td style=\"text-align: center;\" width=\"41\">45<\/td>\n<td width=\"198\">\n<p>30. Mecanizado, bogie, tracci\u00f3n y choque.<\/p>\n<\/td>\n<td width=\"40\">\n<p style=\"text-align: center;\">M\u00f3d<\/p>\n<\/td>\n<td style=\"text-align: center;\" width=\"33\">4<\/td>\n<td style=\"text-align: center;\" width=\"35\">60<\/td>\n<\/tr>\n<tr>\n<td width=\"176\">31. Pr\u00e1ctica Profesionalizante III<\/td>\n<td width=\"41\">\n<p style=\"text-align: center;\">Tall<\/p>\n<\/td>\n<td width=\"40\">\n<p style=\"text-align: center;\">5<\/p>\n<\/td>\n<td style=\"text-align: center;\" width=\"41\">&#8212;<\/td>\n<td width=\"198\">31. Pr\u00e1ctica Profesionalizante III<\/td>\n<td width=\"40\">\n<p style=\"text-align: center;\">Tall<\/p>\n<\/td>\n<td style=\"text-align: center;\" width=\"33\">5<\/td>\n<td style=\"text-align: center;\" width=\"35\">150<\/td>\n<\/tr>\n<tr>\n<td colspan=\"4\" width=\"176\">\u00a0<\/td>\n<td colspan=\"3\" width=\"198\">Concentrada en 5 semanas<\/td>\n<td style=\"text-align: center;\" width=\"198\">150<\/td>\n<\/tr>\n<tr>\n<td colspan=\"6\" width=\"176\"><strong>TOTAL DE HORAS C\u00c1TEDRA DE TERCER A\u00d1O<\/strong><\/td>\n<td style=\"text-align: center;\" colspan=\"2\" width=\"33\"><strong>1.065 hs.<\/strong><\/td>\n<\/tr>\n<tr>\n<td colspan=\"6\" width=\"176\"><strong>TOTAL DE HORAS RELOJ DE TERCER A\u00d1O<\/strong><\/td>\n<td style=\"text-align: center;\" colspan=\"2\" width=\"33\"><strong>710 hs.<\/strong><\/td>\n<\/tr>\n<tr>\n<td colspan=\"6\" width=\"176\"><strong>TOTAL DE HORAS C\u00c1TEDRA DE LA TECNICATURA<\/strong><\/td>\n<td style=\"text-align: center;\" colspan=\"2\" width=\"33\"><strong>3.000 hs.<\/strong><\/td>\n<\/tr>\n<tr>\n<td colspan=\"6\" width=\"176\"><strong>TOTAL DE HORAS RELOJ DE LA TECNICATURA<\/strong><\/td>\n<td style=\"text-align: center;\" colspan=\"2\" width=\"33\"><strong>2.000 hs.<\/strong><\/td>\n<\/tr>\n<\/tbody>\n<\/table>\n\n\n<p><\/p>\n","protected":false},"excerpt":{"rendered":"<p>EN CASO DE NECESITAR ALG\u00daN PROGRAMA, POR FAVOR COMUN\u00cdQUESE CON BEDEL\u00cdA. PRIMER A\u00d1O PRIMER CUATRIMESTRE SEGUNDO CUATRIMESTRE Espacio Curricular Formato Hs. Semanales Hs. Anuales Espacio Curricular Formato Hs. Semanales Hs. Anuales 1. Introducci\u00f3n a v\u00eda, Obras y Se\u00f1alamiento M\u00f3d 4 \u00a0 1. Introducci\u00f3n a v\u00eda, Obras y Se\u00f1alamiento M\u00f3d 4 120 2. Nociones Generales de &#8230; <a title=\"Estructura Curricular\" class=\"read-more\" href=\"https:\/\/ies9027-infd.mendoza.edu.ar\/sitio\/estructura-curricular-3\/\" aria-label=\"More on Estructura Curricular\">[+]<\/a><\/p>\n","protected":false},"author":58,"featured_media":0,"parent":0,"menu_order":0,"comment_status":"closed","ping_status":"closed","template":"","meta":[],"acf":[],"_links":{"self":[{"href":"https:\/\/ies9027-infd.mendoza.edu.ar\/sitio\/wp-json\/wp\/v2\/pages\/1216"}],"collection":[{"href":"https:\/\/ies9027-infd.mendoza.edu.ar\/sitio\/wp-json\/wp\/v2\/pages"}],"about":[{"href":"https:\/\/ies9027-infd.mendoza.edu.ar\/sitio\/wp-json\/wp\/v2\/types\/page"}],"author":[{"embeddable":true,"href":"https:\/\/ies9027-infd.mendoza.edu.ar\/sitio\/wp-json\/wp\/v2\/users\/58"}],"replies":[{"embeddable":true,"href":"https:\/\/ies9027-infd.mendoza.edu.ar\/sitio\/wp-json\/wp\/v2\/comments?post=1216"}],"version-history":[{"count":61,"href":"https:\/\/ies9027-infd.mendoza.edu.ar\/sitio\/wp-json\/wp\/v2\/pages\/1216\/revisions"}],"predecessor-version":[{"id":6139,"href":"https:\/\/ies9027-infd.mendoza.edu.ar\/sitio\/wp-json\/wp\/v2\/pages\/1216\/revisions\/6139"}],"wp:attachment":[{"href":"https:\/\/ies9027-infd.mendoza.edu.ar\/sitio\/wp-json\/wp\/v2\/media?parent=1216"}],"curies":[{"name":"wp","href":"https:\/\/api.w.org\/{rel}","templated":true}]}}