{"id":1212,"date":"2018-08-31T14:31:47","date_gmt":"2018-08-31T17:31:47","guid":{"rendered":"https:\/\/ies9027-mza.infd.edu.ar\/sitio\/estructura-curricular\/"},"modified":"2026-03-17T21:06:53","modified_gmt":"2026-03-18T00:06:53","slug":"estructura-curricular","status":"publish","type":"page","link":"https:\/\/ies9027-infd.mendoza.edu.ar\/sitio\/estructura-curricular\/","title":{"rendered":"Estructura Curricular PEP"},"content":{"rendered":"\n<p><strong>EN CASO DE NECESITAR ALG\u00daN PROGRAMA, POR FAVOR COMUN\u00cdQUESE CON BEDEL\u00cdA.<\/strong><\/p>\n\n\n<pre><strong><a href=\"https:\/\/drive.google.com\/file\/d\/1fg36x69Vu-G6gUcEipAIUxUM4K7LknH9\/view\">RES. N\u00b07665-DGE-2023<\/a><\/strong><\/pre>\n<table>\n<tbody>\n<tr>\n<td colspan=\"2\" width=\"566\">\n<pre style=\"text-align: center;\"><strong>PRIMER A\u00d1O<\/strong><\/pre>\n<\/td>\n<\/tr>\n<tr>\n<td width=\"283\">\n<pre style=\"text-align: center;\"><strong>Cuatrimestre 1<\/strong><\/pre>\n<\/td>\n<td width=\"283\">\n<pre style=\"text-align: center;\"><strong>Cuatrimestre 2<\/strong><\/pre>\n<\/td>\n<\/tr>\n<tr>\n<td width=\"283\">\n<p style=\"text-align: center;\">Pensamiento Filos\u00f3fico<\/p>\n<\/td>\n<td width=\"283\">\n<p style=\"text-align: center;\">Pedagog\u00eda<\/p>\n<\/td>\n<\/tr>\n<tr>\n<td width=\"283\">\n<p style=\"text-align: center;\">Sistema Educativo<\/p>\n<\/td>\n<td width=\"283\">\u00a0<\/td>\n<\/tr>\n<tr>\n<td colspan=\"2\" width=\"566\">\n<p style=\"text-align: center;\">Comprensi\u00f3n y Producci\u00f3n de textos acad\u00e9micos<\/p>\n<\/td>\n<\/tr>\n<tr>\n<td colspan=\"2\" width=\"566\">\n<p style=\"text-align: center;\">Numeraci\u00f3n<\/p>\n<\/td>\n<\/tr>\n<tr>\n<td colspan=\"2\" width=\"566\">\n<p style=\"text-align: center;\">Lengua y Literatura Infantil y Juvenil<\/p>\n<\/td>\n<\/tr>\n<tr>\n<td colspan=\"2\" width=\"566\">\n<p style=\"text-align: center;\">Educaci\u00f3n Art\u00edstica<\/p>\n<\/td>\n<\/tr>\n<tr>\n<td colspan=\"2\" width=\"566\">\n<p style=\"text-align: center;\">Pr\u00e1ctica Profesional Docente I<\/p>\n<\/td>\n<\/tr>\n<\/tbody>\n<\/table>\n<table>\n<tbody>\n<tr>\n<td colspan=\"2\" width=\"566\">\n<pre style=\"text-align: center;\"><strong>SEGUNDO A\u00d1O<\/strong><\/pre>\n<\/td>\n<\/tr>\n<tr>\n<td width=\"283\">\n<pre style=\"text-align: center;\"><strong>Cuatrimestre 1<\/strong><\/pre>\n<\/td>\n<td width=\"283\">\n<pre><strong>Cuatrimestre 2<\/strong><\/pre>\n<\/td>\n<\/tr>\n<tr>\n<td style=\"text-align: center;\" width=\"283\">\n<p>Did\u00e1ctica<\/p>\n<\/td>\n<td width=\"283\">\n<p style=\"text-align: center;\">Instituciones Educativas<\/p>\n<\/td>\n<\/tr>\n<tr>\n<td width=\"283\">\n<p style=\"text-align: center;\">Sujeto de la Educaci\u00f3n<\/p>\n<\/td>\n<td width=\"283\">\n<p>Psicolog\u00eda Educacional<\/p>\n<\/td>\n<\/tr>\n<tr>\n<td colspan=\"2\" width=\"566\">\n<p style=\"text-align: center;\">Cs. Sociales y su Did\u00e1ctica I<\/p>\n<\/td>\n<\/tr>\n<tr>\n<td width=\"283\">\n<p style=\"text-align: center;\">N\u00fameros Racionales y su Did\u00e1ctica<\/p>\n<\/td>\n<td width=\"283\">\n<p>Espacio, Geometr\u00eda y su Did\u00e1ctica<\/p>\n<\/td>\n<\/tr>\n<tr>\n<td colspan=\"2\" width=\"566\">\n<p style=\"text-align: center;\">Cs. Naturales y su Did\u00e1ctica I<\/p>\n<\/td>\n<\/tr>\n<tr>\n<td width=\"283\">\n<p style=\"text-align: center;\">Lengua y su Did\u00e1ctica<\/p>\n<\/td>\n<td width=\"283\">\n<p style=\"text-align: center;\">Literatura Infantil y Juvenil y su Did\u00e1ctica<\/p>\n<\/td>\n<\/tr>\n<tr>\n<td colspan=\"2\" width=\"566\">\n<p style=\"text-align: center;\">Pr\u00e1ctica Profesional Docente II<\/p>\n<\/td>\n<\/tr>\n<\/tbody>\n<\/table>\n<table>\n<tbody>\n<tr>\n<td colspan=\"2\" width=\"566\">\n<pre style=\"text-align: center;\"><strong>TERCER A\u00d1O<\/strong><\/pre>\n<\/td>\n<\/tr>\n<tr>\n<td width=\"283\">\n<pre style=\"text-align: center;\"><strong>Cuatrimestre 1<\/strong><\/pre>\n<\/td>\n<td width=\"283\">\n<pre style=\"text-align: center;\"><strong>Cuatrimestre 2<\/strong><\/pre>\n<\/td>\n<\/tr>\n<tr>\n<td width=\"283\">\n<p style=\"text-align: center;\">Gesti\u00f3n y Evaluaci\u00f3n de los Aprendizajes<\/p>\n<\/td>\n<td width=\"283\">\n<p style=\"text-align: center;\">Educaci\u00f3n en la Diversidad<\/p>\n<\/td>\n<\/tr>\n<tr>\n<td width=\"283\">\n<p style=\"text-align: center;\">Proyectos de Intervenci\u00f3n Estrat\u00e9gica<\/p>\n<\/td>\n<td width=\"283\">\n<p style=\"text-align: center;\">Formaci\u00f3n \u00c9tica y Ciudadana y su did\u00e1ctica<\/p>\n<\/td>\n<\/tr>\n<tr>\n<td colspan=\"2\" width=\"566\">\n<p style=\"text-align: center;\">Educaci\u00f3n Tecnol\u00f3gica<\/p>\n<\/td>\n<\/tr>\n<tr>\n<td width=\"283\">\n<p style=\"text-align: center;\">Medida y su did\u00e1ctica<\/p>\n<\/td>\n<td width=\"283\">\n<p style=\"text-align: center;\">\u00c1lgebra, Funciones y su did\u00e1ctica<\/p>\n<\/td>\n<\/tr>\n<tr>\n<td colspan=\"2\" width=\"566\">\n<p style=\"text-align: center;\">Cs. Sociales y su did\u00e1ctica II<\/p>\n<\/td>\n<\/tr>\n<tr>\n<td colspan=\"2\" width=\"566\">\n<p style=\"text-align: center;\">Cs. Naturales y su did\u00e1ctica II<\/p>\n<\/td>\n<\/tr>\n<tr>\n<td colspan=\"2\" width=\"566\">\n<p style=\"text-align: center;\">Alfabetizaci\u00f3n<\/p>\n<\/td>\n<\/tr>\n<tr>\n<td colspan=\"2\" width=\"566\">\n<p style=\"text-align: center;\">Pr\u00e1ctica Profesional Docente III<\/p>\n<\/td>\n<\/tr>\n<\/tbody>\n<\/table>\n<table>\n<tbody>\n<tr>\n<td colspan=\"2\" width=\"566\">\n<pre style=\"text-align: center;\"><strong>CUARTO A\u00d1O<\/strong><\/pre>\n<\/td>\n<\/tr>\n<tr>\n<td width=\"283\">\n<pre style=\"text-align: center;\"><strong>Cuatrimestre 1<\/strong><\/pre>\n<\/td>\n<td width=\"283\">\n<pre style=\"text-align: center;\"><strong>Cuatrimestre 2<\/strong><\/pre>\n<\/td>\n<\/tr>\n<tr>\n<td width=\"283\">\n<p style=\"text-align: center;\">E.S.I.<\/p>\n<\/td>\n<td width=\"283\">\n<p style=\"text-align: center;\">Historia y Patrimonio Cultural de Mza<\/p>\n<\/td>\n<\/tr>\n<tr>\n<td width=\"283\">\n<p style=\"text-align: center;\">Educaci\u00f3n y Tecnolog\u00edas Digitales<\/p>\n<\/td>\n<td width=\"283\">\n<p style=\"text-align: center;\">Formaci\u00f3n Complementaria General<\/p>\n<\/td>\n<\/tr>\n<tr>\n<td width=\"283\">\n<p style=\"text-align: center;\">Did\u00e1ctica de la Lengua y de la Literatura Infantil y Juvenil<\/p>\n<\/td>\n<td width=\"283\">\n<p style=\"text-align: center;\">Formaci\u00f3n Complementaria Espec\u00edfica<\/p>\n<\/td>\n<\/tr>\n<tr>\n<td width=\"283\">\n<p style=\"text-align: center;\">Did\u00e1ctica de la Matem\u00e1tica<\/p>\n<\/td>\n<td rowspan=\"3\" width=\"283\">\n<p>\u00a0<\/p>\n<\/td>\n<\/tr>\n<tr>\n<td width=\"283\">\n<p style=\"text-align: center;\">Did\u00e1ctica de las Cs. Sociales<\/p>\n<\/td>\n<\/tr>\n<tr>\n<td width=\"283\">\n<p style=\"text-align: center;\">Did\u00e1ctica de las Cs. Naturales<\/p>\n<\/td>\n<\/tr>\n<tr>\n<td colspan=\"2\" width=\"566\">\n<p style=\"text-align: center;\">Pr\u00e1ctica Profesional Docente IV<\/p>\n<\/td>\n<\/tr>\n<\/tbody>\n<\/table>\n<p>\u00a0<\/p>\n\n\n\n\n<pre class=\"wp-block-preformatted\"><strong><strong><a href=\"https:\/\/drive.google.com\/file\/d\/1Ru7v5-iHzRj_zFdS3RElIuGLY18e6ezp\/view\">RES. N\u00b01191-DGE-2014<\/a><\/strong><\/strong><\/pre>\n\n\n\n<figure class=\"wp-block-table is-style-regular\"><table><tbody><tr><td class=\"has-text-align-left\" data-align=\"left\" colspan=\"5\"><strong>PRIMER A\u00d1O<\/strong><\/td><\/tr><tr><td class=\"has-text-align-left\" data-align=\"left\" rowspan=\"2\"><strong>Unidades Curriculares<\/strong><\/td><td class=\"has-text-align-center\" data-align=\"center\" colspan=\"3\"><strong>Distribuci\u00f3n de la carga horaria expresadas en horas c\u00e1tedras<\/strong><\/td><td class=\"has-text-align-center\" data-align=\"center\" rowspan=\"2\"><strong>Campo de formaci\u00f3n<\/strong><\/td><\/tr><tr><td class=\"has-text-align-left\" data-align=\"left\"><strong>Hs cursado<\/strong><\/td><td class=\"has-text-align-center\" data-align=\"center\"><strong>Hs Gesti\u00f3n Curricular<\/strong><\/td><td class=\"has-text-align-center\" data-align=\"center\"><strong>Total de horas<\/strong><\/td><\/tr><tr><td class=\"has-text-align-left\" data-align=\"left\">Pedagog\u00eda<\/td><td class=\"has-text-align-center\" data-align=\"center\">5<\/td><td class=\"has-text-align-center\" data-align=\"center\">2<\/td><td class=\"has-text-align-center\" data-align=\"center\">7<\/td><td class=\"has-text-align-center\" data-align=\"center\">General<\/td><\/tr><tr><td class=\"has-text-align-left\" data-align=\"left\">Promoci\u00f3n de la salud<\/td><td class=\"has-text-align-center\" data-align=\"center\">3<\/td><td class=\"has-text-align-center\" data-align=\"center\">1<\/td><td class=\"has-text-align-center\" data-align=\"center\">4<\/td><td class=\"has-text-align-center\" data-align=\"center\">General<\/td><\/tr><tr><td class=\"has-text-align-left\" data-align=\"left\">Literatura para ni\u00f1os y j\u00f3venes<\/td><td class=\"has-text-align-center\" data-align=\"center\">5<\/td><td class=\"has-text-align-center\" data-align=\"center\">2<\/td><td class=\"has-text-align-center\" data-align=\"center\">7<\/td><td class=\"has-text-align-center\" data-align=\"center\">Espec\u00edfico &nbsp;<\/td><\/tr><tr><td class=\"has-text-align-left\" data-align=\"left\">Sujeto de la educaci\u00f3n<\/td><td class=\"has-text-align-center\" data-align=\"center\">6<\/td><td class=\"has-text-align-center\" data-align=\"center\">2<\/td><td class=\"has-text-align-center\" data-align=\"center\">8<\/td><td class=\"has-text-align-center\" data-align=\"center\">Espec\u00edfico<\/td><\/tr><tr><td class=\"has-text-align-left\" data-align=\"left\">Perspectiva Hist\u00f3rica, Pol\u00edtica, Econ\u00f3mica, Social y Cultural de Am\u00e9rica Latina<\/td><td class=\"has-text-align-center\" data-align=\"center\">5<\/td><td class=\"has-text-align-center\" data-align=\"center\">2<\/td><td class=\"has-text-align-center\" data-align=\"center\">7<\/td><td class=\"has-text-align-center\" data-align=\"center\">General &nbsp;<\/td><\/tr><tr><td class=\"has-text-align-left\" data-align=\"left\">Lengua<\/td><td class=\"has-text-align-center\" data-align=\"center\">5<\/td><td class=\"has-text-align-center\" data-align=\"center\">2<\/td><td class=\"has-text-align-center\" data-align=\"center\">7<\/td><td class=\"has-text-align-center\" data-align=\"center\">Espec\u00edfico<\/td><\/tr><tr><td class=\"has-text-align-left\" data-align=\"left\">Did\u00e1ctica General<\/td><td class=\"has-text-align-center\" data-align=\"center\">5<\/td><td class=\"has-text-align-center\" data-align=\"center\">2<\/td><td class=\"has-text-align-center\" data-align=\"center\">7<\/td><td class=\"has-text-align-center\" data-align=\"center\">General<\/td><\/tr><tr><td class=\"has-text-align-left\" data-align=\"left\">Psicolog\u00eda Educacional<\/td><td class=\"has-text-align-center\" data-align=\"center\">5<\/td><td class=\"has-text-align-center\" data-align=\"center\">2<\/td><td class=\"has-text-align-center\" data-align=\"center\">7<\/td><td class=\"has-text-align-center\" data-align=\"center\">General<\/td><\/tr><tr><td class=\"has-text-align-left\" data-align=\"left\">Matem\u00e1tica<\/td><td class=\"has-text-align-center\" data-align=\"center\">5<\/td><td class=\"has-text-align-center\" data-align=\"center\">2<\/td><td class=\"has-text-align-center\" data-align=\"center\">7<\/td><td class=\"has-text-align-center\" data-align=\"center\">Espec\u00edfico<\/td><\/tr><tr><td class=\"has-text-align-left\" data-align=\"left\">Tecnolog\u00eda de la Informaci\u00f3n y la comunicaci\u00f3n<\/td><td class=\"has-text-align-center\" data-align=\"center\">3<\/td><td class=\"has-text-align-center\" data-align=\"center\">1<\/td><td class=\"has-text-align-center\" data-align=\"center\">4<\/td><td class=\"has-text-align-center\" data-align=\"center\">General<\/td><\/tr><tr><td class=\"has-text-align-left\" data-align=\"left\">Pr\u00e1ctica de la Lectura, escritura y Oralidad<\/td><td class=\"has-text-align-center\" data-align=\"center\">3<\/td><td class=\"has-text-align-center\" data-align=\"center\">1<\/td><td class=\"has-text-align-center\" data-align=\"center\">4<\/td><td class=\"has-text-align-center\" data-align=\"center\">General<\/td><\/tr><tr><td class=\"has-text-align-left\" data-align=\"left\">Pr\u00e1ctica Profesional Docente I<\/td><td class=\"has-text-align-center\" data-align=\"center\">6<\/td><td class=\"has-text-align-center\" data-align=\"center\">2<\/td><td class=\"has-text-align-center\" data-align=\"center\">8<\/td><td class=\"has-text-align-center\" data-align=\"center\">Pr\u00e1ctica Profesional Docente<\/td><\/tr><\/tbody><\/table><\/figure>\n\n\n\n<figure class=\"wp-block-table is-style-regular\"><table><tbody><tr><td colspan=\"5\"><strong>SEGUNDO A\u00d1O<\/strong><\/td><\/tr><tr><td rowspan=\"2\"><strong>Unidades Curriculares<\/strong><\/td><td class=\"has-text-align-center\" data-align=\"center\" colspan=\"3\"><strong>Distribuci\u00f3n de la carga horaria expresadas en horas c\u00e1tedras<\/strong><\/td><td class=\"has-text-align-center\" data-align=\"center\" rowspan=\"2\"><strong>Campo de formaci\u00f3n<\/strong><\/td><\/tr><tr><td><strong>Hs cursado<\/strong><\/td><td class=\"has-text-align-center\" data-align=\"center\"><strong>Hs Gesti\u00f3n Curricular<\/strong><\/td><td class=\"has-text-align-center\" data-align=\"center\"><strong>Total de horas<\/strong><\/td><\/tr><tr><td>Historia y Pol\u00edtica de la Educaci\u00f3n Argentina<\/td><td class=\"has-text-align-center\" data-align=\"center\">4<\/td><td class=\"has-text-align-center\" data-align=\"center\">2<\/td><td class=\"has-text-align-center\" data-align=\"center\">6<\/td><td class=\"has-text-align-center\" data-align=\"center\">General<\/td><\/tr><tr><td>Expresi\u00f3n Art\u00edstica<\/td><td class=\"has-text-align-center\" data-align=\"center\">4<\/td><td class=\"has-text-align-center\" data-align=\"center\">2<\/td><td class=\"has-text-align-center\" data-align=\"center\">6<\/td><td class=\"has-text-align-center\" data-align=\"center\">General<\/td><\/tr><tr><td>Did\u00e1ctica de la Lengua I<\/td><td class=\"has-text-align-center\" data-align=\"center\">5<\/td><td class=\"has-text-align-center\" data-align=\"center\">2<\/td><td class=\"has-text-align-center\" data-align=\"center\">7<\/td><td class=\"has-text-align-center\" data-align=\"center\">Espec\u00edfico &nbsp;<\/td><\/tr><tr><td>Instituciones Educativas<\/td><td class=\"has-text-align-center\" data-align=\"center\">4<\/td><td class=\"has-text-align-center\" data-align=\"center\">2<\/td><td class=\"has-text-align-center\" data-align=\"center\">6<\/td><td class=\"has-text-align-center\" data-align=\"center\">General<\/td><\/tr><tr><td>Sociolog\u00eda de la Educaci\u00f3n<\/td><td class=\"has-text-align-center\" data-align=\"center\">4<\/td><td class=\"has-text-align-center\" data-align=\"center\">2<\/td><td class=\"has-text-align-center\" data-align=\"center\">6<\/td><td class=\"has-text-align-center\" data-align=\"center\">General<\/td><\/tr><tr><td>Did\u00e1ctica de la Literatura<\/td><td class=\"has-text-align-center\" data-align=\"center\">5<\/td><td class=\"has-text-align-center\" data-align=\"center\">2<\/td><td class=\"has-text-align-center\" data-align=\"center\">7<\/td><td class=\"has-text-align-center\" data-align=\"center\">Espec\u00edfico<\/td><\/tr><tr><td>Did\u00e1ctica de la Matem\u00e1tica I<\/td><td class=\"has-text-align-center\" data-align=\"center\">5<\/td><td class=\"has-text-align-center\" data-align=\"center\">2<\/td><td class=\"has-text-align-center\" data-align=\"center\">7<\/td><td class=\"has-text-align-center\" data-align=\"center\">Espec\u00edfico<\/td><\/tr><tr><td>Did\u00e1ctica de las Cs. Sociales I<\/td><td class=\"has-text-align-center\" data-align=\"center\">5<\/td><td class=\"has-text-align-center\" data-align=\"center\">2<\/td><td class=\"has-text-align-center\" data-align=\"center\">7<\/td><td class=\"has-text-align-center\" data-align=\"center\">Espec\u00edfico<\/td><\/tr><tr><td>Did\u00e1ctica de las Cs. Naturales I<\/td><td class=\"has-text-align-center\" data-align=\"center\">5<\/td><td class=\"has-text-align-center\" data-align=\"center\">2<\/td><td class=\"has-text-align-center\" data-align=\"center\">7<\/td><td class=\"has-text-align-center\" data-align=\"center\">Espec\u00edfico<\/td><\/tr><tr><td>Pr\u00e1ctica Profesional Docente II<\/td><td class=\"has-text-align-center\" data-align=\"center\">6<\/td><td class=\"has-text-align-center\" data-align=\"center\">2<\/td><td class=\"has-text-align-center\" data-align=\"center\">8<\/td><td class=\"has-text-align-center\" data-align=\"center\">Pr\u00e1ctica Profesional Docente<\/td><\/tr><\/tbody><\/table><\/figure>\n\n\n\n<figure class=\"wp-block-table is-style-regular\"><table><tbody><tr><td colspan=\"5\"><strong>TERCER A\u00d1O<\/strong><\/td><\/tr><tr><td rowspan=\"2\"><strong>Unidades Curriculares<\/strong><\/td><td class=\"has-text-align-center\" data-align=\"center\" colspan=\"3\"><strong>Distribuci\u00f3n de la carga horaria expresadas en horas c\u00e1tedras<\/strong><\/td><td class=\"has-text-align-center\" data-align=\"center\"><strong>Campo de formaci\u00f3n<\/strong><\/td><\/tr><tr><td><strong>Hs cursado<\/strong><\/td><td class=\"has-text-align-center\" data-align=\"center\"><strong>Hs Gesti\u00f3n Curricular<\/strong><\/td><td class=\"has-text-align-center\" data-align=\"center\"><strong>Total de horas<\/strong><\/td><td class=\"has-text-align-center\" data-align=\"center\">&nbsp;<\/td><\/tr><tr><td>Filosof\u00eda<\/td><td class=\"has-text-align-center\" data-align=\"center\">4<\/td><td class=\"has-text-align-center\" data-align=\"center\">2<\/td><td class=\"has-text-align-center\" data-align=\"center\">6<\/td><td class=\"has-text-align-center\" data-align=\"center\">General<\/td><\/tr><tr><td>Unidad de Definici\u00f3n Institucional CFE<\/td><td class=\"has-text-align-center\" data-align=\"center\">3<\/td><td class=\"has-text-align-center\" data-align=\"center\">1<\/td><td class=\"has-text-align-center\" data-align=\"center\">4<\/td><td class=\"has-text-align-center\" data-align=\"center\">Espec\u00edfico &nbsp;<\/td><\/tr><tr><td>Did\u00e1ctica de la Matem\u00e1tica II<\/td><td class=\"has-text-align-center\" data-align=\"center\">5<\/td><td class=\"has-text-align-center\" data-align=\"center\">2<\/td><td class=\"has-text-align-center\" data-align=\"center\">7<\/td><td class=\"has-text-align-center\" data-align=\"center\">Espec\u00edfico &nbsp;<\/td><\/tr><tr><td>Formaci\u00f3n \u00c9tica y Ciudadana<\/td><td class=\"has-text-align-center\" data-align=\"center\">4<\/td><td class=\"has-text-align-center\" data-align=\"center\">2<\/td><td class=\"has-text-align-center\" data-align=\"center\">6<\/td><td class=\"has-text-align-center\" data-align=\"center\">Espec\u00edfico<\/td><\/tr><tr><td>Problem\u00e1tica de Nivel Primario<\/td><td class=\"has-text-align-center\" data-align=\"center\">3<\/td><td class=\"has-text-align-center\" data-align=\"center\">1<\/td><td class=\"has-text-align-center\" data-align=\"center\">4<\/td><td class=\"has-text-align-center\" data-align=\"center\">Espec\u00edfico &nbsp;<\/td><\/tr><tr><td>Unidad de Definici\u00f3n Institucional CFG<\/td><td class=\"has-text-align-center\" data-align=\"center\">4<\/td><td class=\"has-text-align-center\" data-align=\"center\">2<\/td><td class=\"has-text-align-center\" data-align=\"center\">6<\/td><td class=\"has-text-align-center\" data-align=\"center\">General<\/td><\/tr><tr><td>Alfabetizaci\u00f3n Inicial<\/td><td class=\"has-text-align-center\" data-align=\"center\">3<\/td><td class=\"has-text-align-center\" data-align=\"center\">1<\/td><td class=\"has-text-align-center\" data-align=\"center\">4<\/td><td class=\"has-text-align-center\" data-align=\"center\">Espec\u00edfico<\/td><\/tr><tr><td>Did\u00e1ctica de las Cs. Sociales II<\/td><td class=\"has-text-align-center\" data-align=\"center\">5<\/td><td class=\"has-text-align-center\" data-align=\"center\">2<\/td><td class=\"has-text-align-center\" data-align=\"center\">7<\/td><td class=\"has-text-align-center\" data-align=\"center\">Espec\u00edfico<\/td><\/tr><tr><td>Did\u00e1ctica de las Cs. Naturales II<\/td><td class=\"has-text-align-center\" data-align=\"center\">5<\/td><td class=\"has-text-align-center\" data-align=\"center\">2<\/td><td class=\"has-text-align-center\" data-align=\"center\">7<\/td><td class=\"has-text-align-center\" data-align=\"center\">Espec\u00edfico<\/td><\/tr><tr><td>Did\u00e1ctica de la Tecnolog\u00eda<\/td><td class=\"has-text-align-center\" data-align=\"center\">3<\/td><td class=\"has-text-align-center\" data-align=\"center\">1<\/td><td class=\"has-text-align-center\" data-align=\"center\">4<\/td><td class=\"has-text-align-center\" data-align=\"center\">Espec\u00edfico<\/td><\/tr><tr><td>Pr\u00e1ctica Profesional Docente III<\/td><td class=\"has-text-align-center\" data-align=\"center\">6<\/td><td class=\"has-text-align-center\" data-align=\"center\">2<\/td><td class=\"has-text-align-center\" data-align=\"center\">8<\/td><td class=\"has-text-align-center\" data-align=\"center\">Pr\u00e1ctica Profesional Docente<\/td><\/tr><\/tbody><\/table><\/figure>\n\n\n\n<figure class=\"wp-block-table is-style-regular\"><table><tbody><tr><td colspan=\"5\"><strong>CUARTO A\u00d1O<\/strong><\/td><\/tr><tr><td rowspan=\"2\"><strong>Unidades Curriculares<\/strong><\/td><td class=\"has-text-align-center\" data-align=\"center\" colspan=\"3\"><strong>Distribuci\u00f3n de la carga horaria expresadas en horas c\u00e1tedras<\/strong><\/td><td class=\"has-text-align-center\" data-align=\"center\" rowspan=\"2\"><strong>Campo de formaci\u00f3n<\/strong><\/td><\/tr><tr><td><strong>Hs cursado<\/strong><\/td><td class=\"has-text-align-center\" data-align=\"center\"><strong>Hs Gesti\u00f3n Curricular<\/strong><\/td><td class=\"has-text-align-center\" data-align=\"center\"><strong>Total de horas<\/strong><\/td><\/tr><tr><td>Did\u00e1ctica de la Lengua II<\/td><td class=\"has-text-align-center\" data-align=\"center\">4<\/td><td class=\"has-text-align-center\" data-align=\"center\">2<\/td><td class=\"has-text-align-center\" data-align=\"center\">6<\/td><td class=\"has-text-align-center\" data-align=\"center\">Espec\u00edfico &nbsp;<\/td><\/tr><tr><td>Did\u00e1ctica de la Matem\u00e1tica III<\/td><td class=\"has-text-align-center\" data-align=\"center\">4<\/td><td class=\"has-text-align-center\" data-align=\"center\">2<\/td><td class=\"has-text-align-center\" data-align=\"center\">6<\/td><td class=\"has-text-align-center\" data-align=\"center\">Espec\u00edfico &nbsp;<\/td><\/tr><tr><td>Did\u00e1ctica de la Cs. Sociales III<\/td><td class=\"has-text-align-center\" data-align=\"center\">4<\/td><td class=\"has-text-align-center\" data-align=\"center\">2<\/td><td class=\"has-text-align-center\" data-align=\"center\">6<\/td><td class=\"has-text-align-center\" data-align=\"center\">Espec\u00edfico &nbsp;<\/td><\/tr><tr><td>Did\u00e1ctica de la Cs. Naturales III<\/td><td class=\"has-text-align-center\" data-align=\"center\">4<\/td><td class=\"has-text-align-center\" data-align=\"center\">2<\/td><td class=\"has-text-align-center\" data-align=\"center\">6<\/td><td class=\"has-text-align-center\" data-align=\"center\">Espec\u00edfico &nbsp;<\/td><\/tr><tr><td>Unidad de Definici\u00f3n Institucional CFG<\/td><td class=\"has-text-align-center\" data-align=\"center\">3<\/td><td class=\"has-text-align-center\" data-align=\"center\">1<\/td><td class=\"has-text-align-center\" data-align=\"center\">4<\/td><td class=\"has-text-align-center\" data-align=\"center\">General &nbsp;<\/td><\/tr><tr><td>Pr\u00e1ctica Profesional Docente IV<\/td><td class=\"has-text-align-center\" data-align=\"center\">12<\/td><td class=\"has-text-align-center\" data-align=\"center\">6<\/td><td class=\"has-text-align-center\" data-align=\"center\">18<\/td><td class=\"has-text-align-center\" data-align=\"center\">Pr\u00e1ctica Profesional Docente<\/td><\/tr><tr><td colspan=\"5\"><strong>ELECTIVA<\/strong><\/td><\/tr><\/tbody><\/table><\/figure>\n","protected":false},"excerpt":{"rendered":"<p>EN CASO DE NECESITAR ALG\u00daN PROGRAMA, POR FAVOR COMUN\u00cdQUESE CON BEDEL\u00cdA. RES. N\u00b07665-DGE-2023 PRIMER A\u00d1O Cuatrimestre 1 Cuatrimestre 2 Pensamiento Filos\u00f3fico Pedagog\u00eda Sistema Educativo \u00a0 Comprensi\u00f3n y Producci\u00f3n de textos acad\u00e9micos Numeraci\u00f3n Lengua y Literatura Infantil y Juvenil Educaci\u00f3n Art\u00edstica Pr\u00e1ctica Profesional Docente I SEGUNDO A\u00d1O Cuatrimestre 1 Cuatrimestre 2 Did\u00e1ctica Instituciones Educativas Sujeto de &#8230; <a title=\"Estructura Curricular PEP\" class=\"read-more\" href=\"https:\/\/ies9027-infd.mendoza.edu.ar\/sitio\/estructura-curricular\/\" aria-label=\"More on Estructura Curricular PEP\">[+]<\/a><\/p>\n","protected":false},"author":58,"featured_media":0,"parent":0,"menu_order":0,"comment_status":"closed","ping_status":"closed","template":"","meta":[],"acf":[],"_links":{"self":[{"href":"https:\/\/ies9027-infd.mendoza.edu.ar\/sitio\/wp-json\/wp\/v2\/pages\/1212"}],"collection":[{"href":"https:\/\/ies9027-infd.mendoza.edu.ar\/sitio\/wp-json\/wp\/v2\/pages"}],"about":[{"href":"https:\/\/ies9027-infd.mendoza.edu.ar\/sitio\/wp-json\/wp\/v2\/types\/page"}],"author":[{"embeddable":true,"href":"https:\/\/ies9027-infd.mendoza.edu.ar\/sitio\/wp-json\/wp\/v2\/users\/58"}],"replies":[{"embeddable":true,"href":"https:\/\/ies9027-infd.mendoza.edu.ar\/sitio\/wp-json\/wp\/v2\/comments?post=1212"}],"version-history":[{"count":84,"href":"https:\/\/ies9027-infd.mendoza.edu.ar\/sitio\/wp-json\/wp\/v2\/pages\/1212\/revisions"}],"predecessor-version":[{"id":6842,"href":"https:\/\/ies9027-infd.mendoza.edu.ar\/sitio\/wp-json\/wp\/v2\/pages\/1212\/revisions\/6842"}],"wp:attachment":[{"href":"https:\/\/ies9027-infd.mendoza.edu.ar\/sitio\/wp-json\/wp\/v2\/media?parent=1212"}],"curies":[{"name":"wp","href":"https:\/\/api.w.org\/{rel}","templated":true}]}}