{"id":1205,"date":"2018-08-31T14:31:43","date_gmt":"2018-08-31T17:31:43","guid":{"rendered":"https:\/\/ies9027-mza.infd.edu.ar\/sitio\/profesorado-de-educacion-inicial\/"},"modified":"2026-03-17T20:29:39","modified_gmt":"2026-03-17T23:29:39","slug":"profesorado-de-educacion-inicial","status":"publish","type":"page","link":"https:\/\/ies9027-infd.mendoza.edu.ar\/sitio\/profesorado-de-educacion-inicial\/","title":{"rendered":"Profesorado de Educaci\u00f3n Inicial"},"content":{"rendered":"<h1><img decoding=\"async\" loading=\"lazy\" class=\"alignnone  wp-image-3613\" src=\"https:\/\/ies9027-infd.mendoza.edu.ar\/sitio\/wp-content\/uploads\/2022\/03\/manos-pintadas.jpg\" alt=\"\" width=\"344\" height=\"172\" \/><img decoding=\"async\" loading=\"lazy\" class=\"alignnone  wp-image-3615\" src=\"https:\/\/ies9027-infd.mendoza.edu.ar\/sitio\/wp-content\/uploads\/2022\/03\/manualidades-para-un-nino-de-2-anos_w1140-1000x390.jpg\" alt=\"\" width=\"423\" height=\"165\" srcset=\"https:\/\/ies9027-infd.mendoza.edu.ar\/sitio\/wp-content\/uploads\/2022\/03\/manualidades-para-un-nino-de-2-anos_w1140-1000x390.jpg 1000w, https:\/\/ies9027-infd.mendoza.edu.ar\/sitio\/wp-content\/uploads\/2022\/03\/manualidades-para-un-nino-de-2-anos_w1140-768x300.jpg 768w, https:\/\/ies9027-infd.mendoza.edu.ar\/sitio\/wp-content\/uploads\/2022\/03\/manualidades-para-un-nino-de-2-anos_w1140.jpg 1140w\" sizes=\"(max-width: 423px) 100vw, 423px\" \/><strong data-rich-text-format-boundary=\"true\">\u00a0<\/strong><\/h1>\n<h1><span style=\"font-family: arial, helvetica, sans-serif; font-size: 10pt;\"><strong style=\"font-size: 10pt;\">I- ESPECIFICACIONES<\/strong><\/span><\/h1>\n<p><span style=\"font-family: arial, helvetica, sans-serif; font-size: 10pt;\"><strong><span style=\"text-decoration: underline;\">Denominaci\u00f3n de la Carrera: <\/span><\/strong>Profesorado de Educaci\u00f3n Inicial<\/span><\/p>\n<p><span style=\"font-family: arial, helvetica, sans-serif; font-size: 10pt;\"><strong><span style=\"text-decoration: underline;\">T\u00edtulo a otorgar: <\/span><\/strong>Profesor\/a de Educaci\u00f3n Inicial<\/span><\/p>\n<p><span style=\"font-family: arial, helvetica, sans-serif; font-size: 10pt;\"><strong><span style=\"text-decoration: underline;\">Duraci\u00f3n de la Carrera: <\/span><\/strong>4 a\u00f1os<\/span><\/p>\n<p><span style=\"font-family: arial, helvetica, sans-serif; font-size: 10pt;\"><strong><span style=\"text-decoration: underline;\">\u00a0<\/span><\/strong><\/span><\/p>\n<p><span style=\"font-family: arial, helvetica, sans-serif; font-size: 10pt;\"><strong><span style=\"text-decoration: underline;\">II- PERFIL DEL EGRESADO<\/span><\/strong><\/span><\/p>\n<p style=\"text-align: justify;\"><span style=\"font-family: arial, helvetica, sans-serif; font-size: 10pt;\">Uno de los desaf\u00edos que se presenta hoy en torno a la formaci\u00f3n docente inicial es la necesidad y posibilidad de resignificar la profesi\u00f3n docente, volver a pensarla y concebirla, revisarla de manera de garantizar desempe\u00f1os adecuados en diferentes contextos y en atenci\u00f3n a sujetos singulares y pr\u00e1cticas sociales y culturales diversas que nos presenta el pr\u00f3ximo decenio.<\/span><\/p>\n<p style=\"text-align: justify;\"><span style=\"font-family: arial, helvetica, sans-serif; font-size: 10pt;\">El\/la docente que se quiere formar en este nuevo dise\u00f1o curricular recupera los acuerdos federales plasmados en los Lineamientos Curriculares Nacionales que plantean la docencia como:<\/span><\/p>\n<p><span style=\"font-family: arial, helvetica, sans-serif; font-size: 10pt;\">a) pr\u00e1ctica de mediaci\u00f3n cultural reflexiva y cr\u00edtica,<\/span><\/p>\n<p><span style=\"font-family: arial, helvetica, sans-serif; font-size: 10pt;\">b) trabajo profesional institucionalizado,<\/span><\/p>\n<p><span style=\"font-family: arial, helvetica, sans-serif; font-size: 10pt;\">c) pr\u00e1ctica pedag\u00f3gica,<\/span><\/p>\n<p style=\"text-align: justify;\"><span style=\"font-family: arial, helvetica, sans-serif; font-size: 10pt;\">como tambi\u00e9n las voces de los docentes formadores de los ISFD y de los docentes del sistema que aportaron con su experiencia a definir el perfil del docente deseado.<\/span><\/p>\n<p style=\"text-align: justify;\"><span style=\"font-family: arial, helvetica, sans-serif; font-size: 10pt;\">Por una parte, se concibe la docencia como pr\u00e1ctica de mediaci\u00f3n cultural reflexiva y cr\u00edtica, caracterizada por la capacidad para contextualizar las intervenciones de ense\u00f1anza en pos de encontrar diferentes y mejores formas de posibilitar los aprendizajes de los\/as alumnos\/as y apoyar procesos democr\u00e1ticos en el interior de las instituciones educativas y de las salas, a partir de ideales de justicia y de logro de mejores y m\u00e1s dignas condiciones de vida para todos\/as los\/as alumnos\/as.<\/span><\/p>\n<p style=\"text-align: justify;\"><span style=\"font-family: arial, helvetica, sans-serif; font-size: 10pt;\">Por otra parte, la docencia es un trabajo profesional institucionalizado, que se lleva a cabo en las instituciones educativas, en el marco de la construcci\u00f3n colectiva de intereses p\u00fablicos, de significados y aspiraciones compartidas y del derecho social a la educaci\u00f3n.<\/span><\/p>\n<p style=\"text-align: justify;\"><span style=\"font-family: arial, helvetica, sans-serif; font-size: 10pt;\">Ello implica la necesaria autonom\u00eda y responsabilidad profesional para la genuina toma personal de decisiones para ense\u00f1ar, como una actividad comprometida, simbolizante, enriquecedora, y para construir espacios de trabajo compartido y colaborativo en las instituciones educativas en las que el trabajo del equipo docente pueda primar por sobre el trabajo individual y aislado. Esto exige integrarse con facilidad en equipos, grupos de pares, con el fin de reflexionar sobre el aprendizaje, nuevos modelos did\u00e1cticos y problem\u00e1ticas compartidas para superarlas en forma creativa y colectiva. Requiere, asimismo, del ejercicio de la autoridad pedag\u00f3gica, no como autoridad formal, sino como profesional reconocido y legitimado por su responsabilidad en la ense\u00f1anza y por sus propuestas educativas.<\/span><\/p>\n<p style=\"text-align: justify;\"><span style=\"font-family: arial, helvetica, sans-serif; font-size: 10pt;\">Adem\u00e1s, la docencia es tambi\u00e9n una pr\u00e1ctica pedag\u00f3gica construida a partir de la transmisi\u00f3n de conocimientos y de las formas apropiadas para ponerlos a disposici\u00f3n de sus alumnos\/as y que toma a la diversidad como contexto. Ello implica la capacidad de analizar la pr\u00e1ctica cotidiana incorporando las dimensiones siempre particulares del contexto de la pr\u00e1ctica, tanto en el nivel organizacional como en la sala, en vistas a la mejora continua de la ense\u00f1anza.<\/span><\/p>\n<p style=\"text-align: justify;\"><span style=\"font-family: arial, helvetica, sans-serif; font-size: 10pt;\">Estas pr\u00e1cticas requieren interrogarse acerca de la contextualizaci\u00f3n de los principios generales de la ense\u00f1anza en los espacios locales de su realizaci\u00f3n.<\/span><\/p>\n<p style=\"text-align: justify;\"><span style=\"font-family: arial, helvetica, sans-serif; font-size: 10pt;\">Se aspira a formar un\/a profesor\/a para el Nivel Inicial que sea a la vez persona comprometida, mediador intercultural, animador de una comunidad educativa, garante de la Ley y organizador de una vida democr\u00e1tica, intelectual y conductor cultural.<\/span><\/p>\n\n\n<p><\/p>\n","protected":false},"excerpt":{"rendered":"<p>\u00a0 I- ESPECIFICACIONES Denominaci\u00f3n de la Carrera: Profesorado de Educaci\u00f3n Inicial T\u00edtulo a otorgar: Profesor\/a de Educaci\u00f3n Inicial Duraci\u00f3n de la Carrera: 4 a\u00f1os \u00a0 II- PERFIL DEL EGRESADO Uno de los desaf\u00edos que se presenta hoy en torno a la formaci\u00f3n docente inicial es la necesidad y posibilidad de resignificar la profesi\u00f3n docente, volver &#8230; <a title=\"Profesorado de Educaci\u00f3n Inicial\" class=\"read-more\" href=\"https:\/\/ies9027-infd.mendoza.edu.ar\/sitio\/profesorado-de-educacion-inicial\/\" aria-label=\"More on Profesorado de Educaci\u00f3n Inicial\">[+]<\/a><\/p>\n","protected":false},"author":58,"featured_media":0,"parent":0,"menu_order":0,"comment_status":"closed","ping_status":"closed","template":"","meta":[],"acf":[],"_links":{"self":[{"href":"https:\/\/ies9027-infd.mendoza.edu.ar\/sitio\/wp-json\/wp\/v2\/pages\/1205"}],"collection":[{"href":"https:\/\/ies9027-infd.mendoza.edu.ar\/sitio\/wp-json\/wp\/v2\/pages"}],"about":[{"href":"https:\/\/ies9027-infd.mendoza.edu.ar\/sitio\/wp-json\/wp\/v2\/types\/page"}],"author":[{"embeddable":true,"href":"https:\/\/ies9027-infd.mendoza.edu.ar\/sitio\/wp-json\/wp\/v2\/users\/58"}],"replies":[{"embeddable":true,"href":"https:\/\/ies9027-infd.mendoza.edu.ar\/sitio\/wp-json\/wp\/v2\/comments?post=1205"}],"version-history":[{"count":17,"href":"https:\/\/ies9027-infd.mendoza.edu.ar\/sitio\/wp-json\/wp\/v2\/pages\/1205\/revisions"}],"predecessor-version":[{"id":6838,"href":"https:\/\/ies9027-infd.mendoza.edu.ar\/sitio\/wp-json\/wp\/v2\/pages\/1205\/revisions\/6838"}],"wp:attachment":[{"href":"https:\/\/ies9027-infd.mendoza.edu.ar\/sitio\/wp-json\/wp\/v2\/media?parent=1205"}],"curies":[{"name":"wp","href":"https:\/\/api.w.org\/{rel}","templated":true}]}}