{"id":1200,"date":"2018-08-31T14:31:41","date_gmt":"2018-08-31T17:31:41","guid":{"rendered":"https:\/\/ies9027-mza.infd.edu.ar\/sitio\/seccion-alumno\/"},"modified":"2020-08-14T19:29:48","modified_gmt":"2020-08-14T22:29:48","slug":"seccion-alumno","status":"publish","type":"page","link":"https:\/\/ies9027-infd.mendoza.edu.ar\/sitio\/seccion-alumno\/","title":{"rendered":"Secci\u00f3n alumno"},"content":{"rendered":"<pre><strong>ACOMPA\u00d1AMIENTO A ESCUELAS.<\/strong><\/pre>\n<p>Alumnos del IES, para inscribirte y participar del voluntariado realizar un clic en el siguiente link:<\/p>\n<p><a href=\"https:\/\/forms.gle\/7Au6dHit37kLbK8r8\">https:\/\/forms.gle\/7Au6dHit37kLbK8r8<\/a><\/p>\n<p>&nbsp;<\/p>\n<table style=\"height: 1049px;\" border=\"0\" width=\"479\" frame=\"above\">\n<tbody>\n<tr>\n<td style=\"text-align: justify;\">\n<h4 style=\"text-align: center;\"><span style=\"color: #000080;\">VOLUNTARIADO DE ACOMPA\u00d1AMIENTO A ESCUELAS \u00a0<img decoding=\"async\" loading=\"lazy\" class=\"wp-image-1659 alignright\" src=\"https:\/\/ies9027-infd.mendoza.edu.ar\/sitio\/wp-content\/uploads\/2019\/05\/logo-voluntariado-1.png\" alt=\"\" width=\"320\" height=\"324\" \/><\/span><\/h4>\n<h5 style=\"text-align: left;\"><strong>En esta oportunidad les pedimos que completen el siguiente formulario, para realizar <\/strong><strong>voluntariados<\/strong><strong> en <\/strong><strong>nivel inicial<\/strong><strong> o <\/strong><strong>primario<\/strong><strong> de escuelas asociadas y en aquellas instituciones que forman parte del programa nacional Escuelas Faro pertenecientes al departamento de Guaymall\u00e9n.\u00a0<\/strong><\/h5>\n<h5 style=\"text-align: left;\"><strong>La asistencia es de tres veces por semana en el turno que ustedes consideren adecuado. El cumplimiento es de 3 horas reloj por d\u00eda, durante un mes.<\/strong><\/h5>\n<h5><strong>Esperamos poder contar con vuestra presencia, en esta importante instancia de colaboraci\u00f3n interinstitucional y de formaci\u00f3n para cada uno de ustedes. La actividad ser\u00e1 certificada y otorgar\u00e1 cr\u00e9ditos para los espacios de pr\u00e1ctica profesional docente.<\/strong><\/h5>\n<p>&nbsp;<\/td>\n<\/tr>\n<tr>\n<td style=\"text-align: justify;\"><\/td>\n<\/tr>\n<tr>\n<td style=\"text-align: justify;\">\n<hr \/>\n<\/td>\n<\/tr>\n<\/tbody>\n<\/table>\n<p><!--more--><\/p>\n<p><!--more--><\/p>\n<p>&nbsp;<\/p>\n<p><strong style=\"color: #ffffff; text-align: center; background-color: #2020ab;\"><span style=\"font-size: 10pt; font-family: arial, helvetica, sans-serif;\">\u00a0<\/span><\/strong><\/p>\n","protected":false},"excerpt":{"rendered":"<p>ACOMPA\u00d1AMIENTO A ESCUELAS. Alumnos del IES, para inscribirte y participar del voluntariado realizar un clic en el siguiente link: https:\/\/forms.gle\/7Au6dHit37kLbK8r8 &nbsp; VOLUNTARIADO DE ACOMPA\u00d1AMIENTO A ESCUELAS \u00a0 En esta oportunidad les pedimos que completen el siguiente formulario, para realizar voluntariados en nivel inicial o primario de escuelas asociadas y en aquellas instituciones que forman parte &#8230; <a title=\"Secci\u00f3n alumno\" class=\"read-more\" href=\"https:\/\/ies9027-infd.mendoza.edu.ar\/sitio\/seccion-alumno\/\" aria-label=\"More on Secci\u00f3n alumno\">[+]<\/a><\/p>\n","protected":false},"author":58,"featured_media":0,"parent":0,"menu_order":0,"comment_status":"closed","ping_status":"closed","template":"","meta":[],"acf":[],"_links":{"self":[{"href":"https:\/\/ies9027-infd.mendoza.edu.ar\/sitio\/wp-json\/wp\/v2\/pages\/1200"}],"collection":[{"href":"https:\/\/ies9027-infd.mendoza.edu.ar\/sitio\/wp-json\/wp\/v2\/pages"}],"about":[{"href":"https:\/\/ies9027-infd.mendoza.edu.ar\/sitio\/wp-json\/wp\/v2\/types\/page"}],"author":[{"embeddable":true,"href":"https:\/\/ies9027-infd.mendoza.edu.ar\/sitio\/wp-json\/wp\/v2\/users\/58"}],"replies":[{"embeddable":true,"href":"https:\/\/ies9027-infd.mendoza.edu.ar\/sitio\/wp-json\/wp\/v2\/comments?post=1200"}],"version-history":[{"count":56,"href":"https:\/\/ies9027-infd.mendoza.edu.ar\/sitio\/wp-json\/wp\/v2\/pages\/1200\/revisions"}],"predecessor-version":[{"id":2478,"href":"https:\/\/ies9027-infd.mendoza.edu.ar\/sitio\/wp-json\/wp\/v2\/pages\/1200\/revisions\/2478"}],"wp:attachment":[{"href":"https:\/\/ies9027-infd.mendoza.edu.ar\/sitio\/wp-json\/wp\/v2\/media?parent=1200"}],"curies":[{"name":"wp","href":"https:\/\/api.w.org\/{rel}","templated":true}]}}