{"id":1193,"date":"2018-08-31T14:31:38","date_gmt":"2018-08-31T17:31:38","guid":{"rendered":"https:\/\/ies9027-mza.infd.edu.ar\/sitio\/tecnicatura-superior-en-transporte-ferroviario\/"},"modified":"2026-03-19T13:50:14","modified_gmt":"2026-03-19T16:50:14","slug":"tecnicatura-superior-en-transporte-ferroviario","status":"publish","type":"page","link":"https:\/\/ies9027-infd.mendoza.edu.ar\/sitio\/tecnicatura-superior-en-transporte-ferroviario\/","title":{"rendered":"Tecnicatura Superior en Transporte Ferroviario"},"content":{"rendered":"<p><img decoding=\"async\" loading=\"lazy\" class=\"alignnone  wp-image-1613\" src=\"https:\/\/ies9027-infd.mendoza.edu.ar\/sitio\/wp-content\/uploads\/2019\/04\/TREN.png\" alt=\"\" width=\"302\" height=\"135\" \/><\/p>\n<h5><strong data-rich-text-format-boundary=\"true\">Ficha de inscripci\u00f3n <\/strong><a href=\"https:\/\/ies9027-infd.mendoza.edu.ar\/sitio\/wp-content\/uploads\/2026\/03\/ficha-de-reinscripcion-TSTF.docx\"><strong data-rich-text-format-boundary=\"true\"><img decoding=\"async\" loading=\"lazy\" class=\"wp-image-3619 alignnone\" src=\"https:\/\/ies9027-infd.mendoza.edu.ar\/sitio\/wp-content\/uploads\/2022\/03\/boton-1000x279.png\" alt=\"\" width=\"143\" height=\"40\" srcset=\"https:\/\/ies9027-infd.mendoza.edu.ar\/sitio\/wp-content\/uploads\/2022\/03\/boton-1000x279.png 1000w, https:\/\/ies9027-infd.mendoza.edu.ar\/sitio\/wp-content\/uploads\/2022\/03\/boton-768x214.png 768w, https:\/\/ies9027-infd.mendoza.edu.ar\/sitio\/wp-content\/uploads\/2022\/03\/boton.png 1263w\" sizes=\"(max-width: 143px) 100vw, 143px\" \/><\/strong><\/a><\/h5>\n<p><span style=\"font-family: arial, helvetica, sans-serif; font-size: 12pt;\"><strong>I-ESPECIFICACIONES<\/strong><\/span><\/p>\n<p><span style=\"font-family: arial, helvetica, sans-serif; font-size: 10pt;\"><strong><span style=\"text-decoration: underline;\">NOMBRE DE LA CARRERA<\/span><\/strong>: Tecnicatura Superior en Transporte Ferroviario<\/span><\/p>\n<p><span style=\"font-family: arial, helvetica, sans-serif; font-size: 10pt;\"><strong><span style=\"text-decoration: underline;\">TITULOS QUE OTORGA:<\/span><\/strong><\/span><\/p>\n<p><span style=\"font-family: arial, helvetica, sans-serif; font-size: 10pt;\">Tecnico Superior en Transporte Ferroviario con Orientaci\u00f3n en Veh\u00edculos Tractivos y Remolcados.<\/span><\/p>\n<p><span style=\"font-family: arial, helvetica, sans-serif; font-size: 10pt;\">Tecnico Superior en Transporte Ferroviario con Orientaci\u00f3n en V\u00edas, Obras y Se\u00f1alamiento.<\/span><\/p>\n<p><span style=\"font-family: arial, helvetica, sans-serif; font-size: 10pt;\">Tecnico Superior en Transporte Ferroviario con Orientaci\u00f3n en Log\u00edstica.<\/span><\/p>\n<p><span style=\"font-family: arial, helvetica, sans-serif; font-size: 10pt;\"><strong><span style=\"text-decoration: underline;\">MODALIDAD:<\/span><\/strong> Presencial<\/span><\/p>\n<p><span style=\"font-family: arial, helvetica, sans-serif; font-size: 10pt;\"><strong><span style=\"text-decoration: underline;\">DURACION DE LA CARRERA<\/span><\/strong>: 3 A\u00f1os<\/span><\/p>\n<p><span style=\"font-family: arial, helvetica, sans-serif; font-size: 10pt;\"><strong>\u00a0<\/strong><\/span><\/p>\n<p><span style=\"font-family: arial, helvetica, sans-serif; font-size: 12pt;\"><strong>II- PERFIL PROFESIONAL:<\/strong><\/span><\/p>\n<p><span style=\"font-family: arial, helvetica, sans-serif; font-size: 10pt;\">a. Competencias generales seg\u00fan orientaci\u00f3n<\/span><\/p>\n<p><span style=\"font-family: arial, helvetica, sans-serif; font-size: 10pt;\"><strong>El T\u00e9cnico Superior en Transporte Ferroviario con Orientaci\u00f3n en Veh\u00edculos Tractivos y Remolcados<\/strong> es un profesional capacitado para desarrollar en forma dependiente o independiente el diagn\u00f3stico de veh\u00edculos tractivos y remolcados, de v\u00edas y obras ferroviarias y su se\u00f1alamiento, brindando soporte en cuanto a presupuestaci\u00f3n de componentes, maquinas, materiales, servicios de transporte. Ejecuta el mantenimiento predictivo, preventivo, correctivo, proactivo y de mejora de veh\u00edculos tractivos y remolcados, colaborando en la gesti\u00f3n de construcci6n, asistiendo a los niveles superiores de empresas vinculadas con los servicios ferroviarios. Como mando medio act\u00faa coordinando y supervisando, constituye el nexo entre la oficina t\u00e9cnica y las \u00e1reas operativas y de producci\u00f3n, analiza y controla indicadores, colabora en la administraci\u00f3n y ejecuci6n de proyectos de desarrollo y en la interpretaci6ny ejecuci\u00f3n de pianos de infraestructura, prestando y estructurando servicios a partir del trabajo en equipo en organismos p\u00fablicos y privados.<\/span><\/p>\n<p style=\"text-align: justify;\"><span style=\"font-family: arial, helvetica, sans-serif; font-size: 10pt;\"><strong>El T\u00e9cnico Superior en Transporte Ferroviario con Orientaci\u00f3n en V\u00edas, Obras y Se\u00f1alamiento<\/strong> es un profesional capacitado para desarrollar en forma dependiente o independiente el diagnostico de v\u00edas y obras ferroviarias y su se\u00f1alamiento y de veh\u00edculos tractivos y remolcados, brindando soporte en cuanto a presupuestario de componentes, maquinas, materiales, servicios de transporte. Ejecuta sistemas de trabajo y tecnolog\u00edas para la construcci\u00f3n, el mantenimiento predictivo, preventivo, correctivo, proactivo y de mejora de v\u00edas y obras ferroviarias y su se\u00f1alamiento, colaborando en la gesti\u00f3n de construcci\u00f3n, asistiendo a los niveles superiores de empresas vinculadas con los servicios ferroviarios. Como mando medio act\u00faa coordinando y supervisando, constituye el nexo entre la oficina t\u00e9cnica y las \u00e1reas operativas y de producci\u00f3n, analiza y controla indicadores, colabora en la administraci\u00f3n y ejecuci\u00f3n de planes de obra y\/o ampliaciones y en la interpretaci\u00f3n y ejecuci\u00f3n de pianos de v\u00edas y obras, prestando y estructurando servicios a partir del trabajo en equipo en organismos p\u00fablicos y privados.<\/span><\/p>\n<p style=\"text-align: justify;\"><span style=\"font-family: arial, helvetica, sans-serif; font-size: 10pt;\">\u00a0<\/span><\/p>\n<p style=\"text-align: justify;\"><span style=\"font-family: arial, helvetica, sans-serif; font-size: 10pt;\"><strong>El T\u00e9cnico Superior en Transporte Ferroviario con Orientaci\u00f3n en Log\u00edstica<\/strong> es un profesional capacitado para desarrollar en forma dependiente o independiente el diagnostico de veh\u00edculos tractivos y remolcados, de v\u00edas y obras ferroviarias y su se\u00f1alamiento, brindando soporte en cuanto a presupuestaci\u00f3n de componentes, maquinas, materiales, servicios de transporte. Como mando medio gestiona la fluidez de los medios de transportes, estructuras f\u00edsicas e instalaciones espec\u00edficas, el parque y las condiciones de veh\u00edculos de movimiento de cargas vinculadas a la log\u00edstica. Colabora en la gesti\u00f3n de redise\u00f1os, mantenimiento, operaci\u00f3n, selecci\u00f3n de equipamiento y compra de los mismos asistiendo a los niveles superiores de empresas vinculadas con los servicios de log\u00edsticas ferroviarios, multimodales y tranviarios de acuerdo al contexto y la demanda de las necesidades de desarrollo territorial y local, econ6mico y social, con prospectiva nacional y provincial. Coordinara sistemas de actividades log\u00edsticas, observando y comunicando las posibles modificaciones e innovaciones tecnol\u00f3gicas en procesos y equipos. Constituye el nexo entre la oficina comercial y las \u00e1reas operativas y de producci6n asumiendo supervisi\u00f3n directa, parcial o total de \u00e1reas concretas, en relaci\u00f3n con niveles superiores y a partir del trabajo en equipo en organismos p\u00fablicos y privados.<\/span><\/p>\n<p style=\"text-align: justify;\"><span style=\"font-family: arial, helvetica, sans-serif; font-size: 10pt;\">\u00a0<\/span><\/p>\n<p style=\"text-align: justify;\"><span style=\"font-family: arial, helvetica, sans-serif; font-size: 10pt;\"><strong>b. \u00c1reas de Competencias<\/strong><\/span><\/p>\n<p style=\"text-align: justify;\"><strong><span style=\"font-family: arial, helvetica, sans-serif; font-size: 10pt;\">CICLO BASICO COMUN<\/span><\/strong><\/p>\n<p style=\"text-align: justify;\"><span style=\"font-family: arial, helvetica, sans-serif; font-size: 10pt;\">El T\u00e9cnico Superior en Transporte Ferroviario ser\u00e1 capaz de:<\/span><\/p>\n<p style=\"text-align: justify;\"><span style=\"font-family: arial, helvetica, sans-serif; font-size: 10pt;\">1. Diagnosticar el funcionamiento de veh\u00edculos ferroviarios tractivos y remolcados, de acuerdo a las normas de seguridad e higiene vigentes en el sector.<\/span><\/p>\n<p style=\"text-align: justify;\"><span style=\"font-family: arial, helvetica, sans-serif; font-size: 10pt;\">2. Monitorear el estado de la v\u00eda, obras y el se\u00f1alamiento ferroviario, diagnosticando las falencias de dispositivos y del trazado f\u00e9rreo, ferroviario y tranviario, sujeto a su conservaci\u00f3n, reparaci\u00f3n, construcci\u00f3n o reconstrucci6n, siguiendo pautas y normativas t\u00e9cnicas vigentes.<\/span><\/p>\n<p style=\"text-align: justify;\"><span style=\"font-family: arial, helvetica, sans-serif; font-size: 10pt;\">3. Gestionar la log\u00edstica ferroviaria brindando soporte a todas las \u00e1reas en cuanto a presupuestaci\u00f3n de componentes, m\u00e1quinas de cargas, materiales de acondicionamiento, servicios de transportes; generando panel de proveedores y participando en el equipo de trabajo para la subcontrataci\u00f3n de mano de obra y medios t\u00e9cnicos.<\/span><\/p>\n<p style=\"text-align: justify;\"><span style=\"font-family: arial, helvetica, sans-serif; font-size: 10pt;\">4. Supervisar la actividad de PCC (Puesto de Control Central) seg\u00fan las pautas de calidad y seguridad vigentes en el sector, teniendo en cuenta los procedimientos legales y reglamentarios establecidos.<\/span><\/p>\n\n\n<p><\/p>\n","protected":false},"excerpt":{"rendered":"<p>Ficha de inscripci\u00f3n I-ESPECIFICACIONES NOMBRE DE LA CARRERA: Tecnicatura Superior en Transporte Ferroviario TITULOS QUE OTORGA: Tecnico Superior en Transporte Ferroviario con Orientaci\u00f3n en Veh\u00edculos Tractivos y Remolcados. Tecnico Superior en Transporte Ferroviario con Orientaci\u00f3n en V\u00edas, Obras y Se\u00f1alamiento. Tecnico Superior en Transporte Ferroviario con Orientaci\u00f3n en Log\u00edstica. MODALIDAD: Presencial DURACION DE LA CARRERA: &#8230; <a title=\"Tecnicatura Superior en Transporte Ferroviario\" class=\"read-more\" href=\"https:\/\/ies9027-infd.mendoza.edu.ar\/sitio\/tecnicatura-superior-en-transporte-ferroviario\/\" aria-label=\"More on Tecnicatura Superior en Transporte Ferroviario\">[+]<\/a><\/p>\n","protected":false},"author":58,"featured_media":0,"parent":0,"menu_order":0,"comment_status":"closed","ping_status":"closed","template":"","meta":[],"acf":[],"_links":{"self":[{"href":"https:\/\/ies9027-infd.mendoza.edu.ar\/sitio\/wp-json\/wp\/v2\/pages\/1193"}],"collection":[{"href":"https:\/\/ies9027-infd.mendoza.edu.ar\/sitio\/wp-json\/wp\/v2\/pages"}],"about":[{"href":"https:\/\/ies9027-infd.mendoza.edu.ar\/sitio\/wp-json\/wp\/v2\/types\/page"}],"author":[{"embeddable":true,"href":"https:\/\/ies9027-infd.mendoza.edu.ar\/sitio\/wp-json\/wp\/v2\/users\/58"}],"replies":[{"embeddable":true,"href":"https:\/\/ies9027-infd.mendoza.edu.ar\/sitio\/wp-json\/wp\/v2\/comments?post=1193"}],"version-history":[{"count":19,"href":"https:\/\/ies9027-infd.mendoza.edu.ar\/sitio\/wp-json\/wp\/v2\/pages\/1193\/revisions"}],"predecessor-version":[{"id":6855,"href":"https:\/\/ies9027-infd.mendoza.edu.ar\/sitio\/wp-json\/wp\/v2\/pages\/1193\/revisions\/6855"}],"wp:attachment":[{"href":"https:\/\/ies9027-infd.mendoza.edu.ar\/sitio\/wp-json\/wp\/v2\/media?parent=1193"}],"curies":[{"name":"wp","href":"https:\/\/api.w.org\/{rel}","templated":true}]}}