{"id":1189,"date":"2018-08-31T14:31:36","date_gmt":"2018-08-31T17:31:36","guid":{"rendered":"https:\/\/ies9027-mza.infd.edu.ar\/sitio\/profesorado-de-educacion-primaria\/"},"modified":"2026-03-19T13:44:08","modified_gmt":"2026-03-19T16:44:08","slug":"profesorado-de-educacion-primaria","status":"publish","type":"page","link":"https:\/\/ies9027-infd.mendoza.edu.ar\/sitio\/profesorado-de-educacion-primaria\/","title":{"rendered":"Profesorado de Educaci\u00f3n Primaria"},"content":{"rendered":"\n<p><span class=\"has-inline-color has-vivid-red-color\"><\/span><\/p>\n\n\n<p><a title=\"ficha de reinscripci\u00f3n PEI\" href=\"upload\/ficha_de_reinscripcion_PEI.pdf\" target=\"_blank\" rel=\"noopener\"><img decoding=\"async\" loading=\"lazy\" style=\"color: #000000;\" src=\"https:\/\/educarparaelcambio.files.wordpress.com\/2014\/01\/lapices-de-colores-2.jpg\" width=\"778\" height=\"61\" border=\"0\" \/><\/a><\/p>\n<h5><strong data-rich-text-format-boundary=\"true\">Ficha de inscripci\u00f3n ciclo lectivo 2026 para alumnos de 1\u00b0 a\u00f1o \u00a0 <\/strong><a href=\"https:\/\/ies9027-infd.mendoza.edu.ar\/sitio\/wp-content\/uploads\/2026\/03\/ficha-de-ingreso-IES-1.docx\"><strong data-rich-text-format-boundary=\"true\"><img decoding=\"async\" loading=\"lazy\" class=\"wp-image-3619 alignnone\" src=\"https:\/\/ies9027-infd.mendoza.edu.ar\/sitio\/wp-content\/uploads\/2022\/03\/boton-1000x279.png\" alt=\"\" width=\"143\" height=\"40\" srcset=\"https:\/\/ies9027-infd.mendoza.edu.ar\/sitio\/wp-content\/uploads\/2022\/03\/boton-1000x279.png 1000w, https:\/\/ies9027-infd.mendoza.edu.ar\/sitio\/wp-content\/uploads\/2022\/03\/boton-768x214.png 768w, https:\/\/ies9027-infd.mendoza.edu.ar\/sitio\/wp-content\/uploads\/2022\/03\/boton.png 1263w\" sizes=\"(max-width: 143px) 100vw, 143px\" \/><\/strong><\/a><\/h5>\n<h5><strong data-rich-text-format-boundary=\"true\">Ficha de inscripci\u00f3n\u00a0 <\/strong><a href=\"https:\/\/ies9027-infd.mendoza.edu.ar\/sitio\/wp-content\/uploads\/2026\/03\/ficha-de-reinscripcion-PEP.docx\"><strong data-rich-text-format-boundary=\"true\"><img decoding=\"async\" loading=\"lazy\" class=\"wp-image-3619 alignnone\" src=\"https:\/\/ies9027-infd.mendoza.edu.ar\/sitio\/wp-content\/uploads\/2022\/03\/boton-1000x279.png\" alt=\"\" width=\"143\" height=\"40\" srcset=\"https:\/\/ies9027-infd.mendoza.edu.ar\/sitio\/wp-content\/uploads\/2022\/03\/boton-1000x279.png 1000w, https:\/\/ies9027-infd.mendoza.edu.ar\/sitio\/wp-content\/uploads\/2022\/03\/boton-768x214.png 768w, https:\/\/ies9027-infd.mendoza.edu.ar\/sitio\/wp-content\/uploads\/2022\/03\/boton.png 1263w\" sizes=\"(max-width: 143px) 100vw, 143px\" \/><\/strong><\/a><\/h5>\n<p class=\"Texto_arial\"><strong style=\"font-family: arial, helvetica, sans-serif; font-size: 10pt;\">ESPECIFICACIONES<\/strong><\/p>\n<p><strong style=\"font-family: arial, helvetica, sans-serif; font-size: 10pt;\"><span style=\"text-decoration: underline;\">Denominaci\u00f3n de la Carrera: <\/span><\/strong><span style=\"font-family: arial, helvetica, sans-serif; font-size: 10pt;\">Profesorado de Educaci\u00f3n Primaria<\/span><\/p>\n<p><span style=\"font-family: arial, helvetica, sans-serif; font-size: 10pt;\"><strong><span style=\"text-decoration: underline;\">T\u00edtulo a otorgar: <\/span><\/strong>Profesor\/a de Educaci\u00f3n Primaria<\/span><\/p>\n<p><span style=\"font-family: arial, helvetica, sans-serif; font-size: 10pt;\"><strong><span style=\"text-decoration: underline;\">Duraci\u00f3n de la Carrera: <\/span><\/strong>4 a\u00f1os<\/span><\/p>\n<p><span style=\"font-family: arial, helvetica, sans-serif; font-size: 10pt;\"> <a href=\"https:\/\/ies9027-infd.mendoza.edu.ar\/sitio\/wp-content\/uploads\/2026\/03\/1.RESOL-2023-7665-GDEMZA-DGE-Profesorado-de-Educacion-Primaria-nov23.pdf\">RESL-2023-7665-E-GDEMZA-DGE<\/a><\/span><\/p>\n<p><span style=\"font-family: arial, helvetica, sans-serif; font-size: 12pt;\"><strong style=\"font-family: arial, helvetica, sans-serif; font-size: 10pt;\"><span style=\"text-decoration: underline;\">II- PERFIL DEL EGRESADO<\/span><\/strong><\/span><\/p>\n<p style=\"text-align: justify;\"><span style=\"font-family: arial, helvetica, sans-serif; font-size: 10pt;\">Uno de los desaf\u00edos que se presenta hoy en torno a la formaci\u00f3n docente inicial es la necesidad y posibilidad de resignificar la profesi\u00f3n docente, volver a pensarla y concebirla, revisarla de manera de garantizar desempe\u00f1os adecuados en diferentes contextos y en atenci\u00f3n a sujetos singulares y pr\u00e1cticas sociales y culturales diversas que nos presenta el pr\u00f3ximo decenio.<\/span><\/p>\n<p style=\"text-align: justify;\"><span style=\"font-family: arial, helvetica, sans-serif; font-size: 10pt;\">El docente que se quiere formar a trav\u00e9s de este nuevo Dise\u00f1o Curricular recupera los acuerdos federales\u00a0plasmados en los Lineamientos Curriculares Nacionales que plantean la docencia como pr\u00e1ctica de\u00a0mediaci\u00f3n cultural reflexiva y cr\u00edtica, como trabajo profesional institucionalizado y como pr\u00e1ctica pedag\u00f3gica\u00a0y tambi\u00e9n las voces de los docentes formadores de los ISFD y de los docentes del sistema que aportaron con\u00a0su experiencia a definir el perfil del docente deseado.<\/span><\/p>\n<p style=\"text-align: justify;\"><span style=\"font-family: arial, helvetica, sans-serif; font-size: 10pt;\">Por un parte, se concibe la docencia como pr\u00e1ctica de mediaci\u00f3n cultural reflexiva y cr\u00edtica, caracterizada\u00a0por la capacidad para contextualizar las intervenciones de ense\u00f1anza en pos de encontrar diferentes\u00a0y mejores formas de posibilitar los aprendizajes de los\/as alumnos\/as y apoyar procesos democr\u00e1ticos en\u00a0el interior de las instituciones educativas y de las aulas, a partir de ideales de justicia y del logro de\u00a0mejores y m\u00e1s dignas condiciones de vida para todos los\/as alumnos\/as.<\/span><\/p>\n<p style=\"text-align: justify;\"><span style=\"font-family: arial, helvetica, sans-serif; font-size: 10pt;\">Por otra parte, la docencia es un trabajo profesional institucionalizado, que se lleva a cabo en las instituciones educativas, en el marco de la construcci\u00f3n colectiva de intereses p\u00fablicos, de significados y aspiraciones compartidas y del derecho social a la educaci\u00f3n.<\/span><\/p>\n<p style=\"text-align: justify;\"><span style=\"font-family: arial, helvetica, sans-serif; font-size: 10pt;\">Ello implica la necesaria autonom\u00eda y responsabilidad profesional para la genuina toma personal de decisiones para ense\u00f1ar, como una actividad comprometida, simbolizante, enriquecedora, y para construir espacios de trabajo compartido y colaborativo en las instituciones escolares en las que el trabajo del equipo docente pueda primar por sobre el trabajo individual y aislado.<\/span><\/p>\n<p style=\"text-align: justify;\"><span style=\"font-family: arial, helvetica, sans-serif; font-size: 10pt;\">Esto exige integrarse con facilidad en equipos, grupos de pares, con el fin de reflexionar sobre el aprendizaje, nuevos modelos did\u00e1cticos y problem\u00e1ticas compartidas, para superarlas en forma creativa y colectiva.<\/span><\/p>\n<p style=\"text-align: justify;\"><span style=\"font-family: arial, helvetica, sans-serif; font-size: 10pt;\">Requiere, asimismo, del ejercicio de la autoridad pedag\u00f3gica, no como autoridad formal, sino como profesional reconocido y legitimado por su responsabilidad en la ense\u00f1anza y por sus propuestas educativas.<\/span><\/p>\n<p style=\"text-align: justify;\"><span style=\"font-family: arial, helvetica, sans-serif; font-size: 10pt;\">Adem\u00e1s la docencia es tambi\u00e9n una pr\u00e1ctica pedag\u00f3gica construida a partir de la transmisi\u00f3n de conocimientos y de las formas apropiadas para ponerlos a disposici\u00f3n de sus alumnos\/as y que toma a la diversidad como contexto. Ello implica la capacidad de analizar la pr\u00e1ctica cotidiana incorporando las dimensiones siempre particulares del contexto de la pr\u00e1ctica, tanto en el nivel organizacional como en el aula, en vistas a la mejora continua de la ense\u00f1anza.<\/span><\/p>\n<p style=\"text-align: justify;\"><span style=\"font-family: arial, helvetica, sans-serif; font-size: 10pt;\">Estas pr\u00e1cticas requieren interrogarse acerca de la contextualizaci\u00f3n de los principios generales de la ense\u00f1anza en los espacios locales de su realizaci\u00f3n.<\/span><\/p>\n<p style=\"text-align: justify;\"><span style=\"font-family: arial, helvetica, sans-serif; font-size: 10pt;\">Se aspira a formar un\/a profesor\/a para el Nivel Primario que sea a la vez persona comprometida, mediador\/a intercultural, animador\/a de una comunidad educativa, garante de la Ley y organizador\/a de una vida democr\u00e1tica, intelectual y conductor cultural.<\/span><\/p>\n\n\n<p><\/p>\n","protected":false},"excerpt":{"rendered":"<p>Ficha de inscripci\u00f3n ciclo lectivo 2026 para alumnos de 1\u00b0 a\u00f1o \u00a0 Ficha de inscripci\u00f3n\u00a0 ESPECIFICACIONES Denominaci\u00f3n de la Carrera: Profesorado de Educaci\u00f3n Primaria T\u00edtulo a otorgar: Profesor\/a de Educaci\u00f3n Primaria Duraci\u00f3n de la Carrera: 4 a\u00f1os RESL-2023-7665-E-GDEMZA-DGE II- PERFIL DEL EGRESADO Uno de los desaf\u00edos que se presenta hoy en torno a la formaci\u00f3n &#8230; <a title=\"Profesorado de Educaci\u00f3n Primaria\" class=\"read-more\" href=\"https:\/\/ies9027-infd.mendoza.edu.ar\/sitio\/profesorado-de-educacion-primaria\/\" aria-label=\"More on Profesorado de Educaci\u00f3n Primaria\">[+]<\/a><\/p>\n","protected":false},"author":58,"featured_media":0,"parent":0,"menu_order":0,"comment_status":"closed","ping_status":"closed","template":"","meta":[],"acf":[],"_links":{"self":[{"href":"https:\/\/ies9027-infd.mendoza.edu.ar\/sitio\/wp-json\/wp\/v2\/pages\/1189"}],"collection":[{"href":"https:\/\/ies9027-infd.mendoza.edu.ar\/sitio\/wp-json\/wp\/v2\/pages"}],"about":[{"href":"https:\/\/ies9027-infd.mendoza.edu.ar\/sitio\/wp-json\/wp\/v2\/types\/page"}],"author":[{"embeddable":true,"href":"https:\/\/ies9027-infd.mendoza.edu.ar\/sitio\/wp-json\/wp\/v2\/users\/58"}],"replies":[{"embeddable":true,"href":"https:\/\/ies9027-infd.mendoza.edu.ar\/sitio\/wp-json\/wp\/v2\/comments?post=1189"}],"version-history":[{"count":33,"href":"https:\/\/ies9027-infd.mendoza.edu.ar\/sitio\/wp-json\/wp\/v2\/pages\/1189\/revisions"}],"predecessor-version":[{"id":6851,"href":"https:\/\/ies9027-infd.mendoza.edu.ar\/sitio\/wp-json\/wp\/v2\/pages\/1189\/revisions\/6851"}],"wp:attachment":[{"href":"https:\/\/ies9027-infd.mendoza.edu.ar\/sitio\/wp-json\/wp\/v2\/media?parent=1189"}],"curies":[{"name":"wp","href":"https:\/\/api.w.org\/{rel}","templated":true}]}}