{"id":1187,"date":"2018-08-31T14:31:36","date_gmt":"2018-08-31T17:31:36","guid":{"rendered":"https:\/\/ies9027-mza.infd.edu.ar\/sitio\/el-instituto\/"},"modified":"2022-07-08T21:22:40","modified_gmt":"2022-07-09T00:22:40","slug":"el-instituto","status":"publish","type":"page","link":"https:\/\/ies9027-infd.mendoza.edu.ar\/sitio\/el-instituto\/","title":{"rendered":"El Instituto"},"content":{"rendered":"<h5 style=\"text-align: left;\"><img decoding=\"async\" loading=\"lazy\" class=\"alignnone size-full wp-image-1095\" src=\"https:\/\/ies9027-infd.mendoza.edu.ar\/sitio\/wp-content\/uploads\/2018\/08\/marca_ies-1.png\" alt=\"\" width=\"140\" height=\"113\" \/><\/h5>\n<p style=\"text-align: justify;\"><span style=\"font-size: 10pt; font-family: arial, helvetica, sans-serif;\">El\u00a0\u00a0<strong> Instituto 9-027,<\/strong>\u00a0 en la actualidad, se constituye en \u00a0una \u00a0 oferta\u00a0\u00a0 p\u00fablica y gratuita\u00a0 de\u00a0\u00a0 Educaci\u00f3n\u00a0\u00a0 Superior\u00a0 en\u00a0\u00a0 el departamento\u00a0 de\u00a0 Guaymall\u00e9n y\u00a0\u00a0\u00a0 brinda\u00a0 a\u00a0\u00a0 la\u00a0\u00a0 poblaci\u00f3n\u00a0\u00a0 la\u00a0 oferta\u00a0 educativa\u00a0 en\u00a0\u00a0 las\u00a0\u00a0 siguientes carreras:<\/span><\/p>\n<ul>\n<li>\n<h6><a href=\"https:\/\/ies9027-infd.mendoza.edu.ar\/sitio\/profesorado-de-educacion-primaria\/\"><strong>Profesorado de Educaci\u00f3n Primaria<\/strong><\/a><\/h6>\n<\/li>\n<li>\n<h6><strong><a href=\"https:\/\/ies9027-infd.mendoza.edu.ar\/sitio\/profesorado-de-educacion-inicial\/\">Profesorado en Educaci\u00f3n Incial<\/a><\/strong><\/h6>\n<\/li>\n<li>\n<h6><strong><a href=\"https:\/\/ies9027-infd.mendoza.edu.ar\/sitio\/profesorado-de-ingles\/\">Profesorado de Ingl\u00e9s<\/a><\/strong><\/h6>\n<\/li>\n<li>\n<h6><strong><a href=\"https:\/\/ies9027-infd.mendoza.edu.ar\/sitio\/tecnicatura-superior-en-transporte-ferroviario\/\">Tecnicatura Superior en Transporte Ferroviario<\/a><\/strong><\/h6>\n<\/li>\n<\/ul>\n<h6><span style=\"font-family: arial, helvetica, sans-serif; font-size: 10pt; text-align: justify;\">Al mismo concurren\u00a0 estudiantes\u00a0 de\u00a0 \u00a0distintos\u00a0 or\u00edgenes sociales y de diversa procedencia departamental, siendo en su amplia mayor\u00eda del Departamento de Guaymall\u00e9n. Esta oportunidad educativa es para muchos la primera vez que a nivel familiar se acceder a estudios superiores.<\/span><\/h6>\n\n\n<p><\/p>\n","protected":false},"excerpt":{"rendered":"<p>El\u00a0\u00a0 Instituto 9-027,\u00a0 en la actualidad, se constituye en \u00a0una \u00a0 oferta\u00a0\u00a0 p\u00fablica y gratuita\u00a0 de\u00a0\u00a0 Educaci\u00f3n\u00a0\u00a0 Superior\u00a0 en\u00a0\u00a0 el departamento\u00a0 de\u00a0 Guaymall\u00e9n y\u00a0\u00a0\u00a0 brinda\u00a0 a\u00a0\u00a0 la\u00a0\u00a0 poblaci\u00f3n\u00a0\u00a0 la\u00a0 oferta\u00a0 educativa\u00a0 en\u00a0\u00a0 las\u00a0\u00a0 siguientes carreras: Profesorado de Educaci\u00f3n Primaria Profesorado en Educaci\u00f3n Incial Profesorado de Ingl\u00e9s Tecnicatura Superior en Transporte Ferroviario Al mismo concurren\u00a0 estudiantes\u00a0 &#8230; <a title=\"El Instituto\" class=\"read-more\" href=\"https:\/\/ies9027-infd.mendoza.edu.ar\/sitio\/el-instituto\/\" aria-label=\"More on El Instituto\">[+]<\/a><\/p>\n","protected":false},"author":58,"featured_media":0,"parent":0,"menu_order":0,"comment_status":"closed","ping_status":"closed","template":"","meta":[],"acf":[],"_links":{"self":[{"href":"https:\/\/ies9027-infd.mendoza.edu.ar\/sitio\/wp-json\/wp\/v2\/pages\/1187"}],"collection":[{"href":"https:\/\/ies9027-infd.mendoza.edu.ar\/sitio\/wp-json\/wp\/v2\/pages"}],"about":[{"href":"https:\/\/ies9027-infd.mendoza.edu.ar\/sitio\/wp-json\/wp\/v2\/types\/page"}],"author":[{"embeddable":true,"href":"https:\/\/ies9027-infd.mendoza.edu.ar\/sitio\/wp-json\/wp\/v2\/users\/58"}],"replies":[{"embeddable":true,"href":"https:\/\/ies9027-infd.mendoza.edu.ar\/sitio\/wp-json\/wp\/v2\/comments?post=1187"}],"version-history":[{"count":10,"href":"https:\/\/ies9027-infd.mendoza.edu.ar\/sitio\/wp-json\/wp\/v2\/pages\/1187\/revisions"}],"predecessor-version":[{"id":4322,"href":"https:\/\/ies9027-infd.mendoza.edu.ar\/sitio\/wp-json\/wp\/v2\/pages\/1187\/revisions\/4322"}],"wp:attachment":[{"href":"https:\/\/ies9027-infd.mendoza.edu.ar\/sitio\/wp-json\/wp\/v2\/media?parent=1187"}],"curies":[{"name":"wp","href":"https:\/\/api.w.org\/{rel}","templated":true}]}}